{"id":356773,"date":"2024-08-14T13:11:09","date_gmt":"2024-08-14T12:21:05","guid":{"rendered":"https:\/\/www.moskito.cz\/produkt\/couteau-fixe-muela-sherpa-18c\/"},"modified":"2025-05-07T11:23:23","modified_gmt":"2025-05-07T10:23:23","slug":"couteau-fixe-muela-sherpa-18c","status":"publish","type":"product","link":"https:\/\/www.moskito.cz\/fr\/produkt\/couteau-fixe-muela-sherpa-18c\/","title":{"rendered":"Couteau Fixe Muela SHERPA-18C"},"content":{"rendered":"<p>Couteau fixe <strong>Muela<\/strong> SHERPA-18C. Muela Sherpa 18-C Brown Micarta, satin, machette d&rsquo;ext\u00e9rieur avec construction pleine soie.  Lame en acier inoxydable X50CrMoV15 avec finition satin\u00e9e. Poign\u00e9e micarta confortable. Une excellente aide pour la chasse, les activit\u00e9s de plein air ou la survie. 1.4116 (X50CrMoV15) &#8211; acier inoxydable martensitique \u00e0 haute teneur en carbone molybd\u00e8ne-vanadium, tr\u00e8s r\u00e9sistant \u00e0 la corrosion et \u00e0 l&rsquo;usure. Il est utilis\u00e9 dans la fabrication de couteaux, de couverts de pointe et d\u2019instruments chirurgicaux. Il se caract\u00e9rise par une duret\u00e9 relativement \u00e9lev\u00e9e pour les aciers inoxydables de 57-58 HRC. La composition chimique de l&rsquo;acier est enrichie d&rsquo;un m\u00e9lange de 15,0 % de chrome, 0,80 % de molybd\u00e8ne et 0,20 % de vanadium. Lame &#8211; Type couperet (tondeuse) avec une ligne de coupe droite. La lame simple est d\u00e9riv\u00e9e du Flat Grind, qui offre d&rsquo;excellentes propri\u00e9t\u00e9s de coupe combin\u00e9es \u00e0 une excellente durabilit\u00e9. Le grand choil facilite le contr\u00f4le de la machette pour un travail plus pr\u00e9cis. Poign\u00e9e &#8211; profil\u00e9e, recouverte de poign\u00e9es en micarta imperm\u00e9ables et polies. Il offre une prise en main confortable et s\u00fbre. Ils sont fabriqu\u00e9s en laiton \u00e0 haute teneur en nickel au moyen de rivets fixant les couvre-poign\u00e9es. Une rainure profonde pour les doigts cr\u00e9e une mini protection qui emp\u00eache votre main de glisser sur la lame. Au dos de la poign\u00e9e se trouve une ouverture pour un cordon de s\u00e9curit\u00e9 (inclus dans l&#8217;emballage). Fourreau &#8211; en cuir de vache naturel bien tann\u00e9 de couleur marron.    Logo du fabricant en relief sur la surface. Le fourreau est cousu sur les bords avec du fil d\u00e9coratif. Le monter \u00e0 votre ceinture ou sur votre \u00e9quipement vous permet de porter le couteau en position verticale. Sp\u00e9cifications : Num\u00e9ro de produit : Sherpa 18-C Nom du produit : Muela Sherpa 18-C Brown Micarta, Satin Longueur totale : 33 cm \/ 13,0&Prime; Longueur de la lame : 17 cm \/ 6,69&Prime; \u00c9paisseur de la lame : nd Longueur du manche : 16 cm \/ 6,3&Prime; \u00c9paisseur du manche : Poids: 850,0 g \/ 30,0 oz Mat\u00e9riau de la lame: X50CrMoV15 Duret\u00e9 de la lame: nd Mouture de la lame: Plate Finition de la lame: Satin Mat\u00e9riau de la poign\u00e9e: Micarta Couleur de finition de la poign\u00e9e: Marron Fourreau (\u00e9tui): Cuir Autres accessoires: Corde paracorde Cr\u00e9ateur: Muela Nom de marque: Muela Fabricant : Manufacturas Muela, SA Pays d&rsquo;origine : Espagne  &nbsp;<\/p>\n","protected":false},"excerpt":{"rendered":"<p><strong>Muela Sherpa 18-C Brown Micarta, satin, machette d&rsquo;ext\u00e9rieur avec construction pleine soie.<\/strong><\/p>\n","protected":false},"featured_media":356699,"comment_status":"open","ping_status":"closed","template":"","meta":[],"pwb-brand":[3909],"product_brand":[],"product_cat":[3697,3696],"product_tag":[3754],"class_list":{"0":"post-356773","1":"product","2":"type-product","3":"status-publish","4":"has-post-thumbnail","6":"pwb-brand-elle-a-du","7":"product_cat-couteaux-solides","8":"product_cat-des-couteaux","9":"product_tag-b2b-fr","11":"first","12":"instock","13":"taxable","14":"shipping-taxable","15":"purchasable","16":"product-type-simple"},"brands":[{"id":3909,"name":"Elle a d\u00fb","slug":"elle-a-du"}],"_links":{"self":[{"href":"https:\/\/www.moskito.cz\/fr\/wp-json\/wp\/v2\/product\/356773","targetHints":{"allow":["GET"]}}],"collection":[{"href":"https:\/\/www.moskito.cz\/fr\/wp-json\/wp\/v2\/product"}],"about":[{"href":"https:\/\/www.moskito.cz\/fr\/wp-json\/wp\/v2\/types\/product"}],"replies":[{"embeddable":true,"href":"https:\/\/www.moskito.cz\/fr\/wp-json\/wp\/v2\/comments?post=356773"}],"wp:featuredmedia":[{"embeddable":true,"href":"https:\/\/www.moskito.cz\/fr\/wp-json\/wp\/v2\/media\/356699"}],"wp:attachment":[{"href":"https:\/\/www.moskito.cz\/fr\/wp-json\/wp\/v2\/media?parent=356773"}],"wp:term":[{"taxonomy":"pwb-brand","embeddable":true,"href":"https:\/\/www.moskito.cz\/fr\/wp-json\/wp\/v2\/pwb-brand?post=356773"},{"taxonomy":"product_brand","embeddable":true,"href":"https:\/\/www.moskito.cz\/fr\/wp-json\/wp\/v2\/product_brand?post=356773"},{"taxonomy":"product_cat","embeddable":true,"href":"https:\/\/www.moskito.cz\/fr\/wp-json\/wp\/v2\/product_cat?post=356773"},{"taxonomy":"product_tag","embeddable":true,"href":"https:\/\/www.moskito.cz\/fr\/wp-json\/wp\/v2\/product_tag?post=356773"}],"curies":[{"name":"wp","href":"https:\/\/api.w.org\/{rel}","templated":true}]}}