{"id":356804,"date":"2024-08-14T13:32:42","date_gmt":"2024-08-14T12:33:33","guid":{"rendered":"https:\/\/www.moskito.cz\/produkt\/couteau-fixe-muela-gaucho-20co\/"},"modified":"2025-05-07T11:23:24","modified_gmt":"2025-05-07T10:23:24","slug":"couteau-fixe-muela-gaucho-20co","status":"publish","type":"product","link":"https:\/\/www.moskito.cz\/fr\/produkt\/couteau-fixe-muela-gaucho-20co\/","title":{"rendered":"Couteau Fixe Muela GAUCHO-20CO"},"content":{"rendered":"<p>Couteau Fixe <strong>Muela<\/strong> GAUCHO-20CO. Couteau de chasse de la soci\u00e9t\u00e9 espagnole Muela, adapt\u00e9 aux chasseurs qui ont besoin d&rsquo;un couteau avec une lame longue et fine. Il sera \u00e9galement utile lors de s\u00e9jours dans la nature ou en camping. La lame est en acier inoxydable MoVa. L&rsquo;\u00e9l\u00e9gant manche en bois Pakka est termin\u00e9 par un pied en acier. Le couteau est livr\u00e9 avec un \u00e9tui en cuir. Mat\u00e9riau de la lame : MoVa Mat\u00e9riau du manche : Pakka Mat\u00e9riau de la gaine : Cuir Longueur de la lame : 20 cm Longueur totale : 33 cm Longueur du manche : 13 cm Poids : 204 g Type de lame : Drop Point      <\/p>\n","protected":false},"excerpt":{"rendered":"<p><strong>Couteau de chasse de la soci\u00e9t\u00e9 espagnole Muela, adapt\u00e9 aux chasseurs qui ont besoin d&rsquo;un couteau avec une lame longue et fine. Il sera \u00e9galement utile lors de s\u00e9jours dans la nature ou en camping. <\/strong><\/p>\n","protected":false},"featured_media":356781,"comment_status":"open","ping_status":"closed","template":"","meta":[],"pwb-brand":[3909],"product_brand":[],"product_cat":[3697,3696],"product_tag":[3754],"class_list":{"0":"post-356804","1":"product","2":"type-product","3":"status-publish","4":"has-post-thumbnail","6":"pwb-brand-elle-a-du","7":"product_cat-couteaux-solides","8":"product_cat-des-couteaux","9":"product_tag-b2b-fr","11":"first","12":"instock","13":"taxable","14":"shipping-taxable","15":"purchasable","16":"product-type-simple"},"brands":[{"id":3909,"name":"Elle a d\u00fb","slug":"elle-a-du"}],"_links":{"self":[{"href":"https:\/\/www.moskito.cz\/fr\/wp-json\/wp\/v2\/product\/356804","targetHints":{"allow":["GET"]}}],"collection":[{"href":"https:\/\/www.moskito.cz\/fr\/wp-json\/wp\/v2\/product"}],"about":[{"href":"https:\/\/www.moskito.cz\/fr\/wp-json\/wp\/v2\/types\/product"}],"replies":[{"embeddable":true,"href":"https:\/\/www.moskito.cz\/fr\/wp-json\/wp\/v2\/comments?post=356804"}],"wp:featuredmedia":[{"embeddable":true,"href":"https:\/\/www.moskito.cz\/fr\/wp-json\/wp\/v2\/media\/356781"}],"wp:attachment":[{"href":"https:\/\/www.moskito.cz\/fr\/wp-json\/wp\/v2\/media?parent=356804"}],"wp:term":[{"taxonomy":"pwb-brand","embeddable":true,"href":"https:\/\/www.moskito.cz\/fr\/wp-json\/wp\/v2\/pwb-brand?post=356804"},{"taxonomy":"product_brand","embeddable":true,"href":"https:\/\/www.moskito.cz\/fr\/wp-json\/wp\/v2\/product_brand?post=356804"},{"taxonomy":"product_cat","embeddable":true,"href":"https:\/\/www.moskito.cz\/fr\/wp-json\/wp\/v2\/product_cat?post=356804"},{"taxonomy":"product_tag","embeddable":true,"href":"https:\/\/www.moskito.cz\/fr\/wp-json\/wp\/v2\/product_tag?post=356804"}],"curies":[{"name":"wp","href":"https:\/\/api.w.org\/{rel}","templated":true}]}}