{"id":356838,"date":"2024-08-14T13:58:01","date_gmt":"2024-08-14T12:58:33","guid":{"rendered":"https:\/\/www.moskito.cz\/produkt\/couteau-solide-muela-rehala-27s\/"},"modified":"2025-05-07T11:23:25","modified_gmt":"2025-05-07T10:23:25","slug":"couteau-solide-muela-rehala-27s","status":"publish","type":"product","link":"https:\/\/www.moskito.cz\/fr\/produkt\/couteau-solide-muela-rehala-27s\/","title":{"rendered":"Couteau Solide Muela REHALA-27S"},"content":{"rendered":"<p>Couteau solide <strong>Muela<\/strong> REHALA-27S. Ce couteau est destin\u00e9 principalement aux chasseurs et chasseurs. Gr\u00e2ce \u00e0 sa longue lame aff\u00fbt\u00e9e des deux c\u00f4t\u00e9s, il est \u00e9galement tr\u00e8s bien utilis\u00e9 pour le poignardage, c&rsquo;est-\u00e0-dire pour tuer rapidement le gros gibier abattu.   Les couteaux <strong>Muela<\/strong> sont produits par une entreprise espagnole qui produit des couteaux de chasse, des couteaux pliants, des couteaux de luxe et bien d&rsquo;autres \u00e0 des prix abordables et de haute qualit\u00e9. Dans la production de lames, la soci\u00e9t\u00e9 Muela utilise diff\u00e9rents types d&rsquo;acier, par exemple l&rsquo;acier 12C27 Sandvik, 14C28N, l&rsquo;acier molybd\u00e8ne-vanadium MOVA 60 d&rsquo;une duret\u00e9 de 57-61 HRC, l&rsquo;acier Inox 1-42 d&rsquo;une duret\u00e9 de 54-58HRC. Les lames marqu\u00e9es 440 sont en acier Mova-60E. Les couteaux Muela Damascus sont le r\u00e9sultat d&rsquo;une combinaison de deux aciers, \u00e0 savoir le RWL34 et le MPC27, qui ont une duret\u00e9 de 57-62 HRC. Les manches des couteaux Muela sont d\u00e9cor\u00e9s avec des mat\u00e9riaux de qualit\u00e9, parmi lesquels le bois de cervid\u00e9 et diff\u00e9rentes essences de bois : olivier, bois noir d&rsquo;Afrique, bois de violette, cocobolo, bois de rose d&rsquo;Amazonas et bois de noyer. D\u00e9tail du produit : Couteau Muela REHALA 27S Longueur du couteau : 40 cm Longueur de la lame : 27 cm Acier : Nitro42 Mat\u00e9riau du manche : bois de cerf Fourreau : Cuir<\/p>\n","protected":false},"excerpt":{"rendered":"<p><strong>Ce couteau est destin\u00e9 principalement aux chasseurs et chasseurs. Gr\u00e2ce \u00e0 sa longue lame aff\u00fbt\u00e9e des deux c\u00f4t\u00e9s, il est \u00e9galement tr\u00e8s bien utilis\u00e9 pour le poignardage, c&rsquo;est-\u00e0-dire pour tuer rapidement le gros gibier abattu. <\/strong><\/p>\n<p><strong>Transports gratuits.<\/strong><\/p>\n","protected":false},"featured_media":356823,"comment_status":"open","ping_status":"closed","template":"","meta":[],"pwb-brand":[3909],"product_brand":[],"product_cat":[3697,3696],"product_tag":[3754],"class_list":{"0":"post-356838","1":"product","2":"type-product","3":"status-publish","4":"has-post-thumbnail","6":"pwb-brand-elle-a-du","7":"product_cat-couteaux-solides","8":"product_cat-des-couteaux","9":"product_tag-b2b-fr","11":"first","12":"instock","13":"taxable","14":"shipping-taxable","15":"purchasable","16":"product-type-simple"},"brands":[{"id":3909,"name":"Elle a d\u00fb","slug":"elle-a-du"}],"_links":{"self":[{"href":"https:\/\/www.moskito.cz\/fr\/wp-json\/wp\/v2\/product\/356838","targetHints":{"allow":["GET"]}}],"collection":[{"href":"https:\/\/www.moskito.cz\/fr\/wp-json\/wp\/v2\/product"}],"about":[{"href":"https:\/\/www.moskito.cz\/fr\/wp-json\/wp\/v2\/types\/product"}],"replies":[{"embeddable":true,"href":"https:\/\/www.moskito.cz\/fr\/wp-json\/wp\/v2\/comments?post=356838"}],"wp:featuredmedia":[{"embeddable":true,"href":"https:\/\/www.moskito.cz\/fr\/wp-json\/wp\/v2\/media\/356823"}],"wp:attachment":[{"href":"https:\/\/www.moskito.cz\/fr\/wp-json\/wp\/v2\/media?parent=356838"}],"wp:term":[{"taxonomy":"pwb-brand","embeddable":true,"href":"https:\/\/www.moskito.cz\/fr\/wp-json\/wp\/v2\/pwb-brand?post=356838"},{"taxonomy":"product_brand","embeddable":true,"href":"https:\/\/www.moskito.cz\/fr\/wp-json\/wp\/v2\/product_brand?post=356838"},{"taxonomy":"product_cat","embeddable":true,"href":"https:\/\/www.moskito.cz\/fr\/wp-json\/wp\/v2\/product_cat?post=356838"},{"taxonomy":"product_tag","embeddable":true,"href":"https:\/\/www.moskito.cz\/fr\/wp-json\/wp\/v2\/product_tag?post=356838"}],"curies":[{"name":"wp","href":"https:\/\/api.w.org\/{rel}","templated":true}]}}