{"id":356982,"date":"2023-06-01T09:31:41","date_gmt":"2024-08-15T08:21:41","guid":{"rendered":"https:\/\/www.moskito.cz\/produkt\/spyderco-tri-angle-sharpmaker-systeme-daffutage-complet-aiguiseur-204mf\/"},"modified":"2024-08-15T09:21:41","modified_gmt":"2024-08-15T08:21:41","slug":"spyderco-tri-angle-sharpmaker-systeme-daffutage-complet-aiguiseur-204mf","status":"publish","type":"product","link":"https:\/\/www.moskito.cz\/fr\/produkt\/spyderco-tri-angle-sharpmaker-systeme-daffutage-complet-aiguiseur-204mf\/","title":{"rendered":"Spyderco Tri-Angle Sharpmaker Syst\u00e8me d&rsquo;aff\u00fbtage complet Aiguiseur 204MF"},"content":{"rendered":"<p>Syst\u00e8me d&rsquo;aff\u00fbtage complet <strong>Spyderco<\/strong> Tri-Angle Sharpmaker 204MF Vous avez probablement entendu dire qu&rsquo;\u00ab un couteau tranchant est plus s\u00fbr qu&rsquo;un couteau \u00e9mouss\u00e9 \u00bb. Nous pensons que cette citation est de premi\u00e8re main et qu\u2019elle est vraie. Le Sharpmaker a \u00e9t\u00e9 le premier produit <strong>Spyderco<\/strong> produit et vendu par <strong>Spyderco<\/strong> avant d&rsquo;entrer sur le march\u00e9 des couteaux. C&rsquo;est vrai : Spyderco a d&rsquo;abord rendu les choses plus nettes, puis ils ont rendu les choses plus nettes. Le Tri-Angle Sharpmaker contient deux ensembles de pierres en c\u00e9ramique \u00e0 haute teneur en alumine&nbsp;: une paire de pierres \u00e0 grain moyen (marron) pour un aff\u00fbtage agressif et un ensemble de pierres fines (blanches) pour une finition professionnelle. Les pierres sont triangulaires pour aff\u00fbter les PlainEdges sur les c\u00f4t\u00e9s plats et les SpyderEdges (dents) sur les coins. Une rainure sur toute la longueur de chaque pierre permet d&rsquo;aiguiser des objets pointus tels que des cannes \u00e0 p\u00eache, des fl\u00e8ches et des poin\u00e7ons. Un jeu de barres de s\u00e9curit\u00e9 en laiton est inclus pour prot\u00e9ger les mains de l&rsquo;utilisateur lors du meulage. Tous les composants s&rsquo;ins\u00e8rent dans une base et un couvercle en plastique ABS s\u00e9par\u00e9s \u2013 pr\u00eats \u00e0 voyager avec vous. Des rainures et des trous pour les pierres sont d\u00e9coup\u00e9s dans la base. Ils ajustent pr\u00e9cis\u00e9ment l&rsquo;angle d&rsquo;aff\u00fbtage de la pierre \u00e0 30\u00b0 (15\u00b0 de chaque c\u00f4t\u00e9) ou 40\u00b0 (20\u00b0 de chaque c\u00f4t\u00e9) pour les couteaux et 12,5\u00b0 pour les ciseaux. Tournez le socle, le canal permet de placer deux pierres c\u00f4te \u00e0 c\u00f4te (c\u00f4t\u00e9 plat vers le haut) pour les utiliser comme banc. Le couvercle s&rsquo;enclenche \u00e0 mi-chemin dans la base pour former une poign\u00e9e assurant la stabilit\u00e9 lors de la mise au point. Un jeu de barres de s\u00e9curit\u00e9 en laiton est inclus pour prot\u00e9ger les mains de l&rsquo;utilisateur lors du meulage. Les pierres en c\u00e9ramique, comme le verre, se brisent lorsqu&rsquo;elles tombent &#8211; manipulez-les avec pr\u00e9caution. Utilisez-les \u00e0 sec, sans huile, sans eau ni lubrifiant. Nettoyage : frottez les pierres avec un fil en plastique et un nettoyant abrasif motoris\u00e9 et laissez s\u00e9cher \u00e0 l&rsquo;air libre. Passe \u00e9galement \u00e0 l&rsquo;autoclave.                  Fabriqu\u00e9 aux \u00c9tats-Unis.  &nbsp;<\/p>\n","protected":false},"excerpt":{"rendered":"<p><strong>Le kit d&rsquo;aff\u00fbtage Spyderco Triangle Sharpmaker permet un aff\u00fbtage simple et efficace des couteaux.  <\/strong><\/p>\n","protected":false},"featured_media":356983,"comment_status":"open","ping_status":"closed","template":"","meta":[],"pwb-brand":[3778],"product_brand":[],"product_cat":[3688],"product_tag":[3754],"class_list":{"0":"post-356982","1":"product","2":"type-product","3":"status-publish","4":"has-post-thumbnail","6":"pwb-brand-spyderco-fr","7":"product_cat-meules-et-aciers","8":"product_tag-b2b-fr","10":"first","11":"instock","12":"taxable","13":"shipping-taxable","14":"purchasable","15":"product-type-simple"},"brands":[{"id":3778,"name":"Spyderco","slug":"spyderco-fr"}],"_links":{"self":[{"href":"https:\/\/www.moskito.cz\/fr\/wp-json\/wp\/v2\/product\/356982","targetHints":{"allow":["GET"]}}],"collection":[{"href":"https:\/\/www.moskito.cz\/fr\/wp-json\/wp\/v2\/product"}],"about":[{"href":"https:\/\/www.moskito.cz\/fr\/wp-json\/wp\/v2\/types\/product"}],"replies":[{"embeddable":true,"href":"https:\/\/www.moskito.cz\/fr\/wp-json\/wp\/v2\/comments?post=356982"}],"wp:featuredmedia":[{"embeddable":true,"href":"https:\/\/www.moskito.cz\/fr\/wp-json\/wp\/v2\/media\/356983"}],"wp:attachment":[{"href":"https:\/\/www.moskito.cz\/fr\/wp-json\/wp\/v2\/media?parent=356982"}],"wp:term":[{"taxonomy":"pwb-brand","embeddable":true,"href":"https:\/\/www.moskito.cz\/fr\/wp-json\/wp\/v2\/pwb-brand?post=356982"},{"taxonomy":"product_brand","embeddable":true,"href":"https:\/\/www.moskito.cz\/fr\/wp-json\/wp\/v2\/product_brand?post=356982"},{"taxonomy":"product_cat","embeddable":true,"href":"https:\/\/www.moskito.cz\/fr\/wp-json\/wp\/v2\/product_cat?post=356982"},{"taxonomy":"product_tag","embeddable":true,"href":"https:\/\/www.moskito.cz\/fr\/wp-json\/wp\/v2\/product_tag?post=356982"}],"curies":[{"name":"wp","href":"https:\/\/api.w.org\/{rel}","templated":true}]}}