{"id":356991,"date":"2023-06-01T09:03:03","date_gmt":"2023-06-01T08:03:03","guid":{"rendered":"https:\/\/www.moskito.cz\/produkt\/ensemble-de-2-tiges-de-nitrure-de-bore-cubique-spyderco-triangle-sharpmaker-204cbn\/"},"modified":"2024-08-15T09:23:14","modified_gmt":"2024-08-15T08:23:14","slug":"ensemble-de-2-tiges-de-nitrure-de-bore-cubique-spyderco-triangle-sharpmaker-204cbn","status":"publish","type":"product","link":"https:\/\/www.moskito.cz\/fr\/produkt\/ensemble-de-2-tiges-de-nitrure-de-bore-cubique-spyderco-triangle-sharpmaker-204cbn\/","title":{"rendered":"Ensemble de 2 tiges de nitrure de bore cubique Spyderco Triangle Sharpmaker 204CBN"},"content":{"rendered":"<p>Lot de 2 tiges de nitrure de bore cubique <strong>Spyderco<\/strong> Triangle Sharpmaker 204CBN. Ce sont des triangles en acier recouverts de liant puis recouverts de particules de nitrure de bore cubique. Le nitrure de bore cubique est un superabrasif qui est juste derri\u00e8re le diamant en termes de duret\u00e9. Il offre une r\u00e9sistance \u00e0 l&rsquo;abrasion et une conductivit\u00e9 thermique sup\u00e9rieures \u00e0 celles des abrasifs conventionnels tels que le carbure de silicium et l&rsquo;oxyde d&rsquo;aluminium, ce qui en fait l&rsquo;abrasif pr\u00e9f\u00e9r\u00e9 dans de nombreuses applications de meulage industriel avanc\u00e9es. Vous pouvez d\u00e9sormais combiner les avantages de ce superabrasif \u00e0 coupe rapide avec la commodit\u00e9 et la facilit\u00e9 d&rsquo;utilisation du Spyderco Tri-Angle Sharpmaker. Des abrasifs extr\u00eamement durs sont recommand\u00e9s lorsque vous souhaitez enlever de la mati\u00e8re, pour restaurer et remodeler agressivement, rechanfreiner et reprofiler le tranchant. La taille des grains CBN est d&rsquo;environ 40 microns. L&rsquo;abrasif CBN est nettement plus grossier que les pierres c\u00e9ramiques moyennes. Les barres CBN doivent \u00eatre utilis\u00e9es avec une pression TR\u00c8S L\u00c9G\u00c8RE. L&rsquo;utilisation recommand\u00e9e est inf\u00e9rieure \u00e0 5 grammes (il y a 28 grammes dans une once) et une pression excessive peut couper l&rsquo;abrasif de la couche de base qui le lie \u00e0 la tige. Il est recommand\u00e9 de vaporiser la barre avec de l&rsquo;eau avant de l&rsquo;utiliser pour r\u00e9duire la poussi\u00e8re m\u00e9tallique et ralentir le processus abrasif. Les barres sont id\u00e9ales pour reprofiler l&rsquo;angle de biseau d&rsquo;un couteau ou biseauter des lames \u00e9br\u00e9ch\u00e9es ou coup\u00e9es. L&rsquo;abrasif \u00e9tant grossier, les utilisateurs doivent s&rsquo;attendre \u00e0 quelques travaillez ensuite avec des pierres moyennes s&rsquo;ils souhaitent lisser les biseaux jusqu&rsquo;\u00e0 obtenir un grain plus fin. Dimensions 17,8 x 1,3 cm        <\/p>\n","protected":false},"excerpt":{"rendered":"<p>Triangles en acier recouverts de liant puis recouverts de particules cubiques de nitrure de bore.<\/p>\n","protected":false},"featured_media":356994,"comment_status":"open","ping_status":"closed","template":"","meta":[],"pwb-brand":[3778],"product_brand":[],"product_cat":[3688],"product_tag":[3754],"class_list":{"0":"post-356991","1":"product","2":"type-product","3":"status-publish","4":"has-post-thumbnail","6":"pwb-brand-spyderco-fr","7":"product_cat-meules-et-aciers","8":"product_tag-b2b-fr","10":"first","11":"instock","12":"taxable","13":"shipping-taxable","14":"purchasable","15":"product-type-simple"},"brands":[{"id":3778,"name":"Spyderco","slug":"spyderco-fr"}],"_links":{"self":[{"href":"https:\/\/www.moskito.cz\/fr\/wp-json\/wp\/v2\/product\/356991","targetHints":{"allow":["GET"]}}],"collection":[{"href":"https:\/\/www.moskito.cz\/fr\/wp-json\/wp\/v2\/product"}],"about":[{"href":"https:\/\/www.moskito.cz\/fr\/wp-json\/wp\/v2\/types\/product"}],"replies":[{"embeddable":true,"href":"https:\/\/www.moskito.cz\/fr\/wp-json\/wp\/v2\/comments?post=356991"}],"wp:featuredmedia":[{"embeddable":true,"href":"https:\/\/www.moskito.cz\/fr\/wp-json\/wp\/v2\/media\/356994"}],"wp:attachment":[{"href":"https:\/\/www.moskito.cz\/fr\/wp-json\/wp\/v2\/media?parent=356991"}],"wp:term":[{"taxonomy":"pwb-brand","embeddable":true,"href":"https:\/\/www.moskito.cz\/fr\/wp-json\/wp\/v2\/pwb-brand?post=356991"},{"taxonomy":"product_brand","embeddable":true,"href":"https:\/\/www.moskito.cz\/fr\/wp-json\/wp\/v2\/product_brand?post=356991"},{"taxonomy":"product_cat","embeddable":true,"href":"https:\/\/www.moskito.cz\/fr\/wp-json\/wp\/v2\/product_cat?post=356991"},{"taxonomy":"product_tag","embeddable":true,"href":"https:\/\/www.moskito.cz\/fr\/wp-json\/wp\/v2\/product_tag?post=356991"}],"curies":[{"name":"wp","href":"https:\/\/api.w.org\/{rel}","templated":true}]}}