{"id":357004,"date":"2022-06-09T15:09:05","date_gmt":"2024-08-15T11:02:52","guid":{"rendered":"https:\/\/www.moskito.cz\/produkt\/couteau-fixe-heretic-knives-nephilim-carbon-h003-8a-cf\/"},"modified":"2025-05-07T11:23:31","modified_gmt":"2025-05-07T10:23:31","slug":"couteau-fixe-heretic-knives-nephilim-carbon-h003-8a-cf","status":"publish","type":"product","link":"https:\/\/www.moskito.cz\/fr\/produkt\/couteau-fixe-heretic-knives-nephilim-carbon-h003-8a-cf\/","title":{"rendered":"Couteau Fixe Heretic Knives Nephilim Carbon H003-8A-CF"},"content":{"rendered":"<p>Couteau Fixe <strong>Heretic Knives<\/strong> Nephilim Carbon H003-8A-CF. Il s&rsquo;agit du deuxi\u00e8me mod\u00e8le \u00e0 lame fixe de TJ, Nephilim. Fabriqu\u00e9 \u00e0 partir d&rsquo;une seule pi\u00e8ce d&rsquo;acier inoxydable Elmax, il est suffisamment robuste pour g\u00e9rer n&rsquo;importe quelle t\u00e2che et est con\u00e7u pour le combat. Les manches en fibre de carbone sont con\u00e7us pour donner aux couteaux un aspect et une sensation exceptionnels, avec une texture pour une meilleure adh\u00e9rence. Pesant 10,3 onces, le couteau est dot\u00e9 d&rsquo;un \u00e9tui en nylon avec une doublure en kydex et d&rsquo;un trou pour lani\u00e8re int\u00e9gr\u00e9 \u00e0 la crosse. Il s&rsquo;agit d&rsquo;une lame fixe tactique d\u00e9vastatrice qui a du punch et a \u00e9t\u00e9 fi\u00e8rement fabriqu\u00e9e aux \u00c9tats-Unis. Pi\u00e8ce totale : 30 cm Lame : 16 cm Elmax \u00c9paisseur de la lame : 0,5 cm Poids 9,05 oz. Type de gaine en nylon&nbsp;: lame fixe fabriqu\u00e9e aux \u00c9tats-Unis        &nbsp;<\/p>\n<p>&nbsp;<\/p>\n","protected":false},"excerpt":{"rendered":"<div class=\"elementor-element elementor-element-bbb542b elementor-widget elementor-widget-woocommerce-product-short-description\" data-id=\"bbb542b\" data-element_type=\"widget\" data-widget_type=\"woocommerce-product-short-description.default\">\n<div class=\"elementor-widget-container\">\n<div class=\"woocommerce-product-details__short-description\">\n<div class=\"elementor-element elementor-element-bbb542b elementor-widget elementor-widget-woocommerce-product-short-description\" data-id=\"bbb542b\" data-element_type=\"widget\" data-widget_type=\"woocommerce-product-short-description.default\">\n<div class=\"elementor-widget-container\">\n<div class=\"woocommerce-product-details__short-description\">\n<div class=\"elementor-element elementor-element-bbb542b elementor-widget elementor-widget-woocommerce-product-short-description\" data-id=\"bbb542b\" data-element_type=\"widget\" data-widget_type=\"woocommerce-product-short-description.default\">\n<div class=\"elementor-widget-container\">\n<div class=\"woocommerce-product-details__short-description\">\n<div class=\"elementor-element elementor-element-bbb542b elementor-widget elementor-widget-woocommerce-product-short-description\" data-id=\"bbb542b\" data-element_type=\"widget\" data-widget_type=\"woocommerce-product-short-description.default\">\n<div class=\"elementor-widget-container\">\n<div class=\"woocommerce-product-details__short-description\">  Tous nos couteaux sont fabriqu\u00e9s aux \u00c9tats-Unis et nous le conserverons ainsi. Lorsque vous achetez l&rsquo;un de nos couteaux, vous pouvez avoir confiance en votre outil en sachant qu&rsquo;il est soutenu par une entreprise am\u00e9ricaine. Nos couteaux sont fabriqu\u00e9s en petits lots pour vous assurer d&rsquo;obtenir un couteau de qualit\u00e9 qui b\u00e9n\u00e9ficie de l&rsquo;attention que les autres couteaux produits en s\u00e9rie n&rsquo;ont pas.  <strong>Transports gratuits.<\/strong><\/p>\n<\/div>\n<\/div>\n<\/div>\n<\/div>\n<\/div>\n<\/div>\n<\/div>\n<\/div>\n<\/div>\n<\/div>\n<\/div>\n<\/div>\n","protected":false},"featured_media":357012,"comment_status":"open","ping_status":"closed","template":"","meta":[],"pwb-brand":[3758],"product_brand":[],"product_cat":[3697,3696],"product_tag":[],"class_list":{"0":"post-357004","1":"product","2":"type-product","3":"status-publish","4":"has-post-thumbnail","6":"pwb-brand-couteaux-heretiques","7":"product_cat-couteaux-solides","8":"product_cat-des-couteaux","10":"first","11":"instock","12":"taxable","13":"shipping-taxable","14":"purchasable","15":"product-type-simple"},"brands":[{"id":3758,"name":"Couteaux h\u00e9r\u00e9tiques","slug":"couteaux-heretiques"}],"_links":{"self":[{"href":"https:\/\/www.moskito.cz\/fr\/wp-json\/wp\/v2\/product\/357004","targetHints":{"allow":["GET"]}}],"collection":[{"href":"https:\/\/www.moskito.cz\/fr\/wp-json\/wp\/v2\/product"}],"about":[{"href":"https:\/\/www.moskito.cz\/fr\/wp-json\/wp\/v2\/types\/product"}],"replies":[{"embeddable":true,"href":"https:\/\/www.moskito.cz\/fr\/wp-json\/wp\/v2\/comments?post=357004"}],"wp:featuredmedia":[{"embeddable":true,"href":"https:\/\/www.moskito.cz\/fr\/wp-json\/wp\/v2\/media\/357012"}],"wp:attachment":[{"href":"https:\/\/www.moskito.cz\/fr\/wp-json\/wp\/v2\/media?parent=357004"}],"wp:term":[{"taxonomy":"pwb-brand","embeddable":true,"href":"https:\/\/www.moskito.cz\/fr\/wp-json\/wp\/v2\/pwb-brand?post=357004"},{"taxonomy":"product_brand","embeddable":true,"href":"https:\/\/www.moskito.cz\/fr\/wp-json\/wp\/v2\/product_brand?post=357004"},{"taxonomy":"product_cat","embeddable":true,"href":"https:\/\/www.moskito.cz\/fr\/wp-json\/wp\/v2\/product_cat?post=357004"},{"taxonomy":"product_tag","embeddable":true,"href":"https:\/\/www.moskito.cz\/fr\/wp-json\/wp\/v2\/product_tag?post=357004"}],"curies":[{"name":"wp","href":"https:\/\/api.w.org\/{rel}","templated":true}]}}