{"id":357081,"date":"2024-08-15T12:47:44","date_gmt":"2024-08-15T11:48:07","guid":{"rendered":"https:\/\/www.moskito.cz\/produkt\/couteau-fixe-muela-bear-24a\/"},"modified":"2025-05-07T11:23:32","modified_gmt":"2025-05-07T10:23:32","slug":"couteau-fixe-muela-bear-24a","status":"publish","type":"product","link":"https:\/\/www.moskito.cz\/fr\/produkt\/couteau-fixe-muela-bear-24a\/","title":{"rendered":"Couteau Fixe Muela BEAR-24A"},"content":{"rendered":"<p>Couteau fixe <strong>Muela<\/strong> BEAR-24A. Dans la production de lames, l&rsquo;entreprise Muela utilise diff\u00e9rents types d&rsquo;acier, par ex. L&rsquo;acier au molybd\u00e8ne vanadium 12C27 Sandvik, 14C28N, MOVA 60 d&rsquo;une duret\u00e9 de 57-61 HRC, l&rsquo;acier Inox 1-42 d&rsquo;une duret\u00e9 de 54-58HRC et les lames marqu\u00e9es 440 sont en acier Mova-60E. Les couteaux Muela Damascus sont le r\u00e9sultat d&rsquo;une combinaison de deux aciers, \u00e0 savoir le RWL34 et le MPC27, qui ont une duret\u00e9 de 57-62 HRC. Les manches des couteaux Muela sont d\u00e9cor\u00e9s avec des mat\u00e9riaux de qualit\u00e9 qui comprennent du bois de cerf et diff\u00e9rents types de bois : olivier, bois noir d&rsquo;Afrique, bois de violette, COCOBOLO, bois de rose d&rsquo;Amazonas et bois de noyer. La lame est en acier inoxydable au molybd\u00e8ne vanadium de haute qualit\u00e9 avec une duret\u00e9 d&rsquo;environ 60 HRC. Pour une s\u00e9curit\u00e9 maximale au travail, le couteau est \u00e9quip\u00e9 d&rsquo;une protection massive double face, d\u00e9cor\u00e9e d&rsquo;une ligne rouge-blanche. Le manche est en bois de cerf et se termine par un pied en m\u00e9tal avec la m\u00eame d\u00e9coration que sur la garde.    Le couteau est livr\u00e9 avec un \u00e9tui en cuir marron. Longueur totale : 36 cm Longueur de la lame : 24 cm Poids : 350 g Mat\u00e9riau de la lame : X50CrMoV15 Mat\u00e9riau du manche : bois de cerf Gaine : cuir  &nbsp;<\/p>\n","protected":false},"excerpt":{"rendered":"<p><strong>Dans la production de lames, l&rsquo;entreprise Muela utilise diff\u00e9rents types d&rsquo;acier, par ex. L&rsquo;acier au molybd\u00e8ne vanadium 12C27 Sandvik, 14C28N, MOVA 60 d&rsquo;une duret\u00e9 de 57-61 HRC, l&rsquo;acier Inox 1-42 d&rsquo;une duret\u00e9 de 54-58HRC et les lames marqu\u00e9es 440 sont en acier Mova-60E. Les couteaux Muela Damascus sont le r\u00e9sultat d&rsquo;une combinaison de deux aciers, \u00e0 savoir le RWL34 et le MPC27, qui ont une duret\u00e9 de 57-62 HRC.<\/strong><\/p>\n<p><strong>Transports gratuits.<\/strong><\/p>\n","protected":false},"featured_media":357066,"comment_status":"open","ping_status":"closed","template":"","meta":[],"pwb-brand":[3909],"product_brand":[],"product_cat":[3697,3696],"product_tag":[],"class_list":{"0":"post-357081","1":"product","2":"type-product","3":"status-publish","4":"has-post-thumbnail","6":"pwb-brand-elle-a-du","7":"product_cat-couteaux-solides","8":"product_cat-des-couteaux","10":"first","11":"instock","12":"taxable","13":"shipping-taxable","14":"purchasable","15":"product-type-simple"},"brands":[{"id":3909,"name":"Elle a d\u00fb","slug":"elle-a-du"}],"_links":{"self":[{"href":"https:\/\/www.moskito.cz\/fr\/wp-json\/wp\/v2\/product\/357081","targetHints":{"allow":["GET"]}}],"collection":[{"href":"https:\/\/www.moskito.cz\/fr\/wp-json\/wp\/v2\/product"}],"about":[{"href":"https:\/\/www.moskito.cz\/fr\/wp-json\/wp\/v2\/types\/product"}],"replies":[{"embeddable":true,"href":"https:\/\/www.moskito.cz\/fr\/wp-json\/wp\/v2\/comments?post=357081"}],"wp:featuredmedia":[{"embeddable":true,"href":"https:\/\/www.moskito.cz\/fr\/wp-json\/wp\/v2\/media\/357066"}],"wp:attachment":[{"href":"https:\/\/www.moskito.cz\/fr\/wp-json\/wp\/v2\/media?parent=357081"}],"wp:term":[{"taxonomy":"pwb-brand","embeddable":true,"href":"https:\/\/www.moskito.cz\/fr\/wp-json\/wp\/v2\/pwb-brand?post=357081"},{"taxonomy":"product_brand","embeddable":true,"href":"https:\/\/www.moskito.cz\/fr\/wp-json\/wp\/v2\/product_brand?post=357081"},{"taxonomy":"product_cat","embeddable":true,"href":"https:\/\/www.moskito.cz\/fr\/wp-json\/wp\/v2\/product_cat?post=357081"},{"taxonomy":"product_tag","embeddable":true,"href":"https:\/\/www.moskito.cz\/fr\/wp-json\/wp\/v2\/product_tag?post=357081"}],"curies":[{"name":"wp","href":"https:\/\/api.w.org\/{rel}","templated":true}]}}