{"id":357086,"date":"2024-08-15T12:34:49","date_gmt":"2024-08-15T11:48:20","guid":{"rendered":"https:\/\/www.moskito.cz\/produkt\/couteau-fixe-muela-duque-25m\/"},"modified":"2025-05-07T11:23:33","modified_gmt":"2025-05-07T10:23:33","slug":"couteau-fixe-muela-duque-25m","status":"publish","type":"product","link":"https:\/\/www.moskito.cz\/fr\/produkt\/couteau-fixe-muela-duque-25m\/","title":{"rendered":"Couteau Fixe Muela DUQUE-25M"},"content":{"rendered":"<p>Couteau fixe <strong>Muela<\/strong> DUQUE-25M. \u00a8Lors de la production des lames, l&rsquo;entreprise Muela utilise diff\u00e9rents types d&rsquo;acier, par ex.  L&rsquo;acier au molybd\u00e8ne vanadium 12C27 Sandvik, 14C28N, MOVA 60 d&rsquo;une duret\u00e9 de 57-61 HRC, l&rsquo;acier Inox 1-42 d&rsquo;une duret\u00e9 de 54-58HRC et les lames marqu\u00e9es 440 sont en acier Mova-60E. Les couteaux Muela Damascus sont le r\u00e9sultat d&rsquo;une combinaison de deux aciers, \u00e0 savoir le RWL34 et le MPC27, qui ont une duret\u00e9 de 57-62 HRC. Les manches des couteaux Muela sont d\u00e9cor\u00e9s avec des mat\u00e9riaux de qualit\u00e9 qui comprennent du bois de cerf et diff\u00e9rents types de bois : olivier, bois noir d&rsquo;Afrique, bois de violette, COCOBOLO, bois de rose d&rsquo;Amazonas et bois de noyer. La lame est en acier inoxydable au molybd\u00e8ne vanadium de haute qualit\u00e9 avec une duret\u00e9 d&rsquo;environ 60 HRC. Pour une s\u00e9curit\u00e9 maximale au travail, le couteau est \u00e9quip\u00e9 d&rsquo;une protection massive double face, d\u00e9cor\u00e9e d&rsquo;une ligne rouge-blanche. Le manche est en bois de cerf et se termine par un pied en m\u00e9tal avec la m\u00eame d\u00e9coration que sur la garde.    Le couteau est livr\u00e9 avec un \u00e9tui en cuir marron. Le couteau massif Muela DUQUE-25M est un couteau de chasse, de chasse, de p\u00eache, pour s\u00e9journer dans la nature et autres activit\u00e9s de plein air. Avec une large lame double face en forme de poignard en acier au molybd\u00e8ne vanadium, avec une protection double face en laiton pour prot\u00e9ger la main. Le manche est en bois de Pakka, termin\u00e9 par un pied en laiton. Longueur totale : 38 cm Longueur de la lame : 25 cm Poids : 700 g Mat\u00e9riau de la lame : molybd\u00e8ne vanadium Mat\u00e9riau du manche : Pakkawood \u00c9tui : cuir <\/p>\n","protected":false},"excerpt":{"rendered":"<p><strong>Les couteaux Muela sont produits par une entreprise espagnole qui produit des couteaux de chasse, des couteaux pliants, des couteaux de luxe et bien d&rsquo;autres \u00e0 des prix abordables et de haute qualit\u00e9.<\/strong><\/p>\n","protected":false},"featured_media":357033,"comment_status":"open","ping_status":"closed","template":"","meta":[],"pwb-brand":[3909],"product_brand":[],"product_cat":[3697,3696],"product_tag":[],"class_list":{"0":"post-357086","1":"product","2":"type-product","3":"status-publish","4":"has-post-thumbnail","6":"pwb-brand-elle-a-du","7":"product_cat-couteaux-solides","8":"product_cat-des-couteaux","10":"first","11":"instock","12":"taxable","13":"shipping-taxable","14":"purchasable","15":"product-type-simple"},"brands":[{"id":3909,"name":"Elle a d\u00fb","slug":"elle-a-du"}],"_links":{"self":[{"href":"https:\/\/www.moskito.cz\/fr\/wp-json\/wp\/v2\/product\/357086","targetHints":{"allow":["GET"]}}],"collection":[{"href":"https:\/\/www.moskito.cz\/fr\/wp-json\/wp\/v2\/product"}],"about":[{"href":"https:\/\/www.moskito.cz\/fr\/wp-json\/wp\/v2\/types\/product"}],"replies":[{"embeddable":true,"href":"https:\/\/www.moskito.cz\/fr\/wp-json\/wp\/v2\/comments?post=357086"}],"wp:featuredmedia":[{"embeddable":true,"href":"https:\/\/www.moskito.cz\/fr\/wp-json\/wp\/v2\/media\/357033"}],"wp:attachment":[{"href":"https:\/\/www.moskito.cz\/fr\/wp-json\/wp\/v2\/media?parent=357086"}],"wp:term":[{"taxonomy":"pwb-brand","embeddable":true,"href":"https:\/\/www.moskito.cz\/fr\/wp-json\/wp\/v2\/pwb-brand?post=357086"},{"taxonomy":"product_brand","embeddable":true,"href":"https:\/\/www.moskito.cz\/fr\/wp-json\/wp\/v2\/product_brand?post=357086"},{"taxonomy":"product_cat","embeddable":true,"href":"https:\/\/www.moskito.cz\/fr\/wp-json\/wp\/v2\/product_cat?post=357086"},{"taxonomy":"product_tag","embeddable":true,"href":"https:\/\/www.moskito.cz\/fr\/wp-json\/wp\/v2\/product_tag?post=357086"}],"curies":[{"name":"wp","href":"https:\/\/api.w.org\/{rel}","templated":true}]}}