{"id":357154,"date":"2024-08-19T18:28:05","date_gmt":"2024-08-19T17:28:49","guid":{"rendered":"https:\/\/www.moskito.cz\/produkt\/couteau-de-tir-microtech-ludt-gen-iii-blue-stonewash-1136-11bl\/"},"modified":"2025-05-07T11:23:36","modified_gmt":"2025-05-07T10:23:36","slug":"couteau-de-tir-microtech-ludt-gen-iii-blue-stonewash-1136-11bl","status":"publish","type":"product","link":"https:\/\/www.moskito.cz\/fr\/produkt\/couteau-de-tir-microtech-ludt-gen-iii-blue-stonewash-1136-11bl\/","title":{"rendered":"Couteau de tir Microtech LUDT Gen III Blue Stonewash 1136-11BL"},"content":{"rendered":"<p>Couteau de tir <strong>Microtech<\/strong> LUDT Gen III Blue Stonewash 1136-11BL. Le <strong>Microtech LUDT<\/strong> de g\u00e9n\u00e9ration 3 semble familier et pr\u00e9sente plusieurs changements innovants. Vous retrouverez le retour des inserts grip 3M pour un grip optimal ! Le nouveau LUDT est soutenu par 24 roulements en carbure de silicium, ce qui le rend plus fluide que jamais. Les vis Torx ordinaires permettent un entretien facile, et un clip de transport rabattable offre aux utilisateurs une s\u00e9curit\u00e9 et un acc\u00e8s rapide \u00e0 ce composant \u00e9tanche robuste. Ce mod\u00e8le est dot\u00e9 d&rsquo;une poign\u00e9e en aluminium 6061-T6 anodis\u00e9 bleu avec des inserts 3M noirs. Lame tanto en acier inoxydable M390MK Stonewash avec tranchant standard. Mat\u00e9riel Torx et clip de poche rabattable. La lame est marqu\u00e9e des informations sur le mod\u00e8le et du logo <strong>Microtech<\/strong> . Le clip de poche est \u00e9galement marqu\u00e9 du logo <strong>Microtech<\/strong> . Longueur totale : 20,3 cm Longueur ferm\u00e9 : 11,4 cm Longueur de la lame : 8,9 cm Finition de la lame : Stonewashed Style de lame : Tanto Mat\u00e9riau du manche : Aluminium Clip de poche Pays d&rsquo;origine : USA https:\/\/youtu.be\/xE9TeOFYEjg            &nbsp;<\/p>\n","protected":false},"excerpt":{"rendered":"<p><strong>Au fil des ann\u00e9es, Microtech\u00ae Knives a rempli les couteaux avec passion et comp\u00e9tence pour cr\u00e9er presque des \u0153uvres d&rsquo;art qui sont le summum de la fonctionnalit\u00e9. Toutes les pi\u00e8ces sont fabriqu\u00e9es aux \u00c9tats-Unis.<\/strong><br \/>\n<strong>Tous les couteaux Microtech sont garantis \u00e0 vie.<\/strong><\/p>\n<p><strong>Transports gratuits.<\/strong><\/p>\n","protected":false},"featured_media":357138,"comment_status":"open","ping_status":"closed","template":"","meta":[],"pwb-brand":[3751],"product_brand":[],"product_cat":[3699,3696],"product_tag":[],"class_list":{"0":"post-357154","1":"product","2":"type-product","3":"status-publish","4":"has-post-thumbnail","6":"pwb-brand-microtechnologie","7":"product_cat-couteaux-de-tir","8":"product_cat-des-couteaux","10":"first","11":"outofstock","12":"taxable","13":"shipping-taxable","14":"purchasable","15":"product-type-simple"},"brands":[{"id":3751,"name":"Microtechnologie","slug":"microtechnologie"}],"_links":{"self":[{"href":"https:\/\/www.moskito.cz\/fr\/wp-json\/wp\/v2\/product\/357154","targetHints":{"allow":["GET"]}}],"collection":[{"href":"https:\/\/www.moskito.cz\/fr\/wp-json\/wp\/v2\/product"}],"about":[{"href":"https:\/\/www.moskito.cz\/fr\/wp-json\/wp\/v2\/types\/product"}],"replies":[{"embeddable":true,"href":"https:\/\/www.moskito.cz\/fr\/wp-json\/wp\/v2\/comments?post=357154"}],"wp:featuredmedia":[{"embeddable":true,"href":"https:\/\/www.moskito.cz\/fr\/wp-json\/wp\/v2\/media\/357138"}],"wp:attachment":[{"href":"https:\/\/www.moskito.cz\/fr\/wp-json\/wp\/v2\/media?parent=357154"}],"wp:term":[{"taxonomy":"pwb-brand","embeddable":true,"href":"https:\/\/www.moskito.cz\/fr\/wp-json\/wp\/v2\/pwb-brand?post=357154"},{"taxonomy":"product_brand","embeddable":true,"href":"https:\/\/www.moskito.cz\/fr\/wp-json\/wp\/v2\/product_brand?post=357154"},{"taxonomy":"product_cat","embeddable":true,"href":"https:\/\/www.moskito.cz\/fr\/wp-json\/wp\/v2\/product_cat?post=357154"},{"taxonomy":"product_tag","embeddable":true,"href":"https:\/\/www.moskito.cz\/fr\/wp-json\/wp\/v2\/product_tag?post=357154"}],"curies":[{"name":"wp","href":"https:\/\/api.w.org\/{rel}","templated":true}]}}