{"id":357280,"date":"2022-03-06T21:30:52","date_gmt":"2024-08-28T06:47:38","guid":{"rendered":"https:\/\/www.moskito.cz\/produkt\/couteaux-heretiques-manticore-x-h031-10a-jade-couteau-de-tir\/"},"modified":"2025-05-07T11:23:39","modified_gmt":"2025-05-07T10:23:39","slug":"couteaux-heretiques-manticore-x-h031-10a-jade-couteau-de-tir","status":"publish","type":"product","link":"https:\/\/www.moskito.cz\/fr\/produkt\/couteaux-heretiques-manticore-x-h031-10a-jade-couteau-de-tir\/","title":{"rendered":"Couteaux h\u00e9r\u00e9tiques Manticore X H031-10A-JADE Couteau de tir"},"content":{"rendered":"<p><strong>Couteaux h\u00e9r\u00e9tiques<\/strong> Manticore X H031-10A-JADE Couteau de tir. Le Manticore de Heretic Knives est un couteau OTF ph\u00e9nom\u00e9nal pour tous ceux qui recherchent quelque chose de grand mais facile \u00e0 transporter. Les gars de Heretic Knives en Floride ont vraiment r\u00e9ussi \u00e0 sortir du parc sur celui-ci. Acier Elmax de qualit\u00e9 sup\u00e9rieure, double action lisse, pointe brise-verre, clip de poche profond et trou pour lani\u00e8re. L&rsquo;action a une bonne accroche sans \u00eatre trop dure \u00e0 engager ni trop molle. Manticore est disponible dans une vari\u00e9t\u00e9 de styles et de finitions. Cette Manticore est une \u00e9dition sp\u00e9ciale. La lame tanto a une finition noire bicolore et est en acier Elmax. La poign\u00e9e a une poign\u00e9e en aluminium noir avec des capuchons arri\u00e8re Jade G-10. Longueur totale : 23 cm Longueur de la lame : 9,25 cm Mat\u00e9riau de la lame : ELMAX Style de lame : Tanto Finition : Battleweard Couleur : Dessus noir\/Vert jade G-10 Poids du bas : 4,5 oz         <\/p>\n","protected":false},"excerpt":{"rendered":"<p>Tous nos couteaux sont fabriqu\u00e9s aux \u00c9tats-Unis et nous le conserverons ainsi. Lorsque vous achetez l&rsquo;un de nos couteaux, vous pouvez avoir confiance en votre outil en sachant qu&rsquo;il est soutenu par une entreprise am\u00e9ricaine. Nos couteaux sont fabriqu\u00e9s en petits lots pour garantir que vous obtenez un couteau de qualit\u00e9 qui n&rsquo;attire pas l&rsquo;attention que les autres couteaux produits en s\u00e9rie ne re\u00e7oivent pas.  <strong>Transports gratuits.<\/strong><\/p>\n","protected":false},"featured_media":357283,"comment_status":"open","ping_status":"closed","template":"","meta":[],"pwb-brand":[3758],"product_brand":[],"product_cat":[3699,3696],"product_tag":[],"class_list":{"0":"post-357280","1":"product","2":"type-product","3":"status-publish","4":"has-post-thumbnail","6":"pwb-brand-couteaux-heretiques","7":"product_cat-couteaux-de-tir","8":"product_cat-des-couteaux","10":"first","11":"instock","12":"taxable","13":"shipping-taxable","14":"purchasable","15":"product-type-simple"},"brands":[{"id":3758,"name":"Couteaux h\u00e9r\u00e9tiques","slug":"couteaux-heretiques"}],"_links":{"self":[{"href":"https:\/\/www.moskito.cz\/fr\/wp-json\/wp\/v2\/product\/357280","targetHints":{"allow":["GET"]}}],"collection":[{"href":"https:\/\/www.moskito.cz\/fr\/wp-json\/wp\/v2\/product"}],"about":[{"href":"https:\/\/www.moskito.cz\/fr\/wp-json\/wp\/v2\/types\/product"}],"replies":[{"embeddable":true,"href":"https:\/\/www.moskito.cz\/fr\/wp-json\/wp\/v2\/comments?post=357280"}],"wp:featuredmedia":[{"embeddable":true,"href":"https:\/\/www.moskito.cz\/fr\/wp-json\/wp\/v2\/media\/357283"}],"wp:attachment":[{"href":"https:\/\/www.moskito.cz\/fr\/wp-json\/wp\/v2\/media?parent=357280"}],"wp:term":[{"taxonomy":"pwb-brand","embeddable":true,"href":"https:\/\/www.moskito.cz\/fr\/wp-json\/wp\/v2\/pwb-brand?post=357280"},{"taxonomy":"product_brand","embeddable":true,"href":"https:\/\/www.moskito.cz\/fr\/wp-json\/wp\/v2\/product_brand?post=357280"},{"taxonomy":"product_cat","embeddable":true,"href":"https:\/\/www.moskito.cz\/fr\/wp-json\/wp\/v2\/product_cat?post=357280"},{"taxonomy":"product_tag","embeddable":true,"href":"https:\/\/www.moskito.cz\/fr\/wp-json\/wp\/v2\/product_tag?post=357280"}],"curies":[{"name":"wp","href":"https:\/\/api.w.org\/{rel}","templated":true}]}}