{"id":357397,"date":"2021-07-22T06:42:33","date_gmt":"2021-07-22T05:42:33","guid":{"rendered":"https:\/\/www.moskito.cz\/produkt\/dague-de-poussee-en-acier-froid\/"},"modified":"2025-05-07T11:23:42","modified_gmt":"2025-05-07T10:23:42","slug":"dague-de-poussee-en-acier-froid","status":"publish","type":"product","link":"https:\/\/www.moskito.cz\/fr\/produkt\/dague-de-poussee-en-acier-froid\/","title":{"rendered":"Dague de pouss\u00e9e en acier froid"},"content":{"rendered":"<p>Dague de pouss\u00e9e <strong>en acier froid<\/strong> . Le couteau \u00e0 pousser forg\u00e9 est probablement le couteau \u00e0 pousser le plus puissant du march\u00e9. Le plus grand des couteaux poussoirs de notre catalogue, il est extr\u00eamement robuste et poss\u00e8de des bords doublement tranchants et une pointe solide, large et robuste. Parfait pour les professionnels de la tactique et des forces de l&rsquo;ordre, vous pouvez dissimuler en toute confiance le couteau poussoir Drop Forged avec son \u00e9tui Secure-Ex. Longueur totale : 17 cm Longueur de la lame : 10 cm \u00c9paisseur de la lame : 9 mm Poids : 215 g Acier : 52100 \u00e0 haute teneur en carbone Bo\u00eetier : Secure-Ex Cold Steel est une entreprise engag\u00e9e dans la production des couteaux les plus solides et les plus tranchants au monde.     Au cours des trois derni\u00e8res d\u00e9cennies, Cold Steel a \u00e9t\u00e9 \u00e0 l&rsquo;avant-garde de nombreuses innovations qui ont contribu\u00e9 \u00e0 d\u00e9finir l&rsquo;industrie du couteau. Les succ\u00e8s successifs, notamment l&rsquo;introduction des manches \u00e0 carreaux Kraton\u00ae et des styles de lames \u00e0 pointe tanto, sont pass\u00e9s de caract\u00e9ristiques curieuses \u00e0 des marques industrielles de qualit\u00e9 et de sophistication. La nouvelle direction a \u00e9galement \u00e9t\u00e9 rompue avec l&rsquo;introduction de nouvelles lames en acier uniques telles que le San Mai III\u00ae et le m\u00e9canisme de verrouillage et de verrouillage Tri-Ad \u2122 pour les couteaux pliants. Par exemple, le verrou Tri-Ad \u2122 n&rsquo;a jamais \u00e9t\u00e9 \u00e9gal\u00e9 par aucun des concurrents de Cold Steel et il n&rsquo;a pas \u00e9t\u00e9 prouv\u00e9 qu&rsquo;il surpassait tout ce qu&rsquo;ils ont produit jusqu&rsquo;\u00e0 pr\u00e9sent. Bien entendu, Cold Steel sera toujours tourn\u00e9 vers l\u2019avenir et s\u2019efforcera constamment de produire les couteaux les plus solides et les plus tranchants au monde. Cet objectif, tout aussi insaisissable et difficile \u00e0 atteindre, est rest\u00e9 le m\u00eame au cours des quarante derni\u00e8res ann\u00e9es. Acier froid inc. est une entreprise ax\u00e9e sur la production des couteaux, \u00e9p\u00e9es, tomahawks, machettes, couverts et outils les plus solides et les plus tranchants pour le transport quotidien : EDC. Rapidement adopt\u00e9 par l&rsquo;arm\u00e9e, les forces sp\u00e9ciales charg\u00e9es de l&rsquo;application de la loi, les intervenants d&rsquo;urgence, les professionnels de l&rsquo;autod\u00e9fense et les membres de la communaut\u00e9 des arts martiaux, Cold Steel s&rsquo;est rapidement fait un nom pour sa qualit\u00e9, sa solidit\u00e9, sa fiabilit\u00e9 et sa fiabilit\u00e9 dans le transport quotidien (EDC). . Notre gamme diversifi\u00e9e et vari\u00e9e s&rsquo;est rapidement \u00e9largie pour inclure non seulement une vaste s\u00e9lection de couteaux pliants (des petites lames \u00ab EDC \u00bb \u00e0 nos embl\u00e9matiques \u00ab m\u00e9ga-dossiers \u00bb) g\u00e9ants, mais \u00e9galement des lames fixes, des \u00e9p\u00e9es, des sabres, des b\u00e2tons et des hallebardes, ainsi que ainsi que du mat\u00e9riel de chasse, des lances, des fusils, des haches, des machettes, des tomahawks et des outils ! Au fil des d\u00e9cennies, Cold Steel a introduit de nouveaux mat\u00e9riaux et conceptions r\u00e9volutionnaires qui ont contribu\u00e9 \u00e0 fa\u00e7onner le monde des couteaux, armes blanches et outils modernes. De l&rsquo;introduction de poign\u00e9es \u00e0 damier Kraton\u00ae et d&rsquo;une lame Tanto \u00ab am\u00e9ricanis\u00e9e \u00bb, \u00e0 l&rsquo;inclusion de nouveaux aciers de lame innovants comme le San Mai III\u00ae et de m\u00e9canismes de verrouillage r\u00e9volutionnaires (comme notre Tri-Ad \u2122 Lock). Alors que nous regardons vers l&rsquo;avenir, Cold Steel continue d&rsquo;apporter sur le march\u00e9 de nouveaux niveaux de r\u00e9sistance, de s\u00e9curit\u00e9 et de performance, en fournissant des produits \u00e9prouv\u00e9s sur lesquels vous pouvez compter, \u00e0 tout moment et en tout lieu ! Le couteau \u00e0 pousser forg\u00e9 est sans doute le couteau \u00e0 pousser le plus solide du march\u00e9. Le plus grand des couteaux \u00e0 pousser de notre catalogue, il est extr\u00eamement robuste et pr\u00e9sente des doubles bords tranchants comme des rasoirs et une pointe de lance \u00e9paisse, large et robuste. Parfait pour les professionnels de la tactique et des forces de l&rsquo;ordre, vous pouvez dissimuler en toute confiance le couteau poussoir forg\u00e9 gr\u00e2ce \u00e0 son \u00e9tui Secure-Ex \u00e0 tension r\u00e9glable et \u00e0 son Ulti-Clip de fabrication am\u00e9ricaine. Poids : 7,9 oz \u00c9paisseur de la lame : 9 mm Longueur de la lame : 4&Prime; Acier de la lame : Forg\u00e9 52100 \u00e0 haute teneur en carbone Longueur\/Mat\u00e9riau du manche : 2-3\/4&Prime; Longueur totale : 6-3\/4&Prime; Caract\u00e9ristiques suppl\u00e9mentaires : Couteau \u00e0 gaine Secure-Ex\u00ae Type : Fixe Gamme de longueur de lame : 3-5 po Famille d&rsquo;acier : Aciers \u00e0 haute teneur en carbone Forme de lame : Pointe de lance Famille de produits : Forg\u00e9     &nbsp;<\/p>\n","protected":false},"excerpt":{"rendered":"<p>Le couteau \u00e0 pousser monolithique polyvalent forg\u00e9 de COLD STEEL est l&rsquo;un des couteaux \u00e0 pousser les moins fiables de notre offre. Il s\u2019adresse \u00e0 tous ceux qui ne laissent pas leur destin entre les mains d\u2019autrui. <\/p>\n","protected":false},"featured_media":357398,"comment_status":"open","ping_status":"closed","template":"","meta":[],"pwb-brand":[3789],"product_brand":[],"product_cat":[3697,3696],"product_tag":[3754],"class_list":{"0":"post-357397","1":"product","2":"type-product","3":"status-publish","4":"has-post-thumbnail","6":"pwb-brand-acier-froid","7":"product_cat-couteaux-solides","8":"product_cat-des-couteaux","9":"product_tag-b2b-fr","11":"first","12":"instock","13":"taxable","14":"shipping-taxable","15":"purchasable","16":"product-type-simple"},"brands":[{"id":3789,"name":"Acier froid","slug":"acier-froid"}],"_links":{"self":[{"href":"https:\/\/www.moskito.cz\/fr\/wp-json\/wp\/v2\/product\/357397","targetHints":{"allow":["GET"]}}],"collection":[{"href":"https:\/\/www.moskito.cz\/fr\/wp-json\/wp\/v2\/product"}],"about":[{"href":"https:\/\/www.moskito.cz\/fr\/wp-json\/wp\/v2\/types\/product"}],"replies":[{"embeddable":true,"href":"https:\/\/www.moskito.cz\/fr\/wp-json\/wp\/v2\/comments?post=357397"}],"wp:featuredmedia":[{"embeddable":true,"href":"https:\/\/www.moskito.cz\/fr\/wp-json\/wp\/v2\/media\/357398"}],"wp:attachment":[{"href":"https:\/\/www.moskito.cz\/fr\/wp-json\/wp\/v2\/media?parent=357397"}],"wp:term":[{"taxonomy":"pwb-brand","embeddable":true,"href":"https:\/\/www.moskito.cz\/fr\/wp-json\/wp\/v2\/pwb-brand?post=357397"},{"taxonomy":"product_brand","embeddable":true,"href":"https:\/\/www.moskito.cz\/fr\/wp-json\/wp\/v2\/product_brand?post=357397"},{"taxonomy":"product_cat","embeddable":true,"href":"https:\/\/www.moskito.cz\/fr\/wp-json\/wp\/v2\/product_cat?post=357397"},{"taxonomy":"product_tag","embeddable":true,"href":"https:\/\/www.moskito.cz\/fr\/wp-json\/wp\/v2\/product_tag?post=357397"}],"curies":[{"name":"wp","href":"https:\/\/api.w.org\/{rel}","templated":true}]}}