{"id":358270,"date":"2021-04-26T21:23:35","date_gmt":"2024-09-07T14:46:40","guid":{"rendered":"https:\/\/www.moskito.cz\/produkt\/couteau-fixe-extrema-ratio-ks\/"},"modified":"2025-07-11T07:54:43","modified_gmt":"2025-07-11T06:54:43","slug":"couteau-fixe-extrema-ratio-ks","status":"publish","type":"product","link":"https:\/\/www.moskito.cz\/fr\/produkt\/couteau-fixe-extrema-ratio-ks\/","title":{"rendered":"Couteau fixe Extrema Ratio KS"},"content":{"rendered":"<p>Couteau fixe <strong>Extrema Ratio<\/strong> KS. Il y a une raison pour laquelle c&rsquo;est un classique. Rendu c\u00e9l\u00e8bre par les r\u00e9giments Gurkha servant sous la couronne britannique, le \u00ab Kukri \u00bb est une lame universelle n\u00e9palaise d\u00e9riv\u00e9e des \u00e9p\u00e9es en forme de faucille de la Gr\u00e8ce antique. Il s&rsquo;agit finalement d&rsquo;une machette dot\u00e9e d&rsquo;une lame avant tr\u00e8s lourde qui lui permet de fonctionner comme une hache tout en conservant la polyvalence d&rsquo;une lame longue. Extrema Ratio a d\u00e9velopp\u00e9 deux de ces instruments, nos mod\u00e8les KS et KH, qui combinent des concepts de design anciens et modernes. Les deux utilisent des broyeurs combin\u00e9s. Un bord creux, semblable \u00e0 celui d&rsquo;un rasoir, plus proche du manche, offre un bord fin et tranchant sans compromettre l&rsquo;\u00e9paisseur totale du dos de la lame (ce qui n\u00e9cessite beaucoup de durabilit\u00e9). La pointe de la lame est plut\u00f4t plate, bien courb\u00e9e pour p\u00e9n\u00e9trer le bois et la v\u00e9g\u00e9tation sans effort. Alors que les outils similaires sont g\u00e9n\u00e9ralement fabriqu\u00e9s \u00e0 partir d&rsquo;alliages d&rsquo;acier plus doux pour plus de flexibilit\u00e9 et de facilit\u00e9 d&rsquo;aff\u00fbtage, avec l&rsquo;acier dur B\u00d6HLER N690, nous avons pu atteindre la flexibilit\u00e9 correspondante, ce qui se traduit par un bord remarquablement durable. FICHE TECHNIQUE Poids g.:502 Poids oz.: 17,7 Longueur de la lame (mm): 243 Longueur de la lame (po): 9,6 Longueur totale (mm): 395 Longueur totale (po): 15,6 \u00c9paisseur de la lame (mm): 6,3 \u00c9paisseur de la lame (po ) : 0,25 Mat\u00e9riau de la lame : ACIER B\u00f6HLER N690 (58HRC) Finition de la lame : CHAUFFANT MIL-C-13924 Grille principale : RASOIR \/ PLAT Mat\u00e9riau du manche : FORPR\u00c8NE   <\/p>\n<pre id=\"tw-target-text\" class=\"tw-data-text tw-text-large XcVN5d tw-ta\" dir=\"ltr\" data-placeholder=\"P\u0159eklad\"><span class=\"Y2IQFc\" lang=\"cs\"> <\/span><\/pre>\n","protected":false},"excerpt":{"rendered":"<p>Bas\u00e9e \u00e0 Prato, en Italie <strong>, Extrema Ratio<\/strong> con\u00e7oit et fabrique des couteaux de combat, militaires, de cuisine, de chasse et tactiques de haute performance depuis 1997 et jouit d&rsquo;une r\u00e9putation de qualit\u00e9 sup\u00e9rieure sans \u00e9gal dans l&rsquo;industrie des couteaux militaires et tactiques. <strong>Transports gratuits.<\/strong><\/p>\n","protected":false},"featured_media":358272,"comment_status":"open","ping_status":"closed","template":"","meta":[],"pwb-brand":[3767],"product_brand":[],"product_cat":[3697,3696],"product_tag":[3754],"class_list":{"0":"post-358270","1":"product","2":"type-product","3":"status-publish","4":"has-post-thumbnail","6":"pwb-brand-rapport-extreme","7":"product_cat-couteaux-solides","8":"product_cat-des-couteaux","9":"product_tag-b2b-fr","11":"first","12":"instock","13":"taxable","14":"shipping-taxable","15":"purchasable","16":"product-type-simple"},"brands":[{"id":3767,"name":"Rapport extr\u00eame","slug":"rapport-extreme"}],"_links":{"self":[{"href":"https:\/\/www.moskito.cz\/fr\/wp-json\/wp\/v2\/product\/358270","targetHints":{"allow":["GET"]}}],"collection":[{"href":"https:\/\/www.moskito.cz\/fr\/wp-json\/wp\/v2\/product"}],"about":[{"href":"https:\/\/www.moskito.cz\/fr\/wp-json\/wp\/v2\/types\/product"}],"replies":[{"embeddable":true,"href":"https:\/\/www.moskito.cz\/fr\/wp-json\/wp\/v2\/comments?post=358270"}],"wp:featuredmedia":[{"embeddable":true,"href":"https:\/\/www.moskito.cz\/fr\/wp-json\/wp\/v2\/media\/358272"}],"wp:attachment":[{"href":"https:\/\/www.moskito.cz\/fr\/wp-json\/wp\/v2\/media?parent=358270"}],"wp:term":[{"taxonomy":"pwb-brand","embeddable":true,"href":"https:\/\/www.moskito.cz\/fr\/wp-json\/wp\/v2\/pwb-brand?post=358270"},{"taxonomy":"product_brand","embeddable":true,"href":"https:\/\/www.moskito.cz\/fr\/wp-json\/wp\/v2\/product_brand?post=358270"},{"taxonomy":"product_cat","embeddable":true,"href":"https:\/\/www.moskito.cz\/fr\/wp-json\/wp\/v2\/product_cat?post=358270"},{"taxonomy":"product_tag","embeddable":true,"href":"https:\/\/www.moskito.cz\/fr\/wp-json\/wp\/v2\/product_tag?post=358270"}],"curies":[{"name":"wp","href":"https:\/\/api.w.org\/{rel}","templated":true}]}}