{"id":358282,"date":"2022-07-09T22:12:01","date_gmt":"2024-09-07T15:23:36","guid":{"rendered":"https:\/\/www.moskito.cz\/produkt\/couteau-fixe-extrema-ratio-hareng-non\/"},"modified":"2025-05-07T11:23:43","modified_gmt":"2025-05-07T10:23:43","slug":"couteau-fixe-extrema-ratio-hareng-non","status":"publish","type":"product","link":"https:\/\/www.moskito.cz\/fr\/produkt\/couteau-fixe-extrema-ratio-hareng-non\/","title":{"rendered":"Couteau Fixe Extrema Ratio HARENG NON"},"content":{"rendered":"<p>Couteau Fixe <strong>Extrema Ratio<\/strong> HERRING NE HERRING NE : R\u00e9plique Simulacre \u00e0 pointe arrondie. La lame provient de l&rsquo;usine pour consentir \u00e0 la vente et \u00e0 la conservation libres conform\u00e9ment \u00e0 la loi italienne en vigueur. Veuillez noter que tout ajustement et aff\u00fbtage ult\u00e9rieur de la lame modifiera le statut de simulacre du Herring NE. Dans ce cas, il sera soumis \u00e0 la r\u00e9glementation en vigueur dans les pays respectifs. De tels changements annulent \u00e9galement la garantie d&rsquo;Extrema Ratio. Dagger Herring est l&rsquo;un des couteaux militaires les plus populaires parmi les fans. Son nom original est Fairbairn-Sykes ou Commando Dagger et il a \u00e9t\u00e9 pr\u00e9sent\u00e9 dans la formation de combat des Commandos britanniques. Un poignard qui est entr\u00e9 dans l&rsquo;histoire de notre pays pendant la Seconde Guerre mondiale gr\u00e2ce aux ruses des jeunes soldats du 1er Escadron de Reconnaissance \u00ab\u00a0Folgore\u00a0\u00bb, qui ont \u00e9t\u00e9 \u00e9quip\u00e9s de cette arme lors de l&rsquo;Op\u00e9ration Herring. Un poignard qui a derri\u00e8re lui un morceau d&rsquo;histoire h\u00e9ro\u00efque dont on parle peu, malgr\u00e9 le d\u00e9vouement et le courage de ces jeunes gar\u00e7ons, qui a \u00e9crit une page importante de l&rsquo;histoire italienne. Extrema Ratio a voulu rendre hommage \u00e0 ce poignard tout en conservant le design original en utilisant des techniques de fabrication de pointe. Le traitement manuel unique du manche imite le vieillissement du laiton et donne au poignard un aspect ancien, similaire \u00e0 celui d&rsquo;origine. Le poignard a \u00e9t\u00e9 d\u00e9velopp\u00e9 en collaboration avec le 185e RRAO et adopt\u00e9 comme poignard comm\u00e9moratif de c\u00e9r\u00e9monie pour le 20e anniversaire du r\u00e9giment et le 75e anniversaire de la mission Herring. POIDS G : 276 POIDS OZ. : 9,74 LONGUEUR DE LA LAME (MM) : 167 LONGUEUR DE LA LAME (PO) : 6,57 LONGUEUR TOTALE (MM) : 289 LONGUEUR TOTALE (H) : 11,38 \u00c9PAISSEUR DE LA LAME (MM) : 6,3 \u00c9PAISSEUR DE LA LAME (PO) ) : 2,48 MAT\u00c9RIAU DE LA LAME : ACIER B\u00d6HLER N690 (58HRC) FINITION DE LA LAME : POSE MIL-C-13924 GRILLE PRINCIPALE : NON COURANT MAT\u00c9RIAU DU MANCHE : LAITON   &nbsp;<\/p>\n","protected":false},"excerpt":{"rendered":"<p>Bas\u00e9e \u00e0 Prato, en Italie <strong>, Extrema Ratio<\/strong> con\u00e7oit et fabrique des couteaux de combat, militaires, de cuisine, de chasse et tactiques de haute performance depuis 1997 et jouit d&rsquo;une r\u00e9putation de qualit\u00e9 sup\u00e9rieure sans \u00e9gal dans l&rsquo;industrie des couteaux militaires et tactiques. <strong>Livraison gratuite<\/strong> .<\/p>\n","protected":false},"featured_media":358285,"comment_status":"open","ping_status":"closed","template":"","meta":[],"pwb-brand":[3767],"product_brand":[],"product_cat":[3697,3696],"product_tag":[3754],"class_list":{"0":"post-358282","1":"product","2":"type-product","3":"status-publish","4":"has-post-thumbnail","6":"pwb-brand-rapport-extreme","7":"product_cat-couteaux-solides","8":"product_cat-des-couteaux","9":"product_tag-b2b-fr","11":"first","12":"instock","13":"taxable","14":"shipping-taxable","15":"purchasable","16":"product-type-simple"},"brands":[{"id":3767,"name":"Rapport extr\u00eame","slug":"rapport-extreme"}],"_links":{"self":[{"href":"https:\/\/www.moskito.cz\/fr\/wp-json\/wp\/v2\/product\/358282","targetHints":{"allow":["GET"]}}],"collection":[{"href":"https:\/\/www.moskito.cz\/fr\/wp-json\/wp\/v2\/product"}],"about":[{"href":"https:\/\/www.moskito.cz\/fr\/wp-json\/wp\/v2\/types\/product"}],"replies":[{"embeddable":true,"href":"https:\/\/www.moskito.cz\/fr\/wp-json\/wp\/v2\/comments?post=358282"}],"wp:featuredmedia":[{"embeddable":true,"href":"https:\/\/www.moskito.cz\/fr\/wp-json\/wp\/v2\/media\/358285"}],"wp:attachment":[{"href":"https:\/\/www.moskito.cz\/fr\/wp-json\/wp\/v2\/media?parent=358282"}],"wp:term":[{"taxonomy":"pwb-brand","embeddable":true,"href":"https:\/\/www.moskito.cz\/fr\/wp-json\/wp\/v2\/pwb-brand?post=358282"},{"taxonomy":"product_brand","embeddable":true,"href":"https:\/\/www.moskito.cz\/fr\/wp-json\/wp\/v2\/product_brand?post=358282"},{"taxonomy":"product_cat","embeddable":true,"href":"https:\/\/www.moskito.cz\/fr\/wp-json\/wp\/v2\/product_cat?post=358282"},{"taxonomy":"product_tag","embeddable":true,"href":"https:\/\/www.moskito.cz\/fr\/wp-json\/wp\/v2\/product_tag?post=358282"}],"curies":[{"name":"wp","href":"https:\/\/api.w.org\/{rel}","templated":true}]}}