{"id":358304,"date":"2021-04-28T21:17:03","date_gmt":"2024-09-07T15:28:21","guid":{"rendered":"https:\/\/www.moskito.cz\/produkt\/couteau-fixe-extrema-ratio-39-09-ordinanza-cofs\/"},"modified":"2025-05-07T11:23:44","modified_gmt":"2025-05-07T10:23:44","slug":"couteau-fixe-extrema-ratio-39-09-ordinanza-cofs","status":"publish","type":"product","link":"https:\/\/www.moskito.cz\/fr\/produkt\/couteau-fixe-extrema-ratio-39-09-ordinanza-cofs\/","title":{"rendered":"Couteau Fixe Extrema Ratio 39-09 ORDINANZA COFS"},"content":{"rendered":"<p>Couteau fixe <strong>Extrema Ratio<\/strong> 39-09 ORDINANZA COFS. Fruit d&rsquo;un projet parrain\u00e9 par le COFS (Commandement des Op\u00e9rations des Forces Sp\u00e9ciales Italiennes) et son ancien commandant en chef, le g\u00e9n\u00e9ral Bertolini &#8211; sans oublier d\u00e9fendu par les collectionneurs de couteaux du monde entier &#8211; ce couteau de combat 39-09 est un restyling de le couteau de type \u00ab\u00a0paracadutista assaltatore\u00a0\u00bb de 1939, un morceau c\u00e9l\u00e8bre de l&rsquo;histoire militaire italienne. Tout en conservant la forme, la structure et les proportions d&rsquo;origine, nous avons r\u00e9ussi \u00e0 renforcer, \u00e0 ajouter une fonctionnalit\u00e9 plus \u00e9lev\u00e9e et \u00e0 fabriquer ce couteau de combat selon les sp\u00e9cifications militaires actuelles \u00e0 partir des mat\u00e9riaux les plus modernes. De petits changements qui en font un poignard tr\u00e8s efficace et fiable. L&rsquo;\u00e9tui rigide inclus est con\u00e7u pour \u00eatre port\u00e9 autour de la cheville, \u00e0 la mani\u00e8re caract\u00e9ristique des parachutistes italiens. La version 39-09 ORDINANZA est recouverte d&rsquo;oxyde noir avec le logo et le slogan COFS. Livr\u00e9 dans un \u00e9tui grav\u00e9 en ABS avec un \u00e9tui de cheville et un \u00e9tui de ceinture de parade. FICHE TECHNIQUE Poids g.:338 Poids oz.: 11,9 Longueur de la lame (mm): 195 Longueur de la lame (po): 7,7 Longueur totale (mm): 319 Longueur totale (po): 12,6 \u00c9paisseur de la lame (mm): 6,3 \u00c9paisseur de la lame ( po) : 0,25 Mat\u00e9riau de la lame : ACIER B\u00f6HLER N690 (58HRC) Finition de la lame : CHAUFFANT MIL-C-13924 Grille principale : PLATE Mat\u00e9riau du manche : FORPRENE <\/p>\n","protected":false},"excerpt":{"rendered":"<p>Bas\u00e9e \u00e0 Prato, en Italie <strong>, Extrema Ratio<\/strong> con\u00e7oit et fabrique des couteaux de combat, militaires, de cuisine, de chasse et tactiques de haute performance depuis 1997 et jouit d&rsquo;une r\u00e9putation de qualit\u00e9 sup\u00e9rieure sans \u00e9gal dans l&rsquo;industrie des couteaux militaires et tactiques. <strong>Transports gratuits.<\/strong><\/p>\n","protected":false},"featured_media":358306,"comment_status":"open","ping_status":"closed","template":"","meta":[],"pwb-brand":[3767],"product_brand":[],"product_cat":[3697,3696],"product_tag":[3754],"class_list":{"0":"post-358304","1":"product","2":"type-product","3":"status-publish","4":"has-post-thumbnail","6":"pwb-brand-rapport-extreme","7":"product_cat-couteaux-solides","8":"product_cat-des-couteaux","9":"product_tag-b2b-fr","11":"first","12":"instock","13":"taxable","14":"shipping-taxable","15":"purchasable","16":"product-type-simple"},"brands":[{"id":3767,"name":"Rapport extr\u00eame","slug":"rapport-extreme"}],"_links":{"self":[{"href":"https:\/\/www.moskito.cz\/fr\/wp-json\/wp\/v2\/product\/358304","targetHints":{"allow":["GET"]}}],"collection":[{"href":"https:\/\/www.moskito.cz\/fr\/wp-json\/wp\/v2\/product"}],"about":[{"href":"https:\/\/www.moskito.cz\/fr\/wp-json\/wp\/v2\/types\/product"}],"replies":[{"embeddable":true,"href":"https:\/\/www.moskito.cz\/fr\/wp-json\/wp\/v2\/comments?post=358304"}],"wp:featuredmedia":[{"embeddable":true,"href":"https:\/\/www.moskito.cz\/fr\/wp-json\/wp\/v2\/media\/358306"}],"wp:attachment":[{"href":"https:\/\/www.moskito.cz\/fr\/wp-json\/wp\/v2\/media?parent=358304"}],"wp:term":[{"taxonomy":"pwb-brand","embeddable":true,"href":"https:\/\/www.moskito.cz\/fr\/wp-json\/wp\/v2\/pwb-brand?post=358304"},{"taxonomy":"product_brand","embeddable":true,"href":"https:\/\/www.moskito.cz\/fr\/wp-json\/wp\/v2\/product_brand?post=358304"},{"taxonomy":"product_cat","embeddable":true,"href":"https:\/\/www.moskito.cz\/fr\/wp-json\/wp\/v2\/product_cat?post=358304"},{"taxonomy":"product_tag","embeddable":true,"href":"https:\/\/www.moskito.cz\/fr\/wp-json\/wp\/v2\/product_tag?post=358304"}],"curies":[{"name":"wp","href":"https:\/\/api.w.org\/{rel}","templated":true}]}}