{"id":358346,"date":"2021-04-22T21:58:27","date_gmt":"2024-09-07T15:44:42","guid":{"rendered":"https:\/\/www.moskito.cz\/produkt\/couteau-fixe-extrema-ratio-fulcrum-s-noir\/"},"modified":"2025-07-11T07:54:31","modified_gmt":"2025-07-11T06:54:31","slug":"couteau-fixe-extrema-ratio-fulcrum-s-noir","status":"publish","type":"product","link":"https:\/\/www.moskito.cz\/fr\/produkt\/couteau-fixe-extrema-ratio-fulcrum-s-noir\/","title":{"rendered":"Couteau Fixe Extrema Ratio FULCRUM S NOIR"},"content":{"rendered":"<p>Couteau Fixe <strong>Extrema Ratio<\/strong> FULCRUM S NOIR. Probablement une \u00e9tape importante parmi les couteaux polyvalents. Il est utilis\u00e9 \u00e0 grande \u00e9chelle en Afghanistan comme \u00e9quipement standard par les membres de la mission italienne \u00ab\u00a0Nibbio\u00a0\u00bb et fait partie d&rsquo;un projet exp\u00e9rimental de l&rsquo;\u00e9tat-major des troupes alpines visant le renouvellement des \u00e9quipements individuels. En pr\u00e9paration de cette mission, le Commandement des Troupes Alpines a coordonn\u00e9 une \u00e9quipe d&rsquo;entreprises dans la mise en \u0153uvre d&rsquo;un nouvel ensemble exp\u00e9rimental complet d&rsquo;\u00e9quipements individuels. Extrema Ratio est l&rsquo;entreprise choisie par le Commandement Alpin pour d\u00e9velopper un couteau polyvalent adapt\u00e9 \u00e0 l&rsquo;infanterie, un couteau qui peut \u00eatre utilis\u00e9 dans n&rsquo;importe quelle action et qui peut r\u00e9soudre avec succ\u00e8s tout type de probl\u00e8me, m\u00eame lorsque l&rsquo;\u00e9quipement sp\u00e9cialis\u00e9 s&rsquo;av\u00e8re insuffisant. son succ\u00e8s fut tel que le couteau polyvalent conduisit ensuite au d\u00e9veloppement de la ba\u00efonnette Fulcrum, qui pr\u00e9sentait les m\u00eames caract\u00e9ristiques mais pouvait \u00eatre fix\u00e9e \u00e0 un fusil existant. Le Fulcrum est un couteau extr\u00eamement robuste et polyvalent, la lame peut supporter une charge de plus de 150 kg sans se casser, la pointe est incroyablement robuste et le profil \u00ab\u00a0tanto\u00a0\u00bb permet d&rsquo;utiliser le couteau pendant de longues p\u00e9riodes sans affecter le tranchant. de la derni\u00e8re section, cela garantit, avec la lame dorsale partiellement tranchante (la version civile ne l&rsquo;inclut pas), sa capacit\u00e9 de p\u00e9n\u00e9tration, essentielle en combat rapproch\u00e9 contre des cibles avec des v\u00eatements lourds, des v\u00eatements et une protection balistique souple. Son centre de gravit\u00e9 avanc\u00e9 et son poids le rendent adapt\u00e9 aux travaux de terrain lourds. La rapidit\u00e9 et les facilit\u00e9s avec lesquelles la maintenance de routine et d&rsquo;urgence peut \u00eatre effectu\u00e9e font du Fulcrum un excellent choix pour les applications \u00e0 grande \u00e9chelle d&rsquo;un point de vue \u00e9conomique et administratif. Sp\u00e9cifications Longueur de la lame : 170 mm Lame : Acier inoxydable Bohler N690, 58HRC \u00c9paisseur : 6,3 mm Longueur totale : 308 mm Mat\u00e9riau du manche : Propren Comprend une gaine de ceinture en ABS noir et en nylon avec coupe-fil int\u00e9gr\u00e9 Poids : 13,13 oz. (378g)           Fabriqu\u00e9 en Italie<\/p>\n","protected":false},"excerpt":{"rendered":"<p>Bas\u00e9e \u00e0 Prato, en Italie <strong>, Extrema Ratio<\/strong> con\u00e7oit et fabrique des couteaux de combat, militaires, de cuisine, de chasse et tactiques de haute performance depuis 1997 et jouit d&rsquo;une r\u00e9putation de qualit\u00e9 sup\u00e9rieure sans \u00e9gal dans l&rsquo;industrie des couteaux militaires et tactiques. <strong>Transports gratuits.<\/strong><\/p>\n","protected":false},"featured_media":358347,"comment_status":"open","ping_status":"closed","template":"","meta":[],"pwb-brand":[3767],"product_brand":[],"product_cat":[3697,3696],"product_tag":[3754],"class_list":{"0":"post-358346","1":"product","2":"type-product","3":"status-publish","4":"has-post-thumbnail","6":"pwb-brand-rapport-extreme","7":"product_cat-couteaux-solides","8":"product_cat-des-couteaux","9":"product_tag-b2b-fr","11":"first","12":"instock","13":"taxable","14":"shipping-taxable","15":"purchasable","16":"product-type-simple"},"brands":[{"id":3767,"name":"Rapport extr\u00eame","slug":"rapport-extreme"}],"_links":{"self":[{"href":"https:\/\/www.moskito.cz\/fr\/wp-json\/wp\/v2\/product\/358346","targetHints":{"allow":["GET"]}}],"collection":[{"href":"https:\/\/www.moskito.cz\/fr\/wp-json\/wp\/v2\/product"}],"about":[{"href":"https:\/\/www.moskito.cz\/fr\/wp-json\/wp\/v2\/types\/product"}],"replies":[{"embeddable":true,"href":"https:\/\/www.moskito.cz\/fr\/wp-json\/wp\/v2\/comments?post=358346"}],"wp:featuredmedia":[{"embeddable":true,"href":"https:\/\/www.moskito.cz\/fr\/wp-json\/wp\/v2\/media\/358347"}],"wp:attachment":[{"href":"https:\/\/www.moskito.cz\/fr\/wp-json\/wp\/v2\/media?parent=358346"}],"wp:term":[{"taxonomy":"pwb-brand","embeddable":true,"href":"https:\/\/www.moskito.cz\/fr\/wp-json\/wp\/v2\/pwb-brand?post=358346"},{"taxonomy":"product_brand","embeddable":true,"href":"https:\/\/www.moskito.cz\/fr\/wp-json\/wp\/v2\/product_brand?post=358346"},{"taxonomy":"product_cat","embeddable":true,"href":"https:\/\/www.moskito.cz\/fr\/wp-json\/wp\/v2\/product_cat?post=358346"},{"taxonomy":"product_tag","embeddable":true,"href":"https:\/\/www.moskito.cz\/fr\/wp-json\/wp\/v2\/product_tag?post=358346"}],"curies":[{"name":"wp","href":"https:\/\/api.w.org\/{rel}","templated":true}]}}