{"id":358370,"date":"2022-09-18T20:32:06","date_gmt":"2024-09-07T15:45:42","guid":{"rendered":"https:\/\/www.moskito.cz\/produkt\/couteau-fixe-extrema-ratio-fulcrum-s-desert-warfare\/"},"modified":"2025-05-07T11:23:48","modified_gmt":"2025-05-07T10:23:48","slug":"couteau-fixe-extrema-ratio-fulcrum-s-desert-warfare","status":"publish","type":"product","link":"https:\/\/www.moskito.cz\/fr\/produkt\/couteau-fixe-extrema-ratio-fulcrum-s-desert-warfare\/","title":{"rendered":"Couteau fixe Extrema Ratio FULCRUM S DESERT WARFARE"},"content":{"rendered":"<p>Couteau fixe <strong>Extrema Ratio<\/strong> FULCRUM S DESERT WARFARE. FULCRUM est une r\u00e9f\u00e9rence parmi les couteaux polyvalents. Il est utilis\u00e9 \u00e0 grande \u00e9chelle en Afghanistan comme \u00e9quipement standard par la composante italienne \u00ab\u00a0Nibbio\u00a0\u00bb de la mission et fait partie d&rsquo;un projet exp\u00e9rimental de renouvellement des \u00e9quipements individuels du commandement des troupes alpines. En pr\u00e9paration de cette importante mission, le Commandement des Troupes Alpines a coordonn\u00e9 une \u00e9quipe d&rsquo;entreprises dans la cr\u00e9ation d&rsquo;\u00e9quipements exp\u00e9rimentaux individuels complets et restaur\u00e9s. Extrema Ratio est l&rsquo;entreprise qui a \u00e9t\u00e9 s\u00e9lectionn\u00e9e et contact\u00e9e par le Commandement Alpin pour d\u00e9velopper un outil polyvalent adapt\u00e9 \u00e0 l&rsquo;infanterie de ligne, un couteau qui pourrait \u00eatre utilis\u00e9 sous toutes les latitudes et qui r\u00e9soudrait avec succ\u00e8s tout type de probl\u00e8me que des \u00e9quipements plus sp\u00e9cialis\u00e9s ne pourraient pas r\u00e9soudre. . . Son succ\u00e8s fut tel que cette fonction polyvalente d\u00e9clencha le d\u00e9veloppement d&rsquo;une ba\u00efonnette Fulcrum pr\u00e9sentant les m\u00eames caract\u00e9ristiques mais pouvant \u00eatre fix\u00e9e sur un fusil de service. Le FULCRUM est un couteau extr\u00eamement robuste et polyvalent. La lame r\u00e9siste \u00e0 une casse sup\u00e9rieure \u00e0 150 kg, la pointe est tr\u00e8s solide et le profil permet de travailler longtemps avec le couteau sans affecter le tranchant de la derni\u00e8re section. Gr\u00e2ce au centre de gravit\u00e9 avanc\u00e9 et au poids de la lame, elle convient aux travaux de terrain lourds. Disponible en versions FULCRUM EI, FULCRUM BLACK, FULCRUM DESERT WARFARE. la pointe est tr\u00e8s solide et le profil permet de travailler longtemps avec le couteau sans affecter le tranchant de la derni\u00e8re section. Gr\u00e2ce au centre de gravit\u00e9 avanc\u00e9 et au poids de la lame, elle convient aux travaux de terrain lourds. Disponible en versions FULCRUM EI, FULCRUM BLACK, FULCRUM DESERT WARFARE. la pointe est tr\u00e8s solide et le profil permet de travailler longtemps avec le couteau sans affecter le tranchant de la derni\u00e8re section. Gr\u00e2ce au centre de gravit\u00e9 avanc\u00e9 et au poids de la lame, elle convient aux travaux de terrain lourds. Disponible en versions FULCRUM EI, FULCRUM BLACK, FULCRUM DESERT WARFARE. Une version plus courte du FULCRUM avec une lame de 15 cm (5,91&Prime;). M\u00eames caract\u00e9ristiques que FULCRUM, sauf une masse plus l\u00e9g\u00e8re qui se voit lors d&rsquo;un travail dur. Versions disponibles : FULCRUM S BLACK, FULCRUM S DESERT WARFARE. G POIDS : 304 ONCES POIDS : 10,7 LONGUEUR DE LA LAME (MM) : 150 LONGUEUR DE LA LAME (PO) : 5,9 LONGUEUR TOTALE (MM) : 280 LONGUEUR TOTALE (PO) : 11 \u00c9PAISSEUR DE LA LAME (MM) : 6,3 LAME \u00c9PAISSEUR (PO) : 0,25 MAT\u00c9RIAU DE LA LAME : ACIER B\u00d6HLER N690 (58HRC) FINITION DE LA LAME : DESERT WARFARE GRILLE PRINCIPALE : PLATE DENTS PARTIELLES (MM) : 40 DENTS PARTIELLES (PO) : 1,6 MAT\u00c9RIAU DU MANCHE : FORPR\u00c8NE       &nbsp;<\/p>\n","protected":false},"excerpt":{"rendered":"<p>Bas\u00e9e \u00e0 Prato, en Italie <strong>, Extrema Ratio<\/strong> con\u00e7oit et fabrique des couteaux de combat, militaires, de cuisine, de chasse et tactiques de haute performance depuis 1997 et jouit d&rsquo;une r\u00e9putation de qualit\u00e9 sup\u00e9rieure sans \u00e9gal dans l&rsquo;industrie des couteaux militaires et tactiques. <strong>Livraison gratuite<\/strong> .<\/p>\n","protected":false},"featured_media":358372,"comment_status":"open","ping_status":"closed","template":"","meta":[],"pwb-brand":[3767],"product_brand":[],"product_cat":[3697,3696],"product_tag":[3754],"class_list":{"0":"post-358370","1":"product","2":"type-product","3":"status-publish","4":"has-post-thumbnail","6":"pwb-brand-rapport-extreme","7":"product_cat-couteaux-solides","8":"product_cat-des-couteaux","9":"product_tag-b2b-fr","11":"first","12":"instock","13":"taxable","14":"shipping-taxable","15":"purchasable","16":"product-type-simple"},"brands":[{"id":3767,"name":"Rapport extr\u00eame","slug":"rapport-extreme"}],"_links":{"self":[{"href":"https:\/\/www.moskito.cz\/fr\/wp-json\/wp\/v2\/product\/358370","targetHints":{"allow":["GET"]}}],"collection":[{"href":"https:\/\/www.moskito.cz\/fr\/wp-json\/wp\/v2\/product"}],"about":[{"href":"https:\/\/www.moskito.cz\/fr\/wp-json\/wp\/v2\/types\/product"}],"replies":[{"embeddable":true,"href":"https:\/\/www.moskito.cz\/fr\/wp-json\/wp\/v2\/comments?post=358370"}],"wp:featuredmedia":[{"embeddable":true,"href":"https:\/\/www.moskito.cz\/fr\/wp-json\/wp\/v2\/media\/358372"}],"wp:attachment":[{"href":"https:\/\/www.moskito.cz\/fr\/wp-json\/wp\/v2\/media?parent=358370"}],"wp:term":[{"taxonomy":"pwb-brand","embeddable":true,"href":"https:\/\/www.moskito.cz\/fr\/wp-json\/wp\/v2\/pwb-brand?post=358370"},{"taxonomy":"product_brand","embeddable":true,"href":"https:\/\/www.moskito.cz\/fr\/wp-json\/wp\/v2\/product_brand?post=358370"},{"taxonomy":"product_cat","embeddable":true,"href":"https:\/\/www.moskito.cz\/fr\/wp-json\/wp\/v2\/product_cat?post=358370"},{"taxonomy":"product_tag","embeddable":true,"href":"https:\/\/www.moskito.cz\/fr\/wp-json\/wp\/v2\/product_tag?post=358370"}],"curies":[{"name":"wp","href":"https:\/\/api.w.org\/{rel}","templated":true}]}}