{"id":358401,"date":"2021-04-27T20:25:35","date_gmt":"2024-09-07T15:55:28","guid":{"rendered":"https:\/\/www.moskito.cz\/produkt\/couteau-fixe-extrema-ratio-ontos-noir-sans-kit\/"},"modified":"2025-07-11T07:54:46","modified_gmt":"2025-07-11T06:54:46","slug":"couteau-fixe-extrema-ratio-ontos-noir-sans-kit","status":"publish","type":"product","link":"https:\/\/www.moskito.cz\/fr\/produkt\/couteau-fixe-extrema-ratio-ontos-noir-sans-kit\/","title":{"rendered":"Couteau Fixe Extrema Ratio ONTOS NOIR SANS KIT"},"content":{"rendered":"<p>Couteau Fixe <strong>Extrema Ratio<\/strong> ONTOS NOIR SANS KIT. La demande croissante de professionnels parmi nos clients a convaincu Extrema Ratio de concevoir un outil de survie pour toutes les saisons. ONTOS (grec pour \u00ab&nbsp;chose&nbsp;\u00bb) est un pur couteau de campagne, durable et lourd malgr\u00e9 sa taille compacte. Le segment dentel\u00e9 \u00e0 l&rsquo;arri\u00e8re de la lame est con\u00e7u comme une sauvegarde qui ne peut jamais \u00eatre attrap\u00e9e sans un bord tranchant pr\u00eat \u00e0 l&#8217;emploi. Une veste de cuisse en nylon compatible MOLLE reste en place m\u00eame en cas de retraite, lorsque le soldat se d\u00e9barrasse de la plupart de son \u00e9quipement principal encombrant. Un kit de survie peut \u00eatre achet\u00e9 s\u00e9par\u00e9ment, qui peut \u00eatre attach\u00e9 \u00e0 l&rsquo;\u00e9tui du couteau. Versions disponibles : ONTOS NOIR, ONTOS VERT. FICHE TECHNIQUE Poids g.:411 Poids oz.: 14,5 Longueur de la lame (mm): 168 Longueur de la lame (po): 6,6 Longueur hors tout (mm): 299 Longueur hors tout (po): 11,8 \u00c9paisseur de la lame (mm): 6,3 \u00c9paisseur de la lame ( po) : 0,25 Mat\u00e9riau de la lame : ACIER B\u00f6HLER N690 (58HRC) Finition de la lame : CHAUFFANT MIL-C-13924 Grille principale : PLATE Dentelures (po) : 1,6 Dentelures (mm) : 40 Mat\u00e9riau du manche : FORPRENE <\/p>\n","protected":false},"excerpt":{"rendered":"<p>Bas\u00e9e \u00e0 Prato, en Italie <strong>, Extrema Ratio<\/strong> con\u00e7oit et fabrique des couteaux de combat, militaires, de cuisine, de chasse et tactiques de haute performance depuis 1997 et jouit d&rsquo;une r\u00e9putation de qualit\u00e9 sup\u00e9rieure sans \u00e9gal dans l&rsquo;industrie des couteaux militaires et tactiques. <strong>Transports gratuits.<\/strong><\/p>\n","protected":false},"featured_media":358403,"comment_status":"open","ping_status":"closed","template":"","meta":[],"pwb-brand":[3767],"product_brand":[],"product_cat":[3697,3696],"product_tag":[3754],"class_list":{"0":"post-358401","1":"product","2":"type-product","3":"status-publish","4":"has-post-thumbnail","6":"pwb-brand-rapport-extreme","7":"product_cat-couteaux-solides","8":"product_cat-des-couteaux","9":"product_tag-b2b-fr","11":"first","12":"instock","13":"taxable","14":"shipping-taxable","15":"purchasable","16":"product-type-simple"},"brands":[{"id":3767,"name":"Rapport extr\u00eame","slug":"rapport-extreme"}],"_links":{"self":[{"href":"https:\/\/www.moskito.cz\/fr\/wp-json\/wp\/v2\/product\/358401","targetHints":{"allow":["GET"]}}],"collection":[{"href":"https:\/\/www.moskito.cz\/fr\/wp-json\/wp\/v2\/product"}],"about":[{"href":"https:\/\/www.moskito.cz\/fr\/wp-json\/wp\/v2\/types\/product"}],"replies":[{"embeddable":true,"href":"https:\/\/www.moskito.cz\/fr\/wp-json\/wp\/v2\/comments?post=358401"}],"wp:featuredmedia":[{"embeddable":true,"href":"https:\/\/www.moskito.cz\/fr\/wp-json\/wp\/v2\/media\/358403"}],"wp:attachment":[{"href":"https:\/\/www.moskito.cz\/fr\/wp-json\/wp\/v2\/media?parent=358401"}],"wp:term":[{"taxonomy":"pwb-brand","embeddable":true,"href":"https:\/\/www.moskito.cz\/fr\/wp-json\/wp\/v2\/pwb-brand?post=358401"},{"taxonomy":"product_brand","embeddable":true,"href":"https:\/\/www.moskito.cz\/fr\/wp-json\/wp\/v2\/product_brand?post=358401"},{"taxonomy":"product_cat","embeddable":true,"href":"https:\/\/www.moskito.cz\/fr\/wp-json\/wp\/v2\/product_cat?post=358401"},{"taxonomy":"product_tag","embeddable":true,"href":"https:\/\/www.moskito.cz\/fr\/wp-json\/wp\/v2\/product_tag?post=358401"}],"curies":[{"name":"wp","href":"https:\/\/api.w.org\/{rel}","templated":true}]}}