{"id":358427,"date":"2022-07-10T10:29:05","date_gmt":"2024-09-07T15:55:31","guid":{"rendered":"https:\/\/www.moskito.cz\/produkt\/couteau-fixe-extrema-ratio-ontos-vert-sans-kit\/"},"modified":"2025-05-07T11:23:49","modified_gmt":"2025-05-07T10:23:49","slug":"couteau-fixe-extrema-ratio-ontos-vert-sans-kit","status":"publish","type":"product","link":"https:\/\/www.moskito.cz\/fr\/produkt\/couteau-fixe-extrema-ratio-ontos-vert-sans-kit\/","title":{"rendered":"Couteau Fixe Extrema Ratio ONTOS VERT SANS KIT"},"content":{"rendered":"<p>Couteau Fixe <strong>Extrema Ratio<\/strong> ONTOS GREEN NO KIT La demande croissante des professionnels parmi nos clients a convaincu Extrema Ratio de concevoir un outil de survie pour toutes les saisons. ONTOS (\u00ab chose \u00bb en grec) est un pur couteau de campagne, r\u00e9sistant et lourd malgr\u00e9 sa taille compacte. Le segment dentel\u00e9 au dos de la lame est con\u00e7u comme un \u00e9l\u00e9ment de support qui ne s&rsquo;accrochera jamais sans un bord tranchant pr\u00eat \u00e0 l&#8217;emploi. Un \u00e9tui de cuisse en nylon compatible MOLLE restera en place m\u00eame en cas de retraite, o\u00f9 le soldat laisserait tomber la plupart de son \u00e9quipement essentiel encombrant. Un kit de survie peut \u00eatre achet\u00e9 s\u00e9par\u00e9ment pour \u00eatre fix\u00e9 \u00e0 l&rsquo;\u00e9tui du couteau. Versions disponibles : ONTOS NOIR, ONTOS VERT. G. POIDS&nbsp;: 411 OZ. POIDS&nbsp;: 14,5 LONGUEUR DE LA LAME (MM)&nbsp;: 168 LONGUEUR DE LA LAME (PO)&nbsp;: 6,6 LONGUEUR TOTALE (MM)&nbsp;: 299 LONGUEUR TOTALE (H)&nbsp;: 11,8 \u00c9PAISSEUR DE LA LAME (MM)&nbsp;: 6,3 \u00c9PAISSEUR DE LA LAME (PO) : 0,25 MAT\u00c9RIAU DE LA LAME : ACIER B\u00d6HLER N690 (58HRC) FINITION DE LA LAME : POSE MIL-C-13924 GRILLE PRINCIPALE : PLATE DENTS PARTIELLES (MM) : 40 DENTS PARTIELLES (PO) : 1, 6 MAT\u00c9RIAU DU MANCHE : FORPR\u00c8NE <\/p>\n","protected":false},"excerpt":{"rendered":"<p>Bas\u00e9e \u00e0 Prato, en Italie <strong>, Extrema Ratio<\/strong> con\u00e7oit et fabrique des couteaux de combat, militaires, de cuisine, de chasse et tactiques de haute performance depuis 1997 et jouit d&rsquo;une r\u00e9putation de qualit\u00e9 sup\u00e9rieure sans \u00e9gal dans l&rsquo;industrie des couteaux militaires et tactiques. <strong>Livraison gratuite<\/strong> .<\/p>\n","protected":false},"featured_media":358428,"comment_status":"open","ping_status":"closed","template":"","meta":[],"pwb-brand":[3767],"product_brand":[],"product_cat":[3697,3696],"product_tag":[3754],"class_list":{"0":"post-358427","1":"product","2":"type-product","3":"status-publish","4":"has-post-thumbnail","6":"pwb-brand-rapport-extreme","7":"product_cat-couteaux-solides","8":"product_cat-des-couteaux","9":"product_tag-b2b-fr","11":"first","12":"instock","13":"taxable","14":"shipping-taxable","15":"purchasable","16":"product-type-simple"},"brands":[{"id":3767,"name":"Rapport extr\u00eame","slug":"rapport-extreme"}],"_links":{"self":[{"href":"https:\/\/www.moskito.cz\/fr\/wp-json\/wp\/v2\/product\/358427","targetHints":{"allow":["GET"]}}],"collection":[{"href":"https:\/\/www.moskito.cz\/fr\/wp-json\/wp\/v2\/product"}],"about":[{"href":"https:\/\/www.moskito.cz\/fr\/wp-json\/wp\/v2\/types\/product"}],"replies":[{"embeddable":true,"href":"https:\/\/www.moskito.cz\/fr\/wp-json\/wp\/v2\/comments?post=358427"}],"wp:featuredmedia":[{"embeddable":true,"href":"https:\/\/www.moskito.cz\/fr\/wp-json\/wp\/v2\/media\/358428"}],"wp:attachment":[{"href":"https:\/\/www.moskito.cz\/fr\/wp-json\/wp\/v2\/media?parent=358427"}],"wp:term":[{"taxonomy":"pwb-brand","embeddable":true,"href":"https:\/\/www.moskito.cz\/fr\/wp-json\/wp\/v2\/pwb-brand?post=358427"},{"taxonomy":"product_brand","embeddable":true,"href":"https:\/\/www.moskito.cz\/fr\/wp-json\/wp\/v2\/product_brand?post=358427"},{"taxonomy":"product_cat","embeddable":true,"href":"https:\/\/www.moskito.cz\/fr\/wp-json\/wp\/v2\/product_cat?post=358427"},{"taxonomy":"product_tag","embeddable":true,"href":"https:\/\/www.moskito.cz\/fr\/wp-json\/wp\/v2\/product_tag?post=358427"}],"curies":[{"name":"wp","href":"https:\/\/api.w.org\/{rel}","templated":true}]}}