{"id":358442,"date":"2021-04-26T21:06:01","date_gmt":"2024-09-07T15:56:40","guid":{"rendered":"https:\/\/www.moskito.cz\/produkt\/couteau-fixe-extrema-ratio-t4000-s\/"},"modified":"2025-07-11T07:54:41","modified_gmt":"2025-07-11T06:54:41","slug":"couteau-fixe-extrema-ratio-t4000-s","status":"publish","type":"product","link":"https:\/\/www.moskito.cz\/fr\/produkt\/couteau-fixe-extrema-ratio-t4000-s\/","title":{"rendered":"Couteau Fixe Extrema Ratio T4000 S"},"content":{"rendered":"<div class=\"data-table\">\n<div class=\"data-output\">  Couteau fixe <strong>Extrema Ratio<\/strong> T4000 S. Le T4000 S continue la plus pure collection tanto <strong>Extrema Ratio<\/strong> pour ceux qui aiment les lames \u00e0 profil japonais mais ne veulent pas abandonner les accessoires tactiques typiques comme le manche et l&rsquo;\u00e9tui. FICHE TECHNIQUE Poids g. : 264,0 Poids oz. : 9,3 Longueur de la lame (mm) : 174 Longueur de la lame (po) : 6,9 Longueur hors tout (mm) : 304 Longueur hors tout (po) : 12,0 \u00c9paisseur de la lame (mm) : 4,0 \u00c9paisseur de la lame ( po) : 0,16 Mat\u00e9riau de la lame : ACIER B\u00f6HLER N690 (58HRC) Finition de la lame : CHAUFFANT MIL-C-13924 Grille principale : PLATE Mat\u00e9riau du manche : FORPRENE  <\/div>\n<\/div>\n<pre id=\"tw-target-text\" class=\"tw-data-text tw-text-large XcVN5d tw-ta\" dir=\"ltr\" data-placeholder=\"P\u0159eklad\"><span class=\"Y2IQFc\" lang=\"cs\"> <\/span><\/pre>\n","protected":false},"excerpt":{"rendered":"<p>Bas\u00e9e \u00e0 Prato, en Italie <strong>, Extrema Ratio<\/strong> con\u00e7oit et fabrique des couteaux de combat, militaires, de cuisine, de chasse et tactiques de haute performance depuis 1997 et jouit d&rsquo;une r\u00e9putation de qualit\u00e9 sup\u00e9rieure sans \u00e9gal dans l&rsquo;industrie des couteaux militaires et tactiques. <strong>Transports gratuits.<\/strong><\/p>\n","protected":false},"featured_media":358444,"comment_status":"open","ping_status":"closed","template":"","meta":[],"pwb-brand":[3767],"product_brand":[],"product_cat":[3697,3696],"product_tag":[3754],"class_list":{"0":"post-358442","1":"product","2":"type-product","3":"status-publish","4":"has-post-thumbnail","6":"pwb-brand-rapport-extreme","7":"product_cat-couteaux-solides","8":"product_cat-des-couteaux","9":"product_tag-b2b-fr","11":"first","12":"instock","13":"taxable","14":"shipping-taxable","15":"purchasable","16":"product-type-simple"},"brands":[{"id":3767,"name":"Rapport extr\u00eame","slug":"rapport-extreme"}],"_links":{"self":[{"href":"https:\/\/www.moskito.cz\/fr\/wp-json\/wp\/v2\/product\/358442","targetHints":{"allow":["GET"]}}],"collection":[{"href":"https:\/\/www.moskito.cz\/fr\/wp-json\/wp\/v2\/product"}],"about":[{"href":"https:\/\/www.moskito.cz\/fr\/wp-json\/wp\/v2\/types\/product"}],"replies":[{"embeddable":true,"href":"https:\/\/www.moskito.cz\/fr\/wp-json\/wp\/v2\/comments?post=358442"}],"wp:featuredmedia":[{"embeddable":true,"href":"https:\/\/www.moskito.cz\/fr\/wp-json\/wp\/v2\/media\/358444"}],"wp:attachment":[{"href":"https:\/\/www.moskito.cz\/fr\/wp-json\/wp\/v2\/media?parent=358442"}],"wp:term":[{"taxonomy":"pwb-brand","embeddable":true,"href":"https:\/\/www.moskito.cz\/fr\/wp-json\/wp\/v2\/pwb-brand?post=358442"},{"taxonomy":"product_brand","embeddable":true,"href":"https:\/\/www.moskito.cz\/fr\/wp-json\/wp\/v2\/product_brand?post=358442"},{"taxonomy":"product_cat","embeddable":true,"href":"https:\/\/www.moskito.cz\/fr\/wp-json\/wp\/v2\/product_cat?post=358442"},{"taxonomy":"product_tag","embeddable":true,"href":"https:\/\/www.moskito.cz\/fr\/wp-json\/wp\/v2\/product_tag?post=358442"}],"curies":[{"name":"wp","href":"https:\/\/api.w.org\/{rel}","templated":true}]}}