{"id":358505,"date":"2024-09-10T10:45:50","date_gmt":"2024-09-10T09:46:34","guid":{"rendered":"https:\/\/www.moskito.cz\/produkt\/outil-multifonction-leatherman-sidekick\/"},"modified":"2025-05-07T11:23:51","modified_gmt":"2025-05-07T10:23:51","slug":"outil-multifonction-leatherman-sidekick","status":"publish","type":"product","link":"https:\/\/www.moskito.cz\/fr\/produkt\/outil-multifonction-leatherman-sidekick\/","title":{"rendered":"Outil multifonction Leatherman SIDEKICK"},"content":{"rendered":"<p>Outil multifonction <strong>Leatherman<\/strong> SIDEKICK. <strong>Leatherman SIDEKICK<\/strong> est un autre exemple de la combinaison d&rsquo;un design attrayant et d&rsquo;une haute fonctionnalit\u00e9 de la marque Leatherman. l&rsquo;outil multifonction \u00e0 quatorze outils est \u00e9quip\u00e9 d&rsquo;une pince avec une poign\u00e9e de forme ergonomique et d&rsquo;un m\u00e9canisme \u00e0 ressort qui facilite le travail m\u00eame dans des conditions difficiles. Les outils externes &#8211; couteau et scie &#8211; peuvent \u00eatre facilement ouverts d&rsquo;une seule main. Un couteau \u00e0 bord dentel\u00e9, un ouvre-lime et un jeu de tournevis compl\u00e8tent l&rsquo;outil \u00e0 l&rsquo;int\u00e9rieur. Le multitool <strong>Leatherman SIDEKICK<\/strong> sera particuli\u00e8rement appr\u00e9ci\u00e9 des monteurs (mais aussi des grimpeurs) qui souhaitent toujours avoir des outils de base \u00e0 port\u00e9e de main m\u00eame dans des conditions difficiles. Le paquet contient : multitool, \u00e9tui moyen en nylon noir, clip amovible pour poche ou ceinture, 100% original. autocollant, instructions. Param\u00e8tres : Longueur de la lame : 6,6 cm Longueur de l&rsquo;outil ferm\u00e9 : 9,7 cm Poids : 198,4 g https:\/\/www.youtube.com\/shorts\/E7JckCUsyps       &nbsp;<\/p>\n","protected":false},"excerpt":{"rendered":"<p><strong>Outil de poche multifonctionnel avec pince \u00e0 ressort, scie, deux lames de couteau, ouvre-porte et autres outils utiles.<\/strong><\/p>\n","protected":false},"featured_media":358474,"comment_status":"open","ping_status":"closed","template":"","meta":[],"pwb-brand":[3934],"product_brand":[],"product_cat":[3695],"product_tag":[],"class_list":{"0":"post-358505","1":"product","2":"type-product","3":"status-publish","4":"has-post-thumbnail","6":"pwb-brand-maroquinier","7":"product_cat-outil-multi-fonction","9":"first","10":"instock","11":"taxable","12":"shipping-taxable","13":"purchasable","14":"product-type-simple"},"brands":[{"id":3934,"name":"Maroquinier","slug":"maroquinier"}],"_links":{"self":[{"href":"https:\/\/www.moskito.cz\/fr\/wp-json\/wp\/v2\/product\/358505","targetHints":{"allow":["GET"]}}],"collection":[{"href":"https:\/\/www.moskito.cz\/fr\/wp-json\/wp\/v2\/product"}],"about":[{"href":"https:\/\/www.moskito.cz\/fr\/wp-json\/wp\/v2\/types\/product"}],"replies":[{"embeddable":true,"href":"https:\/\/www.moskito.cz\/fr\/wp-json\/wp\/v2\/comments?post=358505"}],"wp:featuredmedia":[{"embeddable":true,"href":"https:\/\/www.moskito.cz\/fr\/wp-json\/wp\/v2\/media\/358474"}],"wp:attachment":[{"href":"https:\/\/www.moskito.cz\/fr\/wp-json\/wp\/v2\/media?parent=358505"}],"wp:term":[{"taxonomy":"pwb-brand","embeddable":true,"href":"https:\/\/www.moskito.cz\/fr\/wp-json\/wp\/v2\/pwb-brand?post=358505"},{"taxonomy":"product_brand","embeddable":true,"href":"https:\/\/www.moskito.cz\/fr\/wp-json\/wp\/v2\/product_brand?post=358505"},{"taxonomy":"product_cat","embeddable":true,"href":"https:\/\/www.moskito.cz\/fr\/wp-json\/wp\/v2\/product_cat?post=358505"},{"taxonomy":"product_tag","embeddable":true,"href":"https:\/\/www.moskito.cz\/fr\/wp-json\/wp\/v2\/product_tag?post=358505"}],"curies":[{"name":"wp","href":"https:\/\/api.w.org\/{rel}","templated":true}]}}