{"id":358546,"date":"2024-09-10T13:55:27","date_gmt":"2024-09-10T12:55:27","guid":{"rendered":"https:\/\/www.moskito.cz\/produkt\/outil-multifonction-leatherman-charge-plus-noir\/"},"modified":"2025-05-07T11:23:52","modified_gmt":"2025-05-07T10:23:52","slug":"outil-multifonction-leatherman-charge-plus-noir","status":"publish","type":"product","link":"https:\/\/www.moskito.cz\/fr\/produkt\/outil-multifonction-leatherman-charge-plus-noir\/","title":{"rendered":"Outil multifonction Leatherman Charge Plus noir"},"content":{"rendered":"<p>Outil multifonction <strong>Leatherman<\/strong> Charge Plus noir. <strong>Leatherman Charge+ noir<\/strong> a une finition gris-noir mat et est l&rsquo;un des outils multifonctions les plus populaires non seulement en raison de ses 19 outils fonctionnels (qui comprennent des couteaux, une scie, un crochet coupant, une lime, des tournevis ou des ouvre-portes), mais aussi en raison de les mat\u00e9riaux de premi\u00e8re qualit\u00e9 \u00e0 partir desquels il est construit. L&rsquo;outil marqu\u00e9 Plus a \u00e9t\u00e9 r\u00e9cemment enrichi de lames de pinces rempla\u00e7ables, gr\u00e2ce auxquelles l&rsquo;outil multifonction reste comme neuf m\u00eame apr\u00e8s de nombreuses ann\u00e9es d&rsquo;utilisation intensive. Les ciseaux couperont tout, les couperets sont fabriqu\u00e9s dans un mat\u00e9riau durable et sont rempla\u00e7ables, et la lame du couteau est en acier solide et r\u00e9sistant \u00e0 la corrosion de 154 cm (154 cm est un type d&rsquo;acier inoxydable d\u00e9velopp\u00e9 et fabriqu\u00e9 aux \u00c9tats-Unis par Crucible Materials Corporation.) Besoin d\u2019un coup de main suppl\u00e9mentaire ? Aucun probl\u00e8me. Chaque outil peut \u00eatre ouvert et verrouill\u00e9 d&rsquo;une seule main. Comprend un clip de poche amovible. PARAM\u00c8TRES : Longueur de la lame : 7,37 cm Longueur de l&rsquo;outil ferm\u00e9 : 10 cm Poids : 235 g OUTILS : 01 Pince \u00e0 bec effil\u00e9 02 Pince ordinaire 03 Coupe-fil rempla\u00e7able Premium 04 Coupe-fil dur Premium rempla\u00e7able 05 Pince \u00e0 sertir \u00e9lectrique 06 Pince \u00e0 d\u00e9nuder 07 Couteau 154CM 08 Couteau dentel\u00e9 420HC 09 Scie 10 Cisailles \u00e0 ressort 11 Crochet de coupe 12 R\u00e8gle (8 po | 19 cm) 13 Ouvre-bo\u00eete 14 Ouvre-bouteille 15 Lime \u00e0 bois\/m\u00e9tal 16 Lime \u00e0 surface diamant\u00e9e 17 Grand foret 18 Petit foret 19 Tournevis moyen        &nbsp;  LE FORFAIT COMPREND : un \u00e9tui central en nylon pour outil multifonction avec 4 poches, un clip de poche amovible, un mousqueton, un jeu d&#8217;embouts suppl\u00e9mentaires : embouts crois\u00e9s PZ1 et PZ2, allen 1,5 mm, 2 mm, 2,5 mm, 3 mm, 4 mm, 5 mm torx 10, 15, 20, 25 embout plat Autocollant 1\/8 et 3\/32 notice 100% originale<\/p>\n","protected":false},"excerpt":{"rendered":"<p><strong>L&rsquo;outil est garanti 25 ans, votre Leatherman vous servira donc presque toute une vie. L&rsquo;outil est livr\u00e9 avec un \u00e9tui en nylon \u00e0 quatre compartiments, un clip en acier et un \u0153illet de suspension, un chargeur en plastique contenant sept embouts. <\/strong><\/p>\n<p><strong>Transports gratuits.<\/strong><\/p>\n","protected":false},"featured_media":358524,"comment_status":"open","ping_status":"closed","template":"","meta":[],"pwb-brand":[3934],"product_brand":[],"product_cat":[3695],"product_tag":[],"class_list":{"0":"post-358546","1":"product","2":"type-product","3":"status-publish","4":"has-post-thumbnail","6":"pwb-brand-maroquinier","7":"product_cat-outil-multi-fonction","9":"first","10":"instock","11":"taxable","12":"shipping-taxable","13":"purchasable","14":"product-type-simple"},"brands":[{"id":3934,"name":"Maroquinier","slug":"maroquinier"}],"_links":{"self":[{"href":"https:\/\/www.moskito.cz\/fr\/wp-json\/wp\/v2\/product\/358546","targetHints":{"allow":["GET"]}}],"collection":[{"href":"https:\/\/www.moskito.cz\/fr\/wp-json\/wp\/v2\/product"}],"about":[{"href":"https:\/\/www.moskito.cz\/fr\/wp-json\/wp\/v2\/types\/product"}],"replies":[{"embeddable":true,"href":"https:\/\/www.moskito.cz\/fr\/wp-json\/wp\/v2\/comments?post=358546"}],"wp:featuredmedia":[{"embeddable":true,"href":"https:\/\/www.moskito.cz\/fr\/wp-json\/wp\/v2\/media\/358524"}],"wp:attachment":[{"href":"https:\/\/www.moskito.cz\/fr\/wp-json\/wp\/v2\/media?parent=358546"}],"wp:term":[{"taxonomy":"pwb-brand","embeddable":true,"href":"https:\/\/www.moskito.cz\/fr\/wp-json\/wp\/v2\/pwb-brand?post=358546"},{"taxonomy":"product_brand","embeddable":true,"href":"https:\/\/www.moskito.cz\/fr\/wp-json\/wp\/v2\/product_brand?post=358546"},{"taxonomy":"product_cat","embeddable":true,"href":"https:\/\/www.moskito.cz\/fr\/wp-json\/wp\/v2\/product_cat?post=358546"},{"taxonomy":"product_tag","embeddable":true,"href":"https:\/\/www.moskito.cz\/fr\/wp-json\/wp\/v2\/product_tag?post=358546"}],"curies":[{"name":"wp","href":"https:\/\/api.w.org\/{rel}","templated":true}]}}