{"id":358620,"date":"2023-04-22T12:56:03","date_gmt":"2023-04-22T11:56:03","guid":{"rendered":"https:\/\/www.moskito.cz\/produkt\/outil-multifonction-leatherman-surge-noir\/"},"modified":"2025-12-20T07:11:16","modified_gmt":"2025-12-20T06:11:16","slug":"outil-multifonction-leatherman-surge-noir","status":"publish","type":"product","link":"https:\/\/www.moskito.cz\/fr\/produkt\/outil-multifonction-leatherman-surge-noir\/","title":{"rendered":"Outil multifonction Leatherman Surge noir"},"content":{"rendered":"<p>Outil multifonction <strong>Leatherman<\/strong> Surge Black Les pinces Leatherman Surge Black sont une aide utile pour tout bricoleur, dont le corps en acier durable cache un total de 21 outils. Gr\u00e2ce \u00e0 ses dimensions discr\u00e8tes, vous pouvez toujours l&rsquo;avoir dans votre poche ou dans la voiture, dans le coffre d&rsquo;une moto, \u00e0 l&rsquo;atelier ou, enfin et surtout, \u00e9galement dans la nature. Dans ce multitool, en plus de la pince multifonction classique, vous trouverez \u00e9galement un ouvre-bouteille et un ouvre-bo\u00eete, un jeu de tournevis, un poin\u00e7on avec un trou, deux couteaux en acier premium 420HC, une scie \u00e0 double dents, qui vous pouvez \u00e9changer contre une lime avec un rev\u00eatement diamant\u00e9. Vous trouverez \u00e9galement certainement des ciseaux pointus avec un m\u00e9canisme \u00e0 ressort \u00e0 port\u00e9e de main. Bref, vous trouverez ici tout ce dont vous avez besoin pour diverses activit\u00e9s. Leatherman offre une garantie de 25 ans sur ses produits, ce qui prouve la qualit\u00e9 des produits de cette marque. Outils : Pince \u00e0 bec effil\u00e9 Pince combin\u00e9e Pince \u00e0 sertir les fils souples &#8211; Pince \u00e0 sertir les fils durs rempla\u00e7ables &#8211; Pince \u00e0 sertir rempla\u00e7able Pince \u00e0 sertir &#8211; Lame de d\u00e9nudage des c\u00e2bles m\u00e9talliques sur l&rsquo;ouvre-couteau Couteau droit en acier 420HC Couteau dentel\u00e9 en acier 420HC Cisaille \u00e0 ressort de scie R\u00e8gle de poin\u00e7on (8 pouces\/19 cm) Ouvre-bouteille Ouvre-bouteille Lime \u00e0 bois et m\u00e9tal Lime diamant\u00e9e Scie interchangeable &#8211; Bosch Adaptateur pour gros embouts Grand tournevis plat Petit tournevis plat      <\/p>\n","protected":false},"excerpt":{"rendered":"<p>Le Leatherman Surge est l&rsquo;un de nos deux plus grands outils multifonctions. Il comprend les plus grandes pinces de Leatherman, les lames les plus longues et des verrous d&rsquo;outils faciles \u00e0 utiliser. <\/p>\n","protected":false},"featured_media":358624,"comment_status":"open","ping_status":"closed","template":"","meta":[],"pwb-brand":[3934],"product_brand":[],"product_cat":[3695],"product_tag":[],"class_list":{"0":"post-358620","1":"product","2":"type-product","3":"status-publish","4":"has-post-thumbnail","6":"pwb-brand-maroquinier","7":"product_cat-outil-multi-fonction","9":"first","10":"instock","11":"taxable","12":"shipping-taxable","13":"purchasable","14":"product-type-simple"},"brands":[{"id":3934,"name":"Maroquinier","slug":"maroquinier"}],"_links":{"self":[{"href":"https:\/\/www.moskito.cz\/fr\/wp-json\/wp\/v2\/product\/358620","targetHints":{"allow":["GET"]}}],"collection":[{"href":"https:\/\/www.moskito.cz\/fr\/wp-json\/wp\/v2\/product"}],"about":[{"href":"https:\/\/www.moskito.cz\/fr\/wp-json\/wp\/v2\/types\/product"}],"replies":[{"embeddable":true,"href":"https:\/\/www.moskito.cz\/fr\/wp-json\/wp\/v2\/comments?post=358620"}],"wp:featuredmedia":[{"embeddable":true,"href":"https:\/\/www.moskito.cz\/fr\/wp-json\/wp\/v2\/media\/358624"}],"wp:attachment":[{"href":"https:\/\/www.moskito.cz\/fr\/wp-json\/wp\/v2\/media?parent=358620"}],"wp:term":[{"taxonomy":"pwb-brand","embeddable":true,"href":"https:\/\/www.moskito.cz\/fr\/wp-json\/wp\/v2\/pwb-brand?post=358620"},{"taxonomy":"product_brand","embeddable":true,"href":"https:\/\/www.moskito.cz\/fr\/wp-json\/wp\/v2\/product_brand?post=358620"},{"taxonomy":"product_cat","embeddable":true,"href":"https:\/\/www.moskito.cz\/fr\/wp-json\/wp\/v2\/product_cat?post=358620"},{"taxonomy":"product_tag","embeddable":true,"href":"https:\/\/www.moskito.cz\/fr\/wp-json\/wp\/v2\/product_tag?post=358620"}],"curies":[{"name":"wp","href":"https:\/\/api.w.org\/{rel}","templated":true}]}}