{"id":358700,"date":"2024-09-10T14:38:58","date_gmt":"2024-09-10T14:40:45","guid":{"rendered":"https:\/\/www.moskito.cz\/produkt\/outil-multifonction-leatherman-curl\/"},"modified":"2025-05-07T11:23:56","modified_gmt":"2025-05-07T10:23:56","slug":"outil-multifonction-leatherman-curl","status":"publish","type":"product","link":"https:\/\/www.moskito.cz\/fr\/produkt\/outil-multifonction-leatherman-curl\/","title":{"rendered":"Outil multifonction Leatherman CURL"},"content":{"rendered":"<p>Outil multifonction <strong>Leatherman<\/strong> CURL. Compact et pratique. Tel est le nouvel outil multifonction <strong>Leatherman CURL<\/strong> . Il comprend quinze outils de pointe (dont une lame de couteau ultra tranchante accessible d&rsquo;une seule main, des cisailles \u00e0 ressort et un embout). Pourtant, <strong>CURL<\/strong> est tr\u00e8s abordable. Avec un clip de poche amovible ou un \u00e9tui en nylon, vous l&rsquo;aurez toujours \u00e0 port\u00e9e de main. Contenu de l&#8217;emballage : \u00e9tui en nylon, clip amovible. Param\u00e8tres : Longueur de la lame : 7,37 cm Longueur de l&rsquo;outil ferm\u00e9 : 10 cm Contenu de l&#8217;emballage : \u00e9tui multitool en nylon clip amovible autocollant 100% original et notice Outils : Pinces \u00e0 pointe aiguille Pinces Pinces coupe-fils Pinces \u00e0 fils durs Lame \u00e0 d\u00e9nuder les c\u00e2bles Couteau \u00e0 lame droite en acier 420 Adaptateur HC pour embouts larges Cisailles \u00e0 ressort Lime diamant\u00e9e Ouvre-bo\u00eete Ouvre-bouteille Poin\u00e7on et oeillet R\u00e8gle (10 cm) Lime \u00e0 bois et m\u00e9tal Tournevis moyen       <\/p>\n","protected":false},"excerpt":{"rendered":"<p><strong>Le Leatherman Curl Multitool comprend quinze outils de pointe (y compris une lame de couteau ultra-tranchante accessible d&rsquo;une seule main, des cisailles \u00e0 ressort et un embout).<\/strong><\/p>\n","protected":false},"featured_media":358589,"comment_status":"open","ping_status":"closed","template":"","meta":[],"pwb-brand":[3934],"product_brand":[],"product_cat":[3695],"product_tag":[],"class_list":{"0":"post-358700","1":"product","2":"type-product","3":"status-publish","4":"has-post-thumbnail","6":"pwb-brand-maroquinier","7":"product_cat-outil-multi-fonction","9":"first","10":"instock","11":"taxable","12":"shipping-taxable","13":"purchasable","14":"product-type-simple"},"brands":[{"id":3934,"name":"Maroquinier","slug":"maroquinier"}],"_links":{"self":[{"href":"https:\/\/www.moskito.cz\/fr\/wp-json\/wp\/v2\/product\/358700","targetHints":{"allow":["GET"]}}],"collection":[{"href":"https:\/\/www.moskito.cz\/fr\/wp-json\/wp\/v2\/product"}],"about":[{"href":"https:\/\/www.moskito.cz\/fr\/wp-json\/wp\/v2\/types\/product"}],"replies":[{"embeddable":true,"href":"https:\/\/www.moskito.cz\/fr\/wp-json\/wp\/v2\/comments?post=358700"}],"wp:featuredmedia":[{"embeddable":true,"href":"https:\/\/www.moskito.cz\/fr\/wp-json\/wp\/v2\/media\/358589"}],"wp:attachment":[{"href":"https:\/\/www.moskito.cz\/fr\/wp-json\/wp\/v2\/media?parent=358700"}],"wp:term":[{"taxonomy":"pwb-brand","embeddable":true,"href":"https:\/\/www.moskito.cz\/fr\/wp-json\/wp\/v2\/pwb-brand?post=358700"},{"taxonomy":"product_brand","embeddable":true,"href":"https:\/\/www.moskito.cz\/fr\/wp-json\/wp\/v2\/product_brand?post=358700"},{"taxonomy":"product_cat","embeddable":true,"href":"https:\/\/www.moskito.cz\/fr\/wp-json\/wp\/v2\/product_cat?post=358700"},{"taxonomy":"product_tag","embeddable":true,"href":"https:\/\/www.moskito.cz\/fr\/wp-json\/wp\/v2\/product_tag?post=358700"}],"curies":[{"name":"wp","href":"https:\/\/api.w.org\/{rel}","templated":true}]}}