{"id":358704,"date":"2024-09-10T15:16:18","date_gmt":"2024-09-10T14:41:31","guid":{"rendered":"https:\/\/www.moskito.cz\/produkt\/outil-multifonction-leatherman-signal-goya\/"},"modified":"2025-05-07T11:23:57","modified_gmt":"2025-05-07T10:23:57","slug":"outil-multifonction-leatherman-signal-goya","status":"publish","type":"product","link":"https:\/\/www.moskito.cz\/fr\/produkt\/outil-multifonction-leatherman-signal-goya\/","title":{"rendered":"Outil multifonction Leatherman SIGNAL GOYA"},"content":{"rendered":"<p>Outil multifonction <strong>Leatherman<\/strong> SIGNAL GOYA. Il n\u2019est pas difficile de se retrouver dans une situation o\u00f9 la vie est litt\u00e9ralement en jeu. Perdez-vous simplement dans la for\u00eat, perdez-vous n&rsquo;importe o\u00f9 dans la nature. Toute aide sera appr\u00e9ci\u00e9e \u00e0 ce moment-l\u00e0. Leatherman SIGNAL GUAVA en apporte exactement dix-neuf. Parmi les dix-neuf outils du nouveau sp\u00e9cial ext\u00e9rieur SIGNAL GUAVA, qui vous aideront non seulement en cas d&rsquo;urgence, figurent un silex avec une g\u00e2chette en diamant, \u00e0 l&rsquo;aide duquel vous pouvez allumer un feu tr\u00e8s facilement, un sifflet de signalisation pour communiquer avec les environs, un mousqueton pour la suspension, mais aussi un couteau \u00e0 lame combin\u00e9e, un marteau, un poin\u00e7on, un jeu d&rsquo;ouvre-portes et de tournevis et, bien s\u00fbr, une pince multifonctions traditionnelle. Le joli corps jaune-noir cache une \u00e9ventuelle bou\u00e9e de sauvetage, qui ne devrait plus vous surprendre. Param\u00e8tres : Poids : 212,62 g Longueur de l&rsquo;outil ferm\u00e9 : 11,43 cm Longueur de la lame : 6,93 cm Pince \u00e0 pointe aiguille Pince de serrage Coupe-fil en acier doux 154CM avec lames rempla\u00e7ables Coupe-fil en acier dur 154CM avec lames rempla\u00e7ables Lame \u00e0 d\u00e9nuder Couteau avec une lame combin\u00e9e en acier Marteau-scie 420HC Poin\u00e7on Ouvre-bo\u00eete Ouvre-bouteille Embout hexagonal 1\/4&Prime; Attache pour embout Cl\u00e9 polygonale 1\/4 Mousqueton Cl\u00e9 polygonale 3\/16 Sifflet de sauvetage Flintstone Aiguiseur diamant https:\/\/www.youtube.com\/shorts\/fyuHAUSUpAc         &nbsp;<\/p>\n","protected":false},"excerpt":{"rendered":"<p><strong>L&rsquo;outil multifonction Signal de Leatherman est le choix id\u00e9al pour toutes les situations, que vous soyez perdu dans les bois ou que vous partiez en montagne. Il y a un total de 19 outils dans un corps compact en acier inoxydable qui vous faciliteront toutes les situations. <\/strong><\/p>\n<p><strong>Transports gratuits.<\/strong><\/p>\n","protected":false},"featured_media":358650,"comment_status":"open","ping_status":"closed","template":"","meta":[],"pwb-brand":[3934],"product_brand":[],"product_cat":[3695],"product_tag":[],"class_list":{"0":"post-358704","1":"product","2":"type-product","3":"status-publish","4":"has-post-thumbnail","6":"pwb-brand-maroquinier","7":"product_cat-outil-multi-fonction","9":"first","10":"instock","11":"taxable","12":"shipping-taxable","13":"purchasable","14":"product-type-simple"},"brands":[{"id":3934,"name":"Maroquinier","slug":"maroquinier"}],"_links":{"self":[{"href":"https:\/\/www.moskito.cz\/fr\/wp-json\/wp\/v2\/product\/358704","targetHints":{"allow":["GET"]}}],"collection":[{"href":"https:\/\/www.moskito.cz\/fr\/wp-json\/wp\/v2\/product"}],"about":[{"href":"https:\/\/www.moskito.cz\/fr\/wp-json\/wp\/v2\/types\/product"}],"replies":[{"embeddable":true,"href":"https:\/\/www.moskito.cz\/fr\/wp-json\/wp\/v2\/comments?post=358704"}],"wp:featuredmedia":[{"embeddable":true,"href":"https:\/\/www.moskito.cz\/fr\/wp-json\/wp\/v2\/media\/358650"}],"wp:attachment":[{"href":"https:\/\/www.moskito.cz\/fr\/wp-json\/wp\/v2\/media?parent=358704"}],"wp:term":[{"taxonomy":"pwb-brand","embeddable":true,"href":"https:\/\/www.moskito.cz\/fr\/wp-json\/wp\/v2\/pwb-brand?post=358704"},{"taxonomy":"product_brand","embeddable":true,"href":"https:\/\/www.moskito.cz\/fr\/wp-json\/wp\/v2\/product_brand?post=358704"},{"taxonomy":"product_cat","embeddable":true,"href":"https:\/\/www.moskito.cz\/fr\/wp-json\/wp\/v2\/product_cat?post=358704"},{"taxonomy":"product_tag","embeddable":true,"href":"https:\/\/www.moskito.cz\/fr\/wp-json\/wp\/v2\/product_tag?post=358704"}],"curies":[{"name":"wp","href":"https:\/\/api.w.org\/{rel}","templated":true}]}}