{"id":359121,"date":"2024-09-11T12:28:17","date_gmt":"2024-09-11T12:40:14","guid":{"rendered":"https:\/\/www.moskito.cz\/produkt\/outil-multifonction-leatherman-signal-3\/"},"modified":"2025-05-07T11:24:02","modified_gmt":"2025-05-07T10:24:02","slug":"outil-multifonction-leatherman-signal-3","status":"publish","type":"product","link":"https:\/\/www.moskito.cz\/fr\/produkt\/outil-multifonction-leatherman-signal-3\/","title":{"rendered":"Outil multifonction Leatherman Signal"},"content":{"rendered":"<p>Signal <strong>Leatherman<\/strong> multi-outils. Il n\u2019est pas difficile de se retrouver dans une situation o\u00f9 la vie est litt\u00e9ralement en jeu. Perdez-vous simplement dans la for\u00eat, perdez-vous n&rsquo;importe o\u00f9 dans la nature. Toute aide sera appr\u00e9ci\u00e9e \u00e0 ce moment-l\u00e0. <strong>Leatherman SIGNAL<\/strong> en apporte exactement dix-neuf. Les dix-neuf outils du nouveau sp\u00e9cial ext\u00e9rieur <strong>SIGNAL<\/strong> , qui vous aideront non seulement en cas d&rsquo;urgence, comprennent un silex avec une g\u00e2chette en diamant, avec lequel vous pouvez allumer un feu tr\u00e8s facilement, un sifflet de signalisation pour communiquer avec l&rsquo;environnement, un mousqueton pour la suspension, mais aussi un couteau \u00e0 lame combin\u00e9e, un marteau, un poin\u00e7on, un jeu d&rsquo;ouvre-portes et de tournevis et, bien s\u00fbr, une pince multifonctions traditionnelle. Le joli corps noir et argent cache une \u00e9ventuelle bou\u00e9e de sauvetage, avec laquelle rien ne devrait vous surprendre. Le paquet contient : outil multifonction, grand \u00e9tui en NYLON noir, autocollant 100 % original, instructions&nbsp; https:\/\/www.youtube.com\/watch?v=WwJdQJJPVmU        &nbsp;<\/p>\n","protected":false},"excerpt":{"rendered":"<div class=\"elementor-element elementor-element-bbb542b elementor-widget elementor-widget-woocommerce-product-short-description\" data-id=\"bbb542b\" data-element_type=\"widget\" data-widget_type=\"woocommerce-product-short-description.default\">\n<div class=\"elementor-widget-container\">\n<div class=\"woocommerce-product-details__short-description\">\n<div class=\"elementor-element elementor-element-bbb542b elementor-widget elementor-widget-woocommerce-product-short-description\" data-id=\"bbb542b\" data-element_type=\"widget\" data-widget_type=\"woocommerce-product-short-description.default\">\n<div class=\"elementor-widget-container\">\n<div class=\"woocommerce-product-details__short-description\">\n<div class=\"elementor-element elementor-element-bbb542b elementor-widget elementor-widget-woocommerce-product-short-description\" data-id=\"bbb542b\" data-element_type=\"widget\" data-widget_type=\"woocommerce-product-short-description.default\">\n<div class=\"elementor-widget-container\">\n<div class=\"woocommerce-product-details__short-description\">\n<p><strong>L&rsquo;outil multifonction Signal de Leatherman est le choix id\u00e9al pour toutes les situations, que vous soyez perdu dans les bois ou que vous partiez en montagne. Il y a un total de 19 outils dans un corps compact en acier inoxydable qui vous faciliteront toutes les situations. <\/strong><\/p>\n<p><strong>Transports gratuits.<\/strong><\/p>\n<\/div>\n<\/div>\n<\/div>\n<\/div>\n<\/div>\n<\/div>\n<\/div>\n<\/div>\n<\/div>\n","protected":false},"featured_media":358936,"comment_status":"open","ping_status":"closed","template":"","meta":[],"pwb-brand":[3934],"product_brand":[],"product_cat":[3695],"product_tag":[],"class_list":{"0":"post-359121","1":"product","2":"type-product","3":"status-publish","4":"has-post-thumbnail","6":"pwb-brand-maroquinier","7":"product_cat-outil-multi-fonction","9":"first","10":"instock","11":"taxable","12":"shipping-taxable","13":"purchasable","14":"product-type-simple"},"brands":[{"id":3934,"name":"Maroquinier","slug":"maroquinier"}],"_links":{"self":[{"href":"https:\/\/www.moskito.cz\/fr\/wp-json\/wp\/v2\/product\/359121","targetHints":{"allow":["GET"]}}],"collection":[{"href":"https:\/\/www.moskito.cz\/fr\/wp-json\/wp\/v2\/product"}],"about":[{"href":"https:\/\/www.moskito.cz\/fr\/wp-json\/wp\/v2\/types\/product"}],"replies":[{"embeddable":true,"href":"https:\/\/www.moskito.cz\/fr\/wp-json\/wp\/v2\/comments?post=359121"}],"wp:featuredmedia":[{"embeddable":true,"href":"https:\/\/www.moskito.cz\/fr\/wp-json\/wp\/v2\/media\/358936"}],"wp:attachment":[{"href":"https:\/\/www.moskito.cz\/fr\/wp-json\/wp\/v2\/media?parent=359121"}],"wp:term":[{"taxonomy":"pwb-brand","embeddable":true,"href":"https:\/\/www.moskito.cz\/fr\/wp-json\/wp\/v2\/pwb-brand?post=359121"},{"taxonomy":"product_brand","embeddable":true,"href":"https:\/\/www.moskito.cz\/fr\/wp-json\/wp\/v2\/product_brand?post=359121"},{"taxonomy":"product_cat","embeddable":true,"href":"https:\/\/www.moskito.cz\/fr\/wp-json\/wp\/v2\/product_cat?post=359121"},{"taxonomy":"product_tag","embeddable":true,"href":"https:\/\/www.moskito.cz\/fr\/wp-json\/wp\/v2\/product_tag?post=359121"}],"curies":[{"name":"wp","href":"https:\/\/api.w.org\/{rel}","templated":true}]}}