{"id":359139,"date":"2024-09-11T12:42:41","date_gmt":"2024-09-11T11:42:41","guid":{"rendered":"https:\/\/www.moskito.cz\/produkt\/outil-multifonction-leatherman-vert-topo\/"},"modified":"2025-05-07T11:24:04","modified_gmt":"2025-05-07T10:24:04","slug":"outil-multifonction-leatherman-vert-topo","status":"publish","type":"product","link":"https:\/\/www.moskito.cz\/fr\/produkt\/outil-multifonction-leatherman-vert-topo\/","title":{"rendered":"Outil multifonction Leatherman VERT TOPO"},"content":{"rendered":"<p>Outil multifonction <strong>Leatherman<\/strong> TOPO VERT. Il n\u2019est pas difficile de se retrouver dans une situation o\u00f9 la vie est litt\u00e9ralement en jeu. Perdez-vous simplement dans la for\u00eat, perdez-vous n&rsquo;importe o\u00f9 dans la nature. Toute aide sera appr\u00e9ci\u00e9e \u00e0 ce moment-l\u00e0. <strong>Leatherman SIGNAL<\/strong> en apporte exactement dix-neuf. Les dix-neuf outils du nouveau sp\u00e9cial ext\u00e9rieur <strong>SIGNAL<\/strong> , qui vous aideront non seulement en cas d&rsquo;urgence, comprennent un silex avec une g\u00e2chette en diamant, avec lequel vous pouvez allumer un feu tr\u00e8s facilement, un sifflet de signalisation pour communiquer avec l&rsquo;environnement, un mousqueton pour la suspension, mais aussi un couteau \u00e0 lame combin\u00e9e, un marteau, un poin\u00e7on, un jeu d&rsquo;ouvre-portes et de tournevis et, bien s\u00fbr, une pince multifonctions traditionnelle. Le joli corps vert-noir avec des lignes de contour sur la lame cache une \u00e9ventuelle bou\u00e9e de sauvetage, qui ne devrait plus vous surprendre. Le paquet contient : multitool, \u00e9tui NYLON LARGE, autocollant 100% original, instructions. https:\/\/www.youtube.com\/watch?v=WwJdQJJPVmU         &nbsp;<\/p>\n","protected":false},"excerpt":{"rendered":"<div id=\"tw-target-text-container\" class=\"tw-ta-container F0azHf tw-nfl\" tabindex=\"0\">\n<p><strong>Nous sommes fiers de soutenir chaque produit qui quitte notre usine de Portland, Oregon. C&rsquo;est pourquoi nous offrons notre garantie de 25 ans, afin que vous puissiez \u00eatre s\u00fbr que votre Leatherman durera toute une vie. <\/strong><\/p>\n<p><strong>Transports gratuits.<\/strong><\/p>\n<pre id=\"tw-target-text\" class=\"tw-data-text tw-text-large tw-ta\" dir=\"ltr\" data-placeholder=\"P\u0159eklad\" aria-label=\"P\u0159elo\u017een\u00fd text\" data-ved=\"2ahUKEwjohPmwyLqIAxXLgv0HHQnQCWQQ3ewLegQICBAT\"><span class=\"Y2IQFc\" lang=\"cs\"> <\/span><\/pre>\n<\/div>\n<div id=\"tw-target-rmn-container\" class=\"tw-target-rmn tw-ta-container F0azHf tw-nfl\">\n<pre id=\"tw-target-rmn\" class=\"tw-data-placeholder tw-text-small tw-ta\" dir=\"ltr\" data-placeholder=\"\"><\/pre>\n<\/div>\n","protected":false},"featured_media":358985,"comment_status":"open","ping_status":"closed","template":"","meta":[],"pwb-brand":[3934],"product_brand":[],"product_cat":[3695],"product_tag":[],"class_list":{"0":"post-359139","1":"product","2":"type-product","3":"status-publish","4":"has-post-thumbnail","6":"pwb-brand-maroquinier","7":"product_cat-outil-multi-fonction","9":"first","10":"instock","11":"taxable","12":"shipping-taxable","13":"purchasable","14":"product-type-simple"},"brands":[{"id":3934,"name":"Maroquinier","slug":"maroquinier"}],"_links":{"self":[{"href":"https:\/\/www.moskito.cz\/fr\/wp-json\/wp\/v2\/product\/359139","targetHints":{"allow":["GET"]}}],"collection":[{"href":"https:\/\/www.moskito.cz\/fr\/wp-json\/wp\/v2\/product"}],"about":[{"href":"https:\/\/www.moskito.cz\/fr\/wp-json\/wp\/v2\/types\/product"}],"replies":[{"embeddable":true,"href":"https:\/\/www.moskito.cz\/fr\/wp-json\/wp\/v2\/comments?post=359139"}],"wp:featuredmedia":[{"embeddable":true,"href":"https:\/\/www.moskito.cz\/fr\/wp-json\/wp\/v2\/media\/358985"}],"wp:attachment":[{"href":"https:\/\/www.moskito.cz\/fr\/wp-json\/wp\/v2\/media?parent=359139"}],"wp:term":[{"taxonomy":"pwb-brand","embeddable":true,"href":"https:\/\/www.moskito.cz\/fr\/wp-json\/wp\/v2\/pwb-brand?post=359139"},{"taxonomy":"product_brand","embeddable":true,"href":"https:\/\/www.moskito.cz\/fr\/wp-json\/wp\/v2\/product_brand?post=359139"},{"taxonomy":"product_cat","embeddable":true,"href":"https:\/\/www.moskito.cz\/fr\/wp-json\/wp\/v2\/product_cat?post=359139"},{"taxonomy":"product_tag","embeddable":true,"href":"https:\/\/www.moskito.cz\/fr\/wp-json\/wp\/v2\/product_tag?post=359139"}],"curies":[{"name":"wp","href":"https:\/\/api.w.org\/{rel}","templated":true}]}}