{"id":359142,"date":"2024-09-11T13:21:45","date_gmt":"2024-09-11T12:21:45","guid":{"rendered":"https:\/\/www.moskito.cz\/produkt\/outil-multifonction-leatherman-bond\/"},"modified":"2025-05-07T11:24:04","modified_gmt":"2025-05-07T10:24:04","slug":"outil-multifonction-leatherman-bond","status":"publish","type":"product","link":"https:\/\/www.moskito.cz\/fr\/produkt\/outil-multifonction-leatherman-bond\/","title":{"rendered":"Outil multifonction Leatherman Bond"},"content":{"rendered":"<p>Outil multifonction <strong>Leatherman<\/strong> Bond. Le multitool Leatherman BOND fait r\u00e9f\u00e9rence au l\u00e9gendaire mod\u00e8le PST par son design et son \u00e9quipement. C&rsquo;est pourquoi il impressionne avant tout par son design minimaliste et son \u00e9l\u00e9gance. 14 outils pratiques sont int\u00e9gr\u00e9s dans un corps d&rsquo;une longueur de 10 cm et d&rsquo;un poids de 176 grammes. Vous pouvez facilement mettre BOND dans votre poche ou votre sac \u00e0 dos (fix\u00e9 par un clip amovible &#8211; non inclus dans l&#8217;emballage, non inclus dans l&#8217;emballage) et vous aurez toujours \u00e0 port\u00e9e de main les outils importants du quotidien. Il s&rsquo;agit notamment d&rsquo;une pince multifonction, d&rsquo;un couteau en acier haut de gamme 420HC, d&rsquo;un jeu d&rsquo;ouvre-portes, de tournevis, d&rsquo;un poin\u00e7on et bien plus encore. Une garantie de 25 ans est une \u00e9vidence. Contenu de l&#8217;emballage : \u00c9tui en nylon PARAM\u00c8TRES Longueur de la lame : 7,36 cm Longueur de l&rsquo;outil ferm\u00e9 : 10 cm Poids : 176 g https:\/\/www.youtube.com\/watch?v=qLQOc6Dxq-8         &nbsp;<\/p>\n<p>&nbsp;<\/p>\n","protected":false},"excerpt":{"rendered":"<p><strong>Nous sommes fiers de soutenir chaque produit qui quitte notre usine de Portland, Oregon. C&rsquo;est pourquoi nous offrons notre garantie de 25 ans, afin que vous puissiez \u00eatre s\u00fbr que votre Leatherman durera toute une vie. <\/strong><\/p>\n<p>&nbsp;<\/p>\n","protected":false},"featured_media":359025,"comment_status":"open","ping_status":"closed","template":"","meta":[],"pwb-brand":[3934],"product_brand":[],"product_cat":[3695],"product_tag":[],"class_list":{"0":"post-359142","1":"product","2":"type-product","3":"status-publish","4":"has-post-thumbnail","6":"pwb-brand-maroquinier","7":"product_cat-outil-multi-fonction","9":"first","10":"instock","11":"taxable","12":"shipping-taxable","13":"purchasable","14":"product-type-simple"},"brands":[{"id":3934,"name":"Maroquinier","slug":"maroquinier"}],"_links":{"self":[{"href":"https:\/\/www.moskito.cz\/fr\/wp-json\/wp\/v2\/product\/359142","targetHints":{"allow":["GET"]}}],"collection":[{"href":"https:\/\/www.moskito.cz\/fr\/wp-json\/wp\/v2\/product"}],"about":[{"href":"https:\/\/www.moskito.cz\/fr\/wp-json\/wp\/v2\/types\/product"}],"replies":[{"embeddable":true,"href":"https:\/\/www.moskito.cz\/fr\/wp-json\/wp\/v2\/comments?post=359142"}],"wp:featuredmedia":[{"embeddable":true,"href":"https:\/\/www.moskito.cz\/fr\/wp-json\/wp\/v2\/media\/359025"}],"wp:attachment":[{"href":"https:\/\/www.moskito.cz\/fr\/wp-json\/wp\/v2\/media?parent=359142"}],"wp:term":[{"taxonomy":"pwb-brand","embeddable":true,"href":"https:\/\/www.moskito.cz\/fr\/wp-json\/wp\/v2\/pwb-brand?post=359142"},{"taxonomy":"product_brand","embeddable":true,"href":"https:\/\/www.moskito.cz\/fr\/wp-json\/wp\/v2\/product_brand?post=359142"},{"taxonomy":"product_cat","embeddable":true,"href":"https:\/\/www.moskito.cz\/fr\/wp-json\/wp\/v2\/product_cat?post=359142"},{"taxonomy":"product_tag","embeddable":true,"href":"https:\/\/www.moskito.cz\/fr\/wp-json\/wp\/v2\/product_tag?post=359142"}],"curies":[{"name":"wp","href":"https:\/\/api.w.org\/{rel}","templated":true}]}}