{"id":359359,"date":"2024-09-11T15:06:40","date_gmt":"2024-09-11T14:06:40","guid":{"rendered":"https:\/\/www.moskito.cz\/?post_type=product&#038;p=359359"},"modified":"2025-09-13T09:01:52","modified_gmt":"2025-09-13T08:01:52","slug":"multitool-leatherman-skeletool-cx-onyx","status":"publish","type":"product","link":"https:\/\/www.moskito.cz\/fr\/produkt\/multitool-leatherman-skeletool-cx-onyx\/","title":{"rendered":"Multitool Leatherman Skeletool CX Onyx 833131"},"content":{"rendered":"<p data-start=\"120\" data-end=\"553\">Kdy\u017e vezme\u0161 do ruky <strong data-start=\"140\" data-end=\"179\">Leatherman Skeletool CX Onyx 833131<\/strong>, okam\u017eit\u011b pozn\u00e1\u0161, \u017ee jde o n\u00e1stroj, kter\u00fd spojuje eleganci a prakti\u010dnost. \u010cern\u00e9 proveden\u00ed Onyx s karbonov\u00fdm vl\u00e1knem p\u016fsob\u00ed modern\u011b a sofistikovan\u011b, zat\u00edmco pr\u00e9miov\u00e1 \u010depel z oceli <strong data-start=\"359\" data-end=\"368\">154CM<\/strong> slibuje dlouhou \u017eivotnost a odolnost. Nen\u00ed to multitool p\u0159epln\u011bn\u00fd funkcemi, ale promy\u0161len\u00fd minimalistick\u00fd spole\u010dn\u00edk, kter\u00fd se stane ned\u00edlnou sou\u010d\u00e1st\u00ed tv\u00e9ho ka\u017edodenn\u00edho no\u0161en\u00ed (EDC).<\/p>\n<p data-start=\"555\" data-end=\"654\">Je lehk\u00fd, kompaktn\u00ed a navr\u017een\u00fd tak, aby nab\u00eddl p\u0159esn\u011b to, co opravdu vyu\u017eije\u0161 \u2013 nic v\u00edc, nic m\u00ed\u0148.<\/p>\n<hr data-start=\"656\" data-end=\"659\" \/>\n<p data-start=\"661\" data-end=\"729\">\ud83d\udd27 <strong data-start=\"664\" data-end=\"727\">Technick\u00e9 specifikace (Leatherman Skeletool CX Onyx 833131)<\/strong><\/p>\n<ul data-start=\"731\" data-end=\"1291\">\n<li data-start=\"731\" data-end=\"773\">\n<p data-start=\"733\" data-end=\"773\"><strong data-start=\"733\" data-end=\"762\">Celkov\u00e1 d\u00e9lka (otev\u0159en\u00fd):<\/strong> 15,24 cm<\/p>\n<\/li>\n<li data-start=\"774\" data-end=\"815\">\n<p data-start=\"776\" data-end=\"815\"><strong data-start=\"776\" data-end=\"807\">D\u00e9lka zav\u0159en\u00e9ho multitoolu:<\/strong> 10 cm<\/p>\n<\/li>\n<li data-start=\"816\" data-end=\"844\">\n<p data-start=\"818\" data-end=\"844\"><strong data-start=\"818\" data-end=\"835\">D\u00e9lka \u010depele:<\/strong> 6,6 cm<\/p>\n<\/li>\n<li data-start=\"845\" data-end=\"872\">\n<p data-start=\"847\" data-end=\"872\"><strong data-start=\"847\" data-end=\"860\">Hmotnost:<\/strong> cca 142 g<\/p>\n<\/li>\n<li data-start=\"873\" data-end=\"946\">\n<p data-start=\"875\" data-end=\"946\"><strong data-start=\"875\" data-end=\"899\">Materi\u00e1l multitoolu:<\/strong> nerezov\u00e1 ocel s vlo\u017ekou z karbonov\u00e9ho vl\u00e1kna<\/p>\n<\/li>\n<li data-start=\"947\" data-end=\"1031\">\n<p data-start=\"949\" data-end=\"1031\"><strong data-start=\"949\" data-end=\"969\">Materi\u00e1l \u010depele:<\/strong> 154CM nerezov\u00e1 ocel \u2013 \u0161pi\u010dkov\u00e1 odolnost a del\u0161\u00ed v\u00fddr\u017e ost\u0159\u00ed<\/p>\n<\/li>\n<li data-start=\"1032\" data-end=\"1057\">\n<p data-start=\"1034\" data-end=\"1057\"><strong data-start=\"1034\" data-end=\"1053\">Po\u010det n\u00e1stroj\u016f:<\/strong> 7<\/p>\n<\/li>\n<li data-start=\"1058\" data-end=\"1193\">\n<p data-start=\"1060\" data-end=\"1193\"><strong data-start=\"1060\" data-end=\"1073\">N\u00e1stroje:<\/strong> kle\u0161t\u011b, \u0161t\u00edpac\u00ed kle\u0161t\u011b, kombinovan\u00e9 kle\u0161t\u011b, n\u016f\u017e z 154CM, karabina\/otv\u00edr\u00e1k na lahve, bit driver s mo\u017enost\u00ed v\u00fdm\u011bny bit\u016f<\/p>\n<\/li>\n<li data-start=\"1194\" data-end=\"1220\">\n<p data-start=\"1196\" data-end=\"1220\"><strong data-start=\"1196\" data-end=\"1214\">Klip na kapsu:<\/strong> ano<\/p>\n<\/li>\n<li data-start=\"1221\" data-end=\"1291\">\n<p data-start=\"1223\" data-end=\"1291\"><strong data-start=\"1223\" data-end=\"1249\">Ovl\u00e1d\u00e1n\u00ed jednou rukou:<\/strong> ano \u2013 \u010depel lze pohodln\u011b otev\u0159\u00edt palcem<\/p>\n<\/li>\n<\/ul>\n<hr data-start=\"1293\" data-end=\"1296\" \/>\n<p data-start=\"1298\" data-end=\"1319\">\u2705 <strong data-start=\"1300\" data-end=\"1317\">Hlavn\u00ed v\u00fdhody<\/strong><\/p>\n<ul data-start=\"1321\" data-end=\"1778\">\n<li data-start=\"1321\" data-end=\"1403\">\n<p data-start=\"1323\" data-end=\"1403\">Pr\u00e9miov\u00e1 \u010depel z <strong data-start=\"1340\" data-end=\"1349\">154CM<\/strong> \u2013 dr\u017e\u00ed ost\u0159\u00ed v\u00fdrazn\u011b d\u00e9le ne\u017e b\u011b\u017en\u00e9 nerezov\u00e9 oceli.<\/p>\n<\/li>\n<li data-start=\"1404\" data-end=\"1482\">\n<p data-start=\"1406\" data-end=\"1482\">\u010cern\u00e9 proveden\u00ed <strong data-start=\"1422\" data-end=\"1430\">Onyx<\/strong> s karbonov\u00fdmi prvky \u2013 modern\u00ed a elegantn\u00ed design.<\/p>\n<\/li>\n<li data-start=\"1483\" data-end=\"1539\">\n<p data-start=\"1485\" data-end=\"1539\">N\u00edzk\u00e1 hmotnost \u2013 pouh\u00fdch <strong data-start=\"1510\" data-end=\"1519\">142 g<\/strong>, ide\u00e1ln\u00ed pro EDC.<\/p>\n<\/li>\n<li data-start=\"1540\" data-end=\"1615\">\n<p data-start=\"1542\" data-end=\"1615\"><strong data-start=\"1542\" data-end=\"1566\">Jednoru\u010dn\u00ed otev\u00edr\u00e1n\u00ed<\/strong> \u2013 praktick\u00e9 a rychl\u00e9 v ka\u017edodenn\u00edch situac\u00edch.<\/p>\n<\/li>\n<li data-start=\"1616\" data-end=\"1698\">\n<p data-start=\"1618\" data-end=\"1698\"><strong data-start=\"1618\" data-end=\"1637\">Klip a karabina<\/strong> \u2013 snadn\u00e9 no\u0161en\u00ed v kapse, na opasku nebo p\u0159ipnut\u00ed na batoh.<\/p>\n<\/li>\n<li data-start=\"1699\" data-end=\"1778\">\n<p data-start=\"1701\" data-end=\"1778\">Kvalita <strong data-start=\"1709\" data-end=\"1723\">Leatherman<\/strong> \u2013 spolehlivost a dlouh\u00e1 \u017eivotnost potvrzen\u00e1 tradic\u00ed.<\/p>\n<\/li>\n<\/ul>\n<hr data-start=\"1780\" data-end=\"1783\" \/>\n<p data-start=\"1785\" data-end=\"1807\">\u26a0\ufe0f <strong data-start=\"1788\" data-end=\"1805\">Mo\u017en\u00e1 omezen\u00ed<\/strong><\/p>\n<ul data-start=\"1809\" data-end=\"2032\">\n<li data-start=\"1809\" data-end=\"1893\">\n<p data-start=\"1811\" data-end=\"1893\">Pouze <strong data-start=\"1817\" data-end=\"1831\">7 n\u00e1stroj\u016f<\/strong> \u2013 minimalistick\u00fd multitool, nenahrad\u00ed rozs\u00e1hl\u00fd model Surge.<\/p>\n<\/li>\n<li data-start=\"1894\" data-end=\"1974\">\n<p data-start=\"1896\" data-end=\"1974\">Men\u0161\u00ed rozm\u011bry \u2013 skv\u011bl\u00fd pro EDC, ale m\u00e9n\u011b vhodn\u00fd pro n\u00e1ro\u010dnou pr\u00e1ci v ter\u00e9nu.<\/p>\n<\/li>\n<li data-start=\"1975\" data-end=\"2032\">\n<p data-start=\"1977\" data-end=\"2032\">Vy\u0161\u0161\u00ed cena \u2013 odpov\u00edd\u00e1 pr\u00e9miov\u00fdm materi\u00e1l\u016fm a designu.<\/p>\n<\/li>\n<\/ul>\n<hr data-start=\"2034\" data-end=\"2037\" \/>\n<p data-start=\"2039\" data-end=\"2062\">\ud83d\udee0\ufe0f <strong data-start=\"2043\" data-end=\"2060\">\u00dadr\u017eba a p\u00e9\u010de<\/strong><\/p>\n<ul data-start=\"2064\" data-end=\"2517\">\n<li data-start=\"2064\" data-end=\"2125\">\n<p data-start=\"2066\" data-end=\"2125\">Po pou\u017eit\u00ed multitool ot\u0159i do sucha a chra\u0148 p\u0159ed vlhkost\u00ed.<\/p>\n<\/li>\n<li data-start=\"2126\" data-end=\"2186\">\n<p data-start=\"2128\" data-end=\"2186\">Kloubov\u00e9 a pohybliv\u00e9 \u010d\u00e1sti pravideln\u011b promaz\u00e1vej olejem.<\/p>\n<\/li>\n<li data-start=\"2187\" data-end=\"2267\">\n<p data-start=\"2189\" data-end=\"2267\">Povrch s karbonov\u00fdmi vl\u00e1kny je odoln\u00fd, p\u0159esto doporu\u010dujeme \u0161etrn\u00e9 zach\u00e1zen\u00ed.<\/p>\n<\/li>\n<li data-start=\"2268\" data-end=\"2517\">\n<p data-start=\"2270\" data-end=\"2517\"><strong data-start=\"2270\" data-end=\"2515\">Pro udr\u017een\u00ed \u010depele v perfektn\u00ed kondici doporu\u010dujeme <a class=\"decorated-link cursor-pointer\" target=\"_new\" rel=\"noopener\" data-start=\"2324\" data-end=\"2413\">Spyderco Tri-Angle Sharpmaker Complete Sharpening System 204MF<\/a><\/strong><\/p>\n<\/li>\n<li data-start=\"2268\" data-end=\"2517\">\n<p data-start=\"2524\" data-end=\"2547\">\ud83c\udfaf <strong data-start=\"2527\" data-end=\"2545\">Doporu\u010deno pro<\/strong><\/p>\n<ul data-start=\"2549\" data-end=\"2869\">\n<li data-start=\"2549\" data-end=\"2624\">\n<p data-start=\"2551\" data-end=\"2624\">Milovn\u00edky <strong data-start=\"2561\" data-end=\"2568\">EDC<\/strong>, kte\u0159\u00ed hledaj\u00ed lehk\u00fd, stylov\u00fd a spolehliv\u00fd multitool.<\/p>\n<\/li>\n<li data-start=\"2625\" data-end=\"2707\">\n<p data-start=\"2627\" data-end=\"2707\">Outdoorov\u00e9 nad\u0161ence, kte\u0159\u00ed ocen\u00ed minimalistick\u00fd design s maxim\u00e1ln\u00ed funk\u010dnost\u00ed.<\/p>\n<\/li>\n<li data-start=\"2708\" data-end=\"2800\">\n<p data-start=\"2710\" data-end=\"2800\">Profesion\u00e1ly, kte\u0159\u00ed u\u017e maj\u00ed velk\u00e9 n\u00e1\u0159ad\u00ed a cht\u011bj\u00ed jen z\u00e1kladn\u00ed lehk\u00fd multitool do kapsy.<\/p>\n<\/li>\n<li data-start=\"2801\" data-end=\"2869\">\n<p data-start=\"2803\" data-end=\"2869\">Fanou\u0161ky modern\u00edho, \u010dern\u00e9ho designu Onyx a pr\u00e9miov\u00fdch materi\u00e1l\u016f.<\/p>\n<\/li>\n<\/ul>\n<hr data-start=\"2871\" data-end=\"2874\" \/>\n<p data-start=\"2876\" data-end=\"2903\">\u2b50 <strong data-start=\"2878\" data-end=\"2901\">Z\u00e1v\u011bre\u010dn\u00e9 hodnocen\u00ed<\/strong><\/p>\n<p data-start=\"2905\" data-end=\"3237\"><strong data-start=\"2905\" data-end=\"2944\">Leatherman Skeletool CX Onyx 833131<\/strong> je elegantn\u00ed, kompaktn\u00ed a odoln\u00fd multitool, kter\u00fd si zamiluje\u0161 na prvn\u00ed dotek. Je to volba pro ty, kte\u0159\u00ed hledaj\u00ed lehkost, styl a praktickou funk\u010dnost bez kompromis\u016f. Pokud nechce\u0161 tahat t\u011b\u017ek\u00fd multitool pln\u00fd n\u00e1stroj\u016f, ale pot\u0159ebuje\u0161 spolehliv\u00e9ho spole\u010dn\u00edka pro ka\u017ed\u00fd den, pr\u00e1v\u011b jsi ho na\u0161el.<\/p>\n<\/li>\n<\/ul>\n<p>&nbsp;<\/p>\n<p><iframe title=\"Leatherman Skeletool CX\" width=\"800\" height=\"450\" src=\"https:\/\/www.youtube.com\/embed\/VUQu0ERufz8?feature=oembed\" frameborder=\"0\" allow=\"accelerometer; autoplay; clipboard-write; encrypted-media; gyroscope; picture-in-picture; web-share\" referrerpolicy=\"strict-origin-when-cross-origin\" allowfullscreen><\/iframe><\/p>\n<p>&nbsp;<\/p>\n","protected":false},"excerpt":{"rendered":"<p><strong>Leatherman Skeletool CX Onyx 833131 je elegantn\u00ed, kompaktn\u00ed a odoln\u00fd multitool, kter\u00fd si zamiluje\u0161 na prvn\u00ed dotek.<\/strong><\/p>\n","protected":false},"featured_media":359360,"comment_status":"open","ping_status":"closed","template":"","meta":[],"pwb-brand":[404],"product_brand":[],"product_cat":[50],"product_tag":[],"class_list":{"0":"post-359359","1":"product","2":"type-product","3":"status-publish","4":"has-post-thumbnail","6":"pwb-brand-leatherman","7":"product_cat-multi-tool","9":"first","10":"instock","11":"taxable","12":"shipping-taxable","13":"purchasable","14":"product-type-simple"},"brands":[{"id":404,"name":"Leatherman","slug":"leatherman"}],"_links":{"self":[{"href":"https:\/\/www.moskito.cz\/fr\/wp-json\/wp\/v2\/product\/359359","targetHints":{"allow":["GET"]}}],"collection":[{"href":"https:\/\/www.moskito.cz\/fr\/wp-json\/wp\/v2\/product"}],"about":[{"href":"https:\/\/www.moskito.cz\/fr\/wp-json\/wp\/v2\/types\/product"}],"replies":[{"embeddable":true,"href":"https:\/\/www.moskito.cz\/fr\/wp-json\/wp\/v2\/comments?post=359359"}],"wp:featuredmedia":[{"embeddable":true,"href":"https:\/\/www.moskito.cz\/fr\/wp-json\/wp\/v2\/media\/359360"}],"wp:attachment":[{"href":"https:\/\/www.moskito.cz\/fr\/wp-json\/wp\/v2\/media?parent=359359"}],"wp:term":[{"taxonomy":"pwb-brand","embeddable":true,"href":"https:\/\/www.moskito.cz\/fr\/wp-json\/wp\/v2\/pwb-brand?post=359359"},{"taxonomy":"product_brand","embeddable":true,"href":"https:\/\/www.moskito.cz\/fr\/wp-json\/wp\/v2\/product_brand?post=359359"},{"taxonomy":"product_cat","embeddable":true,"href":"https:\/\/www.moskito.cz\/fr\/wp-json\/wp\/v2\/product_cat?post=359359"},{"taxonomy":"product_tag","embeddable":true,"href":"https:\/\/www.moskito.cz\/fr\/wp-json\/wp\/v2\/product_tag?post=359359"}],"curies":[{"name":"wp","href":"https:\/\/api.w.org\/{rel}","templated":true}]}}