{"id":359402,"date":"2024-09-11T14:01:05","date_gmt":"2024-09-11T14:14:52","guid":{"rendered":"https:\/\/www.moskito.cz\/produkt\/outil-multifonction-leatherman-skeletool-cx-paradise\/"},"modified":"2025-05-07T11:24:06","modified_gmt":"2025-05-07T10:24:06","slug":"outil-multifonction-leatherman-skeletool-cx-paradise","status":"publish","type":"product","link":"https:\/\/www.moskito.cz\/fr\/produkt\/outil-multifonction-leatherman-skeletool-cx-paradise\/","title":{"rendered":"Outil multifonction Leatherman Skeletool CX Paradise"},"content":{"rendered":"<p>Outil multifonction <strong>Leatherman<\/strong> SKELETOOL CX PARADISE. <strong>Le Leatherman SKELETOOL CX<\/strong> a h\u00e9rit\u00e9 de tous ses attributs de base de son fr\u00e8re a\u00een\u00e9 : un design attrayant, une durabilit\u00e9 extr\u00eame et un corps gracieux avec des trous en relief. Avec seulement 142 grammes, cela en fait l&rsquo;un des instruments les plus l\u00e9gers de sa cat\u00e9gorie. En plus de tout cela, <strong>SKELETOOL CX<\/strong> a perfectionn\u00e9 la lame du couteau avec un bord lisse, qui est fabriqu\u00e9 en acier 154CM de meilleure qualit\u00e9. Dans cet outil multifonction en apparence simple, vous trouverez tout ce dont vous avez besoin pour vos excursions \u00e0 la campagne ou en ville : en plus du couteau, vous trouverez \u00e9galement une pince, un ouvre-bo\u00eete, un mousqueton et un jeu de tournevis \u00e0 embouts. Un total de sept outils fonctionnels dans un compact l\u00e9ger au design argent-noir encore plus attrayant seront toujours \u00e0 port\u00e9e de main et vous ne sentirez m\u00eame pas son poids sur votre ceinture ou dans votre sac \u00e0 dos. Il deviendra ainsi votre partenaire indispensable \u00e0 chaque voyage. Le forfait comprend : outil multifonction, embouts : croix #1 et #2, plats 1,4 et 3\/16, clip ceinture amovible, autocollant 100% original, instructions. Param\u00e8tres : Longueur de la lame : 6,6 cm Longueur de l&rsquo;outil ferm\u00e9 : 10 cm Poids : 142 g https:\/\/www.youtube.com\/watch?v=VUQu0ERufz8         &nbsp;<\/p>\n","protected":false},"excerpt":{"rendered":"<div id=\"tw-target-text-container\" class=\"tw-ta-container F0azHf tw-nfl\" tabindex=\"0\">\n<p><strong>Nous sommes fiers de soutenir chaque produit qui quitte notre usine de Portland, Oregon. C&rsquo;est pourquoi nous offrons notre garantie de 25 ans, afin que vous puissiez \u00eatre s\u00fbr que votre Leatherman durera toute une vie. <\/strong><\/p>\n<p>&nbsp;<\/p>\n<pre id=\"tw-target-text\" class=\"tw-data-text tw-text-large tw-ta\" dir=\"ltr\" data-placeholder=\"P\u0159eklad\" aria-label=\"P\u0159elo\u017een\u00fd text\" data-ved=\"2ahUKEwjohPmwyLqIAxXLgv0HHQnQCWQQ3ewLegQICBAT\"><span class=\"Y2IQFc\" lang=\"cs\"> <\/span><\/pre>\n<\/div>\n<div id=\"tw-target-rmn-container\" class=\"tw-target-rmn tw-ta-container F0azHf tw-nfl\">\n<pre id=\"tw-target-rmn\" class=\"tw-data-placeholder tw-text-small tw-ta\" dir=\"ltr\" data-placeholder=\"\"><\/pre>\n<\/div>\n","protected":false},"featured_media":359186,"comment_status":"open","ping_status":"closed","template":"","meta":[],"pwb-brand":[3934],"product_brand":[],"product_cat":[3695],"product_tag":[],"class_list":{"0":"post-359402","1":"product","2":"type-product","3":"status-publish","4":"has-post-thumbnail","6":"pwb-brand-maroquinier","7":"product_cat-outil-multi-fonction","9":"first","10":"instock","11":"taxable","12":"shipping-taxable","13":"purchasable","14":"product-type-simple"},"brands":[{"id":3934,"name":"Maroquinier","slug":"maroquinier"}],"_links":{"self":[{"href":"https:\/\/www.moskito.cz\/fr\/wp-json\/wp\/v2\/product\/359402","targetHints":{"allow":["GET"]}}],"collection":[{"href":"https:\/\/www.moskito.cz\/fr\/wp-json\/wp\/v2\/product"}],"about":[{"href":"https:\/\/www.moskito.cz\/fr\/wp-json\/wp\/v2\/types\/product"}],"replies":[{"embeddable":true,"href":"https:\/\/www.moskito.cz\/fr\/wp-json\/wp\/v2\/comments?post=359402"}],"wp:featuredmedia":[{"embeddable":true,"href":"https:\/\/www.moskito.cz\/fr\/wp-json\/wp\/v2\/media\/359186"}],"wp:attachment":[{"href":"https:\/\/www.moskito.cz\/fr\/wp-json\/wp\/v2\/media?parent=359402"}],"wp:term":[{"taxonomy":"pwb-brand","embeddable":true,"href":"https:\/\/www.moskito.cz\/fr\/wp-json\/wp\/v2\/pwb-brand?post=359402"},{"taxonomy":"product_brand","embeddable":true,"href":"https:\/\/www.moskito.cz\/fr\/wp-json\/wp\/v2\/product_brand?post=359402"},{"taxonomy":"product_cat","embeddable":true,"href":"https:\/\/www.moskito.cz\/fr\/wp-json\/wp\/v2\/product_cat?post=359402"},{"taxonomy":"product_tag","embeddable":true,"href":"https:\/\/www.moskito.cz\/fr\/wp-json\/wp\/v2\/product_tag?post=359402"}],"curies":[{"name":"wp","href":"https:\/\/api.w.org\/{rel}","templated":true}]}}