{"id":359506,"date":"2023-03-18T15:41:56","date_gmt":"2024-09-17T07:58:13","guid":{"rendered":"https:\/\/www.moskito.cz\/produkt\/couteau-de-tir-microtech-ultratec-satin-tanto-123-4bl\/"},"modified":"2025-05-07T11:24:07","modified_gmt":"2025-05-07T10:24:07","slug":"couteau-de-tir-microtech-ultratec-satin-tanto-123-4bl","status":"publish","type":"product","link":"https:\/\/www.moskito.cz\/fr\/produkt\/couteau-de-tir-microtech-ultratec-satin-tanto-123-4bl\/","title":{"rendered":"Couteau de tir Microtech Ultratec Satin Tanto 123-4BL"},"content":{"rendered":"<p>Couteau de tir <strong>Microtech<\/strong> Ultratec Satin Tanto 123-4BL <strong>Ultratech<\/strong> \u00e9tablira \u00e0 jamais la norme pour tous les couteaux avant. L&rsquo;Ultratech est le couteau avant \u00e0 double action original de Microtech et constitue la base de toute notre gamme OTF. Il a subi plusieurs modifications au fil des ann\u00e9es, devenant \u00e0 chaque fois plus efficace et plus fiable. Le ressort Ultratech reste en position \u00ab\u00a0repos\u00a0\u00bb \u00e0 tout moment, sauf lorsqu&rsquo;il est \u00e9tir\u00e9. Cela garantit que le ressort comprim\u00e9 ne se fatigue pas, garantissant aux utilisateurs que lorsque le couteau est tir\u00e9, il fonctionnera efficacement. L&rsquo;Ultratech peut prendre de nombreuses formes diff\u00e9rentes&nbsp;; il peut \u00eatre fini avec une plaque d&rsquo;aluminium usin\u00e9e standard ou un morceau de fibre de carbone. L&rsquo;ouverture et la fermeture l\u00e9g\u00e8res d&rsquo;une seule main, le design mince et la lame tranchante au scalpel en font un couteau unique disponible uniquement chez Microtech. Ce couteau a prouv\u00e9 \u00e0 maintes reprises qu&rsquo;il pouvait r\u00e9sister \u00e0 n&rsquo;importe quel obstacle. Seul le temps nous dira quelle sera la prochaine \u00e9tape pour la gamme Ultratech. Sp\u00e9cifications Ouverture\/Fermeture automatique &#8211; Action d&rsquo;ouverture avant : Action Duel &#8211; Tir\/r\u00e9traction automatique Longueur de la lame : 8,65 cm Acier : M390 Style de lame : Tanto \u00e0 bord unique, mat\u00e9riau du manche uni : Aluminium 6061-T6 avec rev\u00eatement dur anodis\u00e9 bleu Mil-Spec Longueur en ouvert : 21 cm Mat\u00e9riau du clip de poche : acier inoxydable 301 Full Hard Tige standard : alliage 6061-T6 AL D\u00e9clencheur : acier inoxydable 303 Fabriqu\u00e9 aux \u00c9tats-Unis<\/p>\n","protected":false},"excerpt":{"rendered":"<p>Au fil des ann\u00e9es, <strong>Microtech\u00ae Knives<\/strong> a rempli les couteaux avec passion et comp\u00e9tence pour cr\u00e9er presque des \u0153uvres d&rsquo;art qui sont le summum de la fonctionnalit\u00e9. Toutes les pi\u00e8ces sont fabriqu\u00e9es aux \u00c9tats-Unis. <strong>Tous les couteaux Microtech sont garantis \u00e0 vie.<\/strong> <strong>Livraison gratuite.<\/strong><\/p>\n","protected":false},"featured_media":359507,"comment_status":"open","ping_status":"closed","template":"","meta":[],"pwb-brand":[3751],"product_brand":[],"product_cat":[3699,3696],"product_tag":[3754],"class_list":{"0":"post-359506","1":"product","2":"type-product","3":"status-publish","4":"has-post-thumbnail","6":"pwb-brand-microtechnologie","7":"product_cat-couteaux-de-tir","8":"product_cat-des-couteaux","9":"product_tag-b2b-fr","11":"first","12":"instock","13":"taxable","14":"shipping-taxable","15":"purchasable","16":"product-type-simple"},"brands":[{"id":3751,"name":"Microtechnologie","slug":"microtechnologie"}],"_links":{"self":[{"href":"https:\/\/www.moskito.cz\/fr\/wp-json\/wp\/v2\/product\/359506","targetHints":{"allow":["GET"]}}],"collection":[{"href":"https:\/\/www.moskito.cz\/fr\/wp-json\/wp\/v2\/product"}],"about":[{"href":"https:\/\/www.moskito.cz\/fr\/wp-json\/wp\/v2\/types\/product"}],"replies":[{"embeddable":true,"href":"https:\/\/www.moskito.cz\/fr\/wp-json\/wp\/v2\/comments?post=359506"}],"wp:featuredmedia":[{"embeddable":true,"href":"https:\/\/www.moskito.cz\/fr\/wp-json\/wp\/v2\/media\/359507"}],"wp:attachment":[{"href":"https:\/\/www.moskito.cz\/fr\/wp-json\/wp\/v2\/media?parent=359506"}],"wp:term":[{"taxonomy":"pwb-brand","embeddable":true,"href":"https:\/\/www.moskito.cz\/fr\/wp-json\/wp\/v2\/pwb-brand?post=359506"},{"taxonomy":"product_brand","embeddable":true,"href":"https:\/\/www.moskito.cz\/fr\/wp-json\/wp\/v2\/product_brand?post=359506"},{"taxonomy":"product_cat","embeddable":true,"href":"https:\/\/www.moskito.cz\/fr\/wp-json\/wp\/v2\/product_cat?post=359506"},{"taxonomy":"product_tag","embeddable":true,"href":"https:\/\/www.moskito.cz\/fr\/wp-json\/wp\/v2\/product_tag?post=359506"}],"curies":[{"name":"wp","href":"https:\/\/api.w.org\/{rel}","templated":true}]}}