{"id":359559,"date":"2023-02-22T22:19:02","date_gmt":"2024-09-17T11:43:06","guid":{"rendered":"https:\/\/www.moskito.cz\/produkt\/microtech-bastinelli-creations-brachial-tactique-268a-1t-couteau-de-tir\/"},"modified":"2025-05-07T11:24:08","modified_gmt":"2025-05-07T10:24:08","slug":"microtech-bastinelli-creations-brachial-tactique-268a-1t-couteau-de-tir","status":"publish","type":"product","link":"https:\/\/www.moskito.cz\/fr\/produkt\/microtech-bastinelli-creations-brachial-tactique-268a-1t-couteau-de-tir\/","title":{"rendered":"Microtech Bastinelli Creations Brachial Tactique 268A-1T Couteau de tir"},"content":{"rendered":"<p><strong>Le couteau de tir brachial Microtech<\/strong> Bastinelli Creations Brachial Tactical 268A-1T est une collaboration de conception de style persan avec <strong>Bastinelli<\/strong> Knives qui apporte une pi\u00e8ce de style unique \u00e0 <strong>la gamme Microtech<\/strong> . Nous aimons tout dans ce couteau. De son apparence \u00e0 son ergonomie, en passant par son action et ses mat\u00e9riaux sup\u00e9rieurs&nbsp;; cela vous servira pendant de nombreuses ann\u00e9es. Il convient \u00e9galement \u00e0 une myriade d\u2019applications allant de l\u2019EDC aux tactiques et litt\u00e9ralement \u00e0 tout le reste. Il comprend une finition \u00e0 motif fragment\u00e9 pour une meilleure adh\u00e9rence, un clip de poche magnifiquement con\u00e7u et un trou pour lani\u00e8re cach\u00e9 pouvant contenir 550 paracordes.  <strong>C&rsquo;est un sacr\u00e9 couteau, prenez-le tant que vous le pouvez !<\/strong>  Sp\u00e9cifications Longueur de la lame : 9 cm Longueur totale : 20,31 cm Mat\u00e9riau de la lame : L&rsquo;acier de la lame pour cette ann\u00e9e sera M390 &#8211; jusqu&rsquo;\u00e0 \u00e9puisement des stocks de m\u00e9tal, les lames peuvent \u00e9galement \u00eatre CTS-204P ou Elmax Style de lame : Trailing Point Aff\u00fbtage de la lame : Lame plate finition : noir Mat\u00e9riau de la poign\u00e9e : aluminium noir frais\u00e9 6061-T6 M\u00e9canisme de verrouillage : bouton Clip de poche : acier inoxydable (d\u00e9pliable, transport \u00e0 droite) Poids : 4,37 oz. Cr\u00e9ateurs : Bastien Coves et Tony Marfione Fabriqu\u00e9 aux USA https:\/\/youtu.be\/xE9TeOFYEjg?si=_cD7H1ukVfrw59MV   &nbsp;<\/p>\n","protected":false},"excerpt":{"rendered":"<p><strong>Au fil des ann\u00e9es, Microtech\u00ae Knives a rempli les couteaux avec passion et comp\u00e9tence pour cr\u00e9er presque des \u0153uvres d&rsquo;art qui sont le summum de la fonctionnalit\u00e9. Toutes les pi\u00e8ces sont fabriqu\u00e9es aux \u00c9tats-Unis.<\/strong><br \/>\n<strong>Tous les couteaux Microtech sont garantis \u00e0 vie.<\/strong><\/p>\n<p><strong>Transports gratuits.<\/strong><\/p>\n","protected":false},"featured_media":359561,"comment_status":"open","ping_status":"closed","template":"","meta":[],"pwb-brand":[3751],"product_brand":[],"product_cat":[3699,3696],"product_tag":[3754],"class_list":{"0":"post-359559","1":"product","2":"type-product","3":"status-publish","4":"has-post-thumbnail","6":"pwb-brand-microtechnologie","7":"product_cat-couteaux-de-tir","8":"product_cat-des-couteaux","9":"product_tag-b2b-fr","11":"first","12":"outofstock","13":"taxable","14":"shipping-taxable","15":"purchasable","16":"product-type-simple"},"brands":[{"id":3751,"name":"Microtechnologie","slug":"microtechnologie"}],"_links":{"self":[{"href":"https:\/\/www.moskito.cz\/fr\/wp-json\/wp\/v2\/product\/359559","targetHints":{"allow":["GET"]}}],"collection":[{"href":"https:\/\/www.moskito.cz\/fr\/wp-json\/wp\/v2\/product"}],"about":[{"href":"https:\/\/www.moskito.cz\/fr\/wp-json\/wp\/v2\/types\/product"}],"replies":[{"embeddable":true,"href":"https:\/\/www.moskito.cz\/fr\/wp-json\/wp\/v2\/comments?post=359559"}],"wp:featuredmedia":[{"embeddable":true,"href":"https:\/\/www.moskito.cz\/fr\/wp-json\/wp\/v2\/media\/359561"}],"wp:attachment":[{"href":"https:\/\/www.moskito.cz\/fr\/wp-json\/wp\/v2\/media?parent=359559"}],"wp:term":[{"taxonomy":"pwb-brand","embeddable":true,"href":"https:\/\/www.moskito.cz\/fr\/wp-json\/wp\/v2\/pwb-brand?post=359559"},{"taxonomy":"product_brand","embeddable":true,"href":"https:\/\/www.moskito.cz\/fr\/wp-json\/wp\/v2\/product_brand?post=359559"},{"taxonomy":"product_cat","embeddable":true,"href":"https:\/\/www.moskito.cz\/fr\/wp-json\/wp\/v2\/product_cat?post=359559"},{"taxonomy":"product_tag","embeddable":true,"href":"https:\/\/www.moskito.cz\/fr\/wp-json\/wp\/v2\/product_tag?post=359559"}],"curies":[{"name":"wp","href":"https:\/\/api.w.org\/{rel}","templated":true}]}}