{"id":359578,"date":"2022-05-18T20:21:57","date_gmt":"2024-09-17T11:43:09","guid":{"rendered":"https:\/\/www.moskito.cz\/produkt\/couteau-de-tir-microtech-bastinelli-creations-brachial-stonewashed-268a-10\/"},"modified":"2025-05-07T11:24:09","modified_gmt":"2025-05-07T10:24:09","slug":"couteau-de-tir-microtech-bastinelli-creations-brachial-stonewashed-268a-10","status":"publish","type":"product","link":"https:\/\/www.moskito.cz\/fr\/produkt\/couteau-de-tir-microtech-bastinelli-creations-brachial-stonewashed-268a-10\/","title":{"rendered":"Couteau de tir Microtech\/Bastinelli Creations Brachial Stonewashed 268A-10"},"content":{"rendered":"<p>Couteau de tir <strong>Microtech\/Bastinelli<\/strong> Creations Brachial Stonewashed 268A-10 <strong>Le Brachial<\/strong> est une collaboration de conception de style persan avec Bastinelli Knives qui apporte une pi\u00e8ce de style unique \u00e0 la gamme Microtech. Nous aimons tout dans ce couteau. De son look \u00e0 son ergonomie, en passant par ses performances et ses mat\u00e9riaux ; cela vous servira pendant de nombreuses ann\u00e9es. Il convient \u00e9galement \u00e0 une myriade d\u2019applications allant de l\u2019EDC aux tactiques et litt\u00e9ralement \u00e0 tout le reste. Il comprend une finition usin\u00e9e avec un motif de fragments pour une meilleure adh\u00e9rence, un clip de poche magnifiquement con\u00e7u et un trou pour lani\u00e8re cach\u00e9 pouvant contenir 550 paracordes. <strong>C&rsquo;est un sacr\u00e9 couteau, prenez-le tant que vous le pouvez !<\/strong> Sp\u00e9cifications Longueur de la lame : 9 cm Longueur totale : 20 cm Mat\u00e9riau de la lame : L&rsquo;acier de la lame de cette ann\u00e9e sera M390 &#8211; jusqu&rsquo;\u00e0 \u00e9puisement des stocks, les lames peuvent \u00e9galement \u00eatre CTS-204P ou Elmax Style de lame : Trailing Point Meulage de la lame : Plat Traitement de surface de la lame : Poign\u00e9e Stonewash Mat\u00e9riau : aluminium noir frais\u00e9 6061-T6 \u00c9paisseur de la poign\u00e9e : 0,545&Prime; M\u00e9canisme de verrouillage : bouton-poussoir Clip de poche : acier inoxydable (\u00e0 rabat, transport \u00e0 droite) Poids : 4,37 onces Concepteurs : Bastien Coves et Tony Marfione Fabriqu\u00e9 aux \u00c9tats-Unis https:\/\/youtu .be\/xE9TeOFYEjg?si=_cD7H1ukVfrw59MV   &nbsp;<\/p>\n<p>&nbsp;<\/p>\n","protected":false},"excerpt":{"rendered":"<p>Au fil des ann\u00e9es, <strong>Microtech\u00ae Knives<\/strong> a rempli les couteaux de passion et de comp\u00e9tence pour cr\u00e9er presque des \u0153uvres d&rsquo;art qui sont le summum de la fonctionnalit\u00e9. Toutes les pi\u00e8ces sont fabriqu\u00e9es aux \u00c9tats-Unis.  <strong>Tous les couteaux Microtech sont garantis \u00e0 vie.<\/strong><\/p>\n","protected":false},"featured_media":359579,"comment_status":"open","ping_status":"closed","template":"","meta":[],"pwb-brand":[3751],"product_brand":[],"product_cat":[3699,3696],"product_tag":[3754],"class_list":{"0":"post-359578","1":"product","2":"type-product","3":"status-publish","4":"has-post-thumbnail","6":"pwb-brand-microtechnologie","7":"product_cat-couteaux-de-tir","8":"product_cat-des-couteaux","9":"product_tag-b2b-fr","11":"first","12":"instock","13":"taxable","14":"shipping-taxable","15":"purchasable","16":"product-type-simple"},"brands":[{"id":3751,"name":"Microtechnologie","slug":"microtechnologie"}],"_links":{"self":[{"href":"https:\/\/www.moskito.cz\/fr\/wp-json\/wp\/v2\/product\/359578","targetHints":{"allow":["GET"]}}],"collection":[{"href":"https:\/\/www.moskito.cz\/fr\/wp-json\/wp\/v2\/product"}],"about":[{"href":"https:\/\/www.moskito.cz\/fr\/wp-json\/wp\/v2\/types\/product"}],"replies":[{"embeddable":true,"href":"https:\/\/www.moskito.cz\/fr\/wp-json\/wp\/v2\/comments?post=359578"}],"wp:featuredmedia":[{"embeddable":true,"href":"https:\/\/www.moskito.cz\/fr\/wp-json\/wp\/v2\/media\/359579"}],"wp:attachment":[{"href":"https:\/\/www.moskito.cz\/fr\/wp-json\/wp\/v2\/media?parent=359578"}],"wp:term":[{"taxonomy":"pwb-brand","embeddable":true,"href":"https:\/\/www.moskito.cz\/fr\/wp-json\/wp\/v2\/pwb-brand?post=359578"},{"taxonomy":"product_brand","embeddable":true,"href":"https:\/\/www.moskito.cz\/fr\/wp-json\/wp\/v2\/product_brand?post=359578"},{"taxonomy":"product_cat","embeddable":true,"href":"https:\/\/www.moskito.cz\/fr\/wp-json\/wp\/v2\/product_cat?post=359578"},{"taxonomy":"product_tag","embeddable":true,"href":"https:\/\/www.moskito.cz\/fr\/wp-json\/wp\/v2\/product_tag?post=359578"}],"curies":[{"name":"wp","href":"https:\/\/api.w.org\/{rel}","templated":true}]}}