{"id":359610,"date":"2022-01-20T21:01:06","date_gmt":"2024-09-17T13:31:51","guid":{"rendered":"https:\/\/www.moskito.cz\/produkt\/couteau-de-tir-microtech-hera-stonewashed-702-12\/"},"modified":"2025-05-07T11:24:10","modified_gmt":"2025-05-07T10:24:10","slug":"couteau-de-tir-microtech-hera-stonewashed-702-12","status":"publish","type":"product","link":"https:\/\/www.moskito.cz\/fr\/produkt\/couteau-de-tir-microtech-hera-stonewashed-702-12\/","title":{"rendered":"Couteau de tir Microtech Hera Stonewashed 702-12"},"content":{"rendered":"<p><strong>La Hera<\/strong> est une belle voiture avant \u00e0 double action avec une forme de cadre vaguement bas\u00e9e sur le design Troodon. Il est cependant plus ergonomique, avec des patchs usin\u00e9s pr\u00e8s des extr\u00e9mit\u00e9s pour un meilleur achat et, \u00e0 notre avis, un look am\u00e9lior\u00e9. Tout dans ce design \u00e9voque \u00e0 la fois la sophistication et la fonctionnalit\u00e9. Il s&rsquo;agit de l&rsquo;un des meilleurs mod\u00e8les OTF automatiques polyvalents dans un domaine extr\u00eamement encombr\u00e9 et de taille id\u00e9ale pour un transport quotidien. Couteau de tir <strong>Microtech<\/strong> Hera Stonewashed 702-12 Sp\u00e9cifications Longueur de la lame : 8 cm Longueur totale : 19 cm Acier : M390 Style de lame : Dague \u00e0 double tranchant Mouture de la lame : Plat Finition de la lame : Stonewash Mat\u00e9riau du manche : Aluminium a\u00e9ronautique anodis\u00e9 noir M\u00e9canisme de verrouillage : Pouce Slide Fermoir de poche : titane (pliant, \u00e0 droite) Cr\u00e9ateurs : Tony et Sean Marfione Fabriqu\u00e9 aux \u00c9tats-Unis https:\/\/youtu.be\/xE9TeOFYEjg?si=_cD7H1ukVfrw59MV  &nbsp;<\/p>\n","protected":false},"excerpt":{"rendered":"<p>Au fil des ann\u00e9es, <strong>Microtech\u00ae<\/strong> Knives a rempli les couteaux avec passion et comp\u00e9tence pour cr\u00e9er presque des \u0153uvres d&rsquo;art qui sont le summum de la fonctionnalit\u00e9. Toutes les pi\u00e8ces sont fabriqu\u00e9es aux \u00c9tats-Unis. <strong>Tous les couteaux Microtech sont garantis \u00e0 vie (min. 80 000 cycles, ouverture et fermeture).<\/strong> <strong>Livraison gratuite.<\/strong><\/p>\n","protected":false},"featured_media":359611,"comment_status":"open","ping_status":"closed","template":"","meta":[],"pwb-brand":[3751],"product_brand":[],"product_cat":[3699,3696],"product_tag":[3754],"class_list":{"0":"post-359610","1":"product","2":"type-product","3":"status-publish","4":"has-post-thumbnail","6":"pwb-brand-microtechnologie","7":"product_cat-couteaux-de-tir","8":"product_cat-des-couteaux","9":"product_tag-b2b-fr","11":"first","12":"instock","13":"taxable","14":"shipping-taxable","15":"purchasable","16":"product-type-simple"},"brands":[{"id":3751,"name":"Microtechnologie","slug":"microtechnologie"}],"_links":{"self":[{"href":"https:\/\/www.moskito.cz\/fr\/wp-json\/wp\/v2\/product\/359610","targetHints":{"allow":["GET"]}}],"collection":[{"href":"https:\/\/www.moskito.cz\/fr\/wp-json\/wp\/v2\/product"}],"about":[{"href":"https:\/\/www.moskito.cz\/fr\/wp-json\/wp\/v2\/types\/product"}],"replies":[{"embeddable":true,"href":"https:\/\/www.moskito.cz\/fr\/wp-json\/wp\/v2\/comments?post=359610"}],"wp:featuredmedia":[{"embeddable":true,"href":"https:\/\/www.moskito.cz\/fr\/wp-json\/wp\/v2\/media\/359611"}],"wp:attachment":[{"href":"https:\/\/www.moskito.cz\/fr\/wp-json\/wp\/v2\/media?parent=359610"}],"wp:term":[{"taxonomy":"pwb-brand","embeddable":true,"href":"https:\/\/www.moskito.cz\/fr\/wp-json\/wp\/v2\/pwb-brand?post=359610"},{"taxonomy":"product_brand","embeddable":true,"href":"https:\/\/www.moskito.cz\/fr\/wp-json\/wp\/v2\/product_brand?post=359610"},{"taxonomy":"product_cat","embeddable":true,"href":"https:\/\/www.moskito.cz\/fr\/wp-json\/wp\/v2\/product_cat?post=359610"},{"taxonomy":"product_tag","embeddable":true,"href":"https:\/\/www.moskito.cz\/fr\/wp-json\/wp\/v2\/product_tag?post=359610"}],"curies":[{"name":"wp","href":"https:\/\/api.w.org\/{rel}","templated":true}]}}