{"id":359628,"date":"2023-03-18T12:04:03","date_gmt":"2024-09-17T13:32:18","guid":{"rendered":"https:\/\/www.moskito.cz\/produkt\/couteau-de-tir-microtech-hera-manche-rouge-lame-apocalyptique-702-12aprd\/"},"modified":"2025-05-07T11:24:10","modified_gmt":"2025-05-07T10:24:10","slug":"couteau-de-tir-microtech-hera-manche-rouge-lame-apocalyptique-702-12aprd","status":"publish","type":"product","link":"https:\/\/www.moskito.cz\/fr\/produkt\/couteau-de-tir-microtech-hera-manche-rouge-lame-apocalyptique-702-12aprd\/","title":{"rendered":"Couteau de tir Microtech Hera manche rouge lame apocalyptique 702-12APRD"},"content":{"rendered":"<p><strong>Microtech<\/strong> Hera Red Handle Apocalyptic Blade 702-12APRD Couteau de tir <strong>Le Hera<\/strong> est un magnifique frontal automatique \u00e0 double action avec une forme de cadre vaguement bas\u00e9e sur le design Troodon. Il est cependant plus ergonomique, avec des patchs usin\u00e9s pr\u00e8s des extr\u00e9mit\u00e9s pour un meilleur achat et, \u00e0 notre avis, un look am\u00e9lior\u00e9. Tout dans ce design \u00e9voque \u00e0 la fois la sophistication et la fonctionnalit\u00e9. Il s&rsquo;agit de l&rsquo;un des meilleurs mod\u00e8les OTF automatiques polyvalents dans un domaine extr\u00eamement encombr\u00e9 et de taille id\u00e9ale pour un transport quotidien. Longueur totale : 19 cm Longueur ferm\u00e9e : 11,43 cm Longueur de la lame : 7,62 cm \u00c9paisseur de la lame : 0,2 cm Acier : 204P Finition de la lame : Apocalyptique Style de bord : Dentel\u00e9 Mat\u00e9riau du manche : Aluminium rouge Clip de poche : Tip-Down R\u00e9f. # : 702-12APRD Pays d&rsquo;origine : USA https:\/\/youtu.be\/xE9TeOFYEjg?si=_cD7H1ukVfrw59MV   &nbsp;<\/p>\n","protected":false},"excerpt":{"rendered":"<p>Au fil des ann\u00e9es, <strong>Microtech\u00ae Knives<\/strong> a rempli les couteaux avec passion et comp\u00e9tence pour cr\u00e9er presque des \u0153uvres d&rsquo;art qui sont le summum de la fonctionnalit\u00e9. Toutes les pi\u00e8ces sont fabriqu\u00e9es aux \u00c9tats-Unis. <strong>Tous les couteaux Microtech sont garantis \u00e0 vie.<\/strong> <strong>Livraison gratuite.<\/strong><\/p>\n","protected":false},"featured_media":359629,"comment_status":"open","ping_status":"closed","template":"","meta":[],"pwb-brand":[3751],"product_brand":[],"product_cat":[3699,3696],"product_tag":[3754],"class_list":{"0":"post-359628","1":"product","2":"type-product","3":"status-publish","4":"has-post-thumbnail","6":"pwb-brand-microtechnologie","7":"product_cat-couteaux-de-tir","8":"product_cat-des-couteaux","9":"product_tag-b2b-fr","11":"first","12":"instock","13":"taxable","14":"shipping-taxable","15":"purchasable","16":"product-type-simple"},"brands":[{"id":3751,"name":"Microtechnologie","slug":"microtechnologie"}],"_links":{"self":[{"href":"https:\/\/www.moskito.cz\/fr\/wp-json\/wp\/v2\/product\/359628","targetHints":{"allow":["GET"]}}],"collection":[{"href":"https:\/\/www.moskito.cz\/fr\/wp-json\/wp\/v2\/product"}],"about":[{"href":"https:\/\/www.moskito.cz\/fr\/wp-json\/wp\/v2\/types\/product"}],"replies":[{"embeddable":true,"href":"https:\/\/www.moskito.cz\/fr\/wp-json\/wp\/v2\/comments?post=359628"}],"wp:featuredmedia":[{"embeddable":true,"href":"https:\/\/www.moskito.cz\/fr\/wp-json\/wp\/v2\/media\/359629"}],"wp:attachment":[{"href":"https:\/\/www.moskito.cz\/fr\/wp-json\/wp\/v2\/media?parent=359628"}],"wp:term":[{"taxonomy":"pwb-brand","embeddable":true,"href":"https:\/\/www.moskito.cz\/fr\/wp-json\/wp\/v2\/pwb-brand?post=359628"},{"taxonomy":"product_brand","embeddable":true,"href":"https:\/\/www.moskito.cz\/fr\/wp-json\/wp\/v2\/product_brand?post=359628"},{"taxonomy":"product_cat","embeddable":true,"href":"https:\/\/www.moskito.cz\/fr\/wp-json\/wp\/v2\/product_cat?post=359628"},{"taxonomy":"product_tag","embeddable":true,"href":"https:\/\/www.moskito.cz\/fr\/wp-json\/wp\/v2\/product_tag?post=359628"}],"curies":[{"name":"wp","href":"https:\/\/api.w.org\/{rel}","templated":true}]}}