{"id":359648,"date":"2023-07-03T22:15:35","date_gmt":"2024-09-17T18:35:57","guid":{"rendered":"https:\/\/www.moskito.cz\/produkt\/couteau-de-tir-microtech-socom-elite-stonewashed-tanto-161a-11\/"},"modified":"2025-05-07T11:24:10","modified_gmt":"2025-05-07T10:24:10","slug":"couteau-de-tir-microtech-socom-elite-stonewashed-tanto-161a-11","status":"publish","type":"product","link":"https:\/\/www.moskito.cz\/fr\/produkt\/couteau-de-tir-microtech-socom-elite-stonewashed-tanto-161a-11\/","title":{"rendered":"Couteau de tir Microtech Socom Elite Stonewashed Tanto 161A-11"},"content":{"rendered":"<p>Couteau de tir <strong>Microtech<\/strong> Socom Elite Stonewashed Tanto 161A-11 <strong>Le Socom Elite<\/strong> \u00e9tablit la norme la plus \u00e9lev\u00e9e en mati\u00e8re de couteaux tactiques\/utilitaires. Depuis la cr\u00e9ation du premier Socom en 1996, il est le pionnier de toute la gamme <strong>de couteaux pliants Microtech<\/strong> . Un certain nombre d&rsquo;am\u00e9liorations ont \u00e9t\u00e9 apport\u00e9es au fil des ann\u00e9es pour rendre Socom mieux adapt\u00e9 aux diff\u00e9rents environnements. Les <strong>Socom<\/strong> automatiques et manuels ont une forme de poign\u00e9e unique qui s&rsquo;adapte \u00e0 votre main. Vous savez que vous achetez le meilleur outil du march\u00e9, quelle que soit la lame que vous choisissez : clip tip ou tanto. Un brise-verre int\u00e9gr\u00e9 \u00e0 la base du manche et un gros bouton permettant une ouverture facile avec un gant lui conf\u00e8rent un look impressionnant. La fiabilit\u00e9 robuste de Socom en fait le premier choix de la communaut\u00e9 des op\u00e9rations sp\u00e9ciales. Sp\u00e9cifications Longueur de la lame : 10,12 cm Longueur ferm\u00e9e : 12,65 cm Longueur totale : 22,77 cm Acier : M390 Style de lame : Tanto Mouture de la lame : Plate Finition de la lame : Stonewash Mat\u00e9riau du manche : Aluminium avec inserts textur\u00e9s M\u00e9canisme de verrouillage : Bouton Clip de poche : Acier inoxydable (pliable, usure \u00e0 droite) Poids : 5,6 oz. Cr\u00e9ateur : Tony Marfione Fabriqu\u00e9 aux \u00c9tats-Unis <\/p>\n","protected":false},"excerpt":{"rendered":"<p>Au fil des ann\u00e9es, <strong>Microtech\u00ae Knives<\/strong> a rempli les couteaux avec passion et comp\u00e9tence pour cr\u00e9er presque des \u0153uvres d&rsquo;art qui sont le summum de la fonctionnalit\u00e9. Toutes les pi\u00e8ces sont fabriqu\u00e9es aux \u00c9tats-Unis. <strong>Tous les couteaux Microtech sont garantis \u00e0 vie.<\/strong> <strong>Livraison gratuite.<\/strong><\/p>\n<p>&nbsp;<\/p>\n","protected":false},"featured_media":359651,"comment_status":"open","ping_status":"closed","template":"","meta":[],"pwb-brand":[3751],"product_brand":[],"product_cat":[3699,3696],"product_tag":[3754],"class_list":{"0":"post-359648","1":"product","2":"type-product","3":"status-publish","4":"has-post-thumbnail","6":"pwb-brand-microtechnologie","7":"product_cat-couteaux-de-tir","8":"product_cat-des-couteaux","9":"product_tag-b2b-fr","11":"first","12":"outofstock","13":"taxable","14":"shipping-taxable","15":"purchasable","16":"product-type-simple"},"brands":[{"id":3751,"name":"Microtechnologie","slug":"microtechnologie"}],"_links":{"self":[{"href":"https:\/\/www.moskito.cz\/fr\/wp-json\/wp\/v2\/product\/359648","targetHints":{"allow":["GET"]}}],"collection":[{"href":"https:\/\/www.moskito.cz\/fr\/wp-json\/wp\/v2\/product"}],"about":[{"href":"https:\/\/www.moskito.cz\/fr\/wp-json\/wp\/v2\/types\/product"}],"replies":[{"embeddable":true,"href":"https:\/\/www.moskito.cz\/fr\/wp-json\/wp\/v2\/comments?post=359648"}],"wp:featuredmedia":[{"embeddable":true,"href":"https:\/\/www.moskito.cz\/fr\/wp-json\/wp\/v2\/media\/359651"}],"wp:attachment":[{"href":"https:\/\/www.moskito.cz\/fr\/wp-json\/wp\/v2\/media?parent=359648"}],"wp:term":[{"taxonomy":"pwb-brand","embeddable":true,"href":"https:\/\/www.moskito.cz\/fr\/wp-json\/wp\/v2\/pwb-brand?post=359648"},{"taxonomy":"product_brand","embeddable":true,"href":"https:\/\/www.moskito.cz\/fr\/wp-json\/wp\/v2\/product_brand?post=359648"},{"taxonomy":"product_cat","embeddable":true,"href":"https:\/\/www.moskito.cz\/fr\/wp-json\/wp\/v2\/product_cat?post=359648"},{"taxonomy":"product_tag","embeddable":true,"href":"https:\/\/www.moskito.cz\/fr\/wp-json\/wp\/v2\/product_tag?post=359648"}],"curies":[{"name":"wp","href":"https:\/\/api.w.org\/{rel}","templated":true}]}}