{"id":359672,"date":"2020-02-11T11:40:08","date_gmt":"2024-09-17T18:36:36","guid":{"rendered":"https:\/\/www.moskito.cz\/produkt\/couteau-de-tir-microtech-socom-elite-160a-10-mr\/"},"modified":"2025-07-11T07:50:49","modified_gmt":"2025-07-11T06:50:49","slug":"couteau-de-tir-microtech-socom-elite-160a-10-mr","status":"publish","type":"product","link":"https:\/\/www.moskito.cz\/fr\/produkt\/couteau-de-tir-microtech-socom-elite-160a-10-mr\/","title":{"rendered":"Couteau de tir Microtech Socom Elite 160A-10 MR"},"content":{"rendered":"<p>Couteau de tir <strong>Microtech Socom Elite<\/strong> 160A-10 MR.  <span lang=\"cs\">Au fil des ann\u00e9es, <strong>Microtech\u00ae Knives<\/strong> a rempli les couteaux de passion et de comp\u00e9tence pour cr\u00e9er presque des \u0153uvres d&rsquo;art qui sont le summum de la fonctionnalit\u00e9. Il continue de repousser les limites et d\u2019am\u00e9liorer ce dont il sait d\u00e9j\u00e0 qu\u2019il fonctionne. En 2020, Microtech\u00ae Knives est devenue une marque leader de couteaux qui \u00e9volue et avance constamment en utilisant les derni\u00e8res technologies, des principes s\u00e9culaires de fabrication de lames et des tests sur le terrain maximum afin de ne pas compromettre la qualit\u00e9.  <\/span>  Ce couteau automatique <strong>Microtech Socom Elite<\/strong> 161A-10 MR Shooting Knife poss\u00e8de un manche en aluminium et une lame tanto mate. Depuis la cr\u00e9ation du <strong>Microtech\u00ae original, Socom<\/strong> a \u00e9tabli la norme en mati\u00e8re de couteaux tactiques. Sokom Elite s&rsquo;appuie sur cette conception pour s&rsquo;adapter \u00e0 diff\u00e9rents environnements. Sa poign\u00e9e a une prise sportive et une forme unique, pour une prise en main confortable et s\u00fbre \u00e0 tout moment. Longueur totale : 22,5 cm Longueur de la lame : 10 cm Tranchant : 9,37 cm Largeur de la lame : 2,8 cm \u00c9paisseur de la lame : 0,47 cm Mat\u00e9riau de la lame : Bohler M390 Inserts : Plat Longueur du manche : 12,5 cm Largeur du manche : 3,42 \u00c9paisseur du manche : 1,37 Mat\u00e9riau des poign\u00e9es : aluminium Poids : 4,58 onces. Utilisateur : Clip de poche pour la main droite : Type de couteau rabattable : Ouvre-automatique : Bouton de verrouillage Type : Verrouillage de verrouillage Marque : Microtech Mod\u00e8le : Socom Elite Num\u00e9ro de mod\u00e8le : 161A-10 MR Pays d&rsquo;origine : \u00c9tats-Unis Meilleure utilisation : Tactique Au fil des ans, <strong>Microtech \u00ae Knives<\/strong> a insuffl\u00e9 passion et comp\u00e9tence dans la cr\u00e9ation d\u2019\u0153uvres d\u2019art qui sont au sommet de la fonctionnalit\u00e9 et de la forme.  Nous continuons de repousser les limites et d\u2019am\u00e9liorer ce dont nous savons d\u00e9j\u00e0 qu\u2019il fonctionne. En 2020, <strong>Microtech\u00ae Knives<\/strong> est devenue une marque leader de coutellerie, en constante \u00e9volution et en allant de l&rsquo;avant en utilisant les derni\u00e8res technologies, les principes de lame anciens et des tests sur le terrain maximum pour garantir que nous ne faisons jamais de compromis.  <\/p>\n<div class=\"description\">  Le Socom Elite \u00e9tablit la norme la plus \u00e9lev\u00e9e en mati\u00e8re de couverts tactiques\/utilitaires. Depuis la cr\u00e9ation du Socom original en 1996, il a \u00e9t\u00e9 le pionnier de toute la gamme de couteaux pliants <strong>Microtech<\/strong> . Au fil des ann\u00e9es, de nombreuses am\u00e9liorations ont \u00e9t\u00e9 apport\u00e9es rendant le Socom plus adaptable \u00e0 diff\u00e9rents environnements. Les Socoms automatiques et manuels ont une forme de poign\u00e9e unique qui s&rsquo;adapte \u00e0 votre main. Vous savez que vous achetez le meilleur outil du march\u00e9, quelle que soit la lame unique que vous choisissez : la pointe clip ou la tanto. Un brise-verre int\u00e9gr\u00e9 \u00e0 la base de la poign\u00e9e et un gros bouton permettant une ouverture facile avec un gant ajoutent \u00e0 sa stature impressionnante. La fiabilit\u00e9 robuste du Socom en fait le premier choix de la communaut\u00e9 des op\u00e9rations sp\u00e9ciales.        <\/p>\n<div class=\"clearfix\"><\/div>\n<\/div>\n<div class=\"specifications\">\n<div class=\"features\"><\/div>\n<div class=\"specs\">\n<p><strong>Caract\u00e9ristiques<\/strong><\/p>\n<ul>\n<li>Longueur de la lame : 4,05&Prime;<\/li>\n<li>Tranchant : 3,75&Prime;<\/li>\n<li>Longueur ferm\u00e9e : 5,06&Prime;<\/li>\n<li>Longueur totale : 9,11&Prime;<\/li>\n<li><strong>Attention, l&rsquo;acier de la lame ne peut pas \u00eatre pr\u00e9cis\u00e9 car il peut changer selon la disponibilit\u00e9 (informations Microtech)<\/strong><\/li>\n<li>Style de lame : Tanto<\/li>\n<li>Meulage de la lame&nbsp;:&nbsp;Plat<\/li>\n<li>Finition de la lame&nbsp;: Stonewash<\/li>\n<li>Mat\u00e9riau de la poign\u00e9e&nbsp;: aluminium avec inserts textur\u00e9s<\/li>\n<li>M\u00e9canisme de verrouillage&nbsp;:&nbsp;bouton poussoir<\/li>\n<li>Clip de poche&nbsp;: acier inoxydable (inclinaison vers le bas, transport \u00e0 droite)<\/li>\n<li>Poids : 5,6 onces.<\/li>\n<li>Cr\u00e9ateur : Tony Marfione<\/li>\n<li>Fabriqu\u00e9 aux Etats-Unis<\/li>\n<\/ul>\n<\/div>\n<\/div>\n","protected":false},"excerpt":{"rendered":"<p>Au fil des ann\u00e9es, <strong>Microtech\u00ae Knives<\/strong> a rempli les couteaux de passion et de comp\u00e9tence pour cr\u00e9er presque des \u0153uvres d&rsquo;art qui sont le summum de la fonctionnalit\u00e9. Toutes les pi\u00e8ces sont fabriqu\u00e9es aux \u00c9tats-Unis.  <strong>Tous les couteaux Microtech sont garantis \u00e0 vie.<\/strong><\/p>\n","protected":false},"featured_media":177561,"comment_status":"open","ping_status":"closed","template":"","meta":[],"pwb-brand":[3751],"product_brand":[],"product_cat":[3699,3696],"product_tag":[],"class_list":{"0":"post-359672","1":"product","2":"type-product","3":"status-publish","4":"has-post-thumbnail","6":"pwb-brand-microtechnologie","7":"product_cat-couteaux-de-tir","8":"product_cat-des-couteaux","10":"first","11":"outofstock","12":"taxable","13":"shipping-taxable","14":"purchasable","15":"product-type-simple"},"brands":[{"id":3751,"name":"Microtechnologie","slug":"microtechnologie"}],"_links":{"self":[{"href":"https:\/\/www.moskito.cz\/fr\/wp-json\/wp\/v2\/product\/359672","targetHints":{"allow":["GET"]}}],"collection":[{"href":"https:\/\/www.moskito.cz\/fr\/wp-json\/wp\/v2\/product"}],"about":[{"href":"https:\/\/www.moskito.cz\/fr\/wp-json\/wp\/v2\/types\/product"}],"replies":[{"embeddable":true,"href":"https:\/\/www.moskito.cz\/fr\/wp-json\/wp\/v2\/comments?post=359672"}],"wp:featuredmedia":[{"embeddable":true,"href":"https:\/\/www.moskito.cz\/fr\/wp-json\/wp\/v2\/media\/177561"}],"wp:attachment":[{"href":"https:\/\/www.moskito.cz\/fr\/wp-json\/wp\/v2\/media?parent=359672"}],"wp:term":[{"taxonomy":"pwb-brand","embeddable":true,"href":"https:\/\/www.moskito.cz\/fr\/wp-json\/wp\/v2\/pwb-brand?post=359672"},{"taxonomy":"product_brand","embeddable":true,"href":"https:\/\/www.moskito.cz\/fr\/wp-json\/wp\/v2\/product_brand?post=359672"},{"taxonomy":"product_cat","embeddable":true,"href":"https:\/\/www.moskito.cz\/fr\/wp-json\/wp\/v2\/product_cat?post=359672"},{"taxonomy":"product_tag","embeddable":true,"href":"https:\/\/www.moskito.cz\/fr\/wp-json\/wp\/v2\/product_tag?post=359672"}],"curies":[{"name":"wp","href":"https:\/\/api.w.org\/{rel}","templated":true}]}}