{"id":359735,"date":"2022-07-15T10:09:34","date_gmt":"2024-09-17T18:51:06","guid":{"rendered":"https:\/\/www.moskito.cz\/produkt\/couteau-de-tir-microtech-utx-85-turquoise-233-4tq\/"},"modified":"2025-05-07T11:24:16","modified_gmt":"2025-05-07T10:24:16","slug":"couteau-de-tir-microtech-utx-85-turquoise-233-4tq","status":"publish","type":"product","link":"https:\/\/www.moskito.cz\/fr\/produkt\/couteau-de-tir-microtech-utx-85-turquoise-233-4tq\/","title":{"rendered":"Couteau de tir Microtech UTX-85 Turquoise 233-4TQ"},"content":{"rendered":"<p>Couteau de tir <strong>Microtech<\/strong> UTX-85 Turquoise 233-4TQ Microtech a mis \u00e0 jour et am\u00e9lior\u00e9 le mod\u00e8le UTX-85. Il pr\u00e9sente une ergonomie am\u00e9lior\u00e9e, des surfaces de poign\u00e9e arrondies et des patchs rainur\u00e9s sur les c\u00f4t\u00e9s pour une excellente prise en main. Le bouton de d\u00e9clenchement a \u00e9t\u00e9 repens\u00e9 pour augmenter la surface de contact pour un engagement efficace, et le brise-verre est dot\u00e9 d&rsquo;une pointe sph\u00e9rique ins\u00e9r\u00e9e dans une base \u00e0 motif triangulaire pour am\u00e9liorer ses mod\u00e8les d&rsquo;usure quotidienne. L&rsquo;UTX-85 est bas\u00e9 sur la plateforme Ultratech et est r\u00e9duit \u00e0 85 % de sa longueur. L&rsquo;UTX-85 est un choix attrayant pour ceux qui pr\u00e9f\u00e8rent un couteau EDC plus petit et appr\u00e9cient l&rsquo;action frontale haute performance de Microtech et la qualit\u00e9 de fabrication exceptionnelle. Ce mod\u00e8le est dot\u00e9 d&rsquo;une poign\u00e9e en aluminium 6061-T6 anodis\u00e9 avec le logo Claw sur le devant. Clip de poche et pointe brise-verre assortis.  La lame contient des informations sur le mod\u00e8le. Le clip de poche porte le logo Microtech, le num\u00e9ro de s\u00e9rie et la date de fabrication. Livr\u00e9 neuf dans sa bo\u00eete. Longueur totale : 18,75 cm Longueur de la lame : 7,81 cm Tranchant : 7,17 cm \u00c9paisseur de la lame : 0,32 cm Mat\u00e9riau de la lame : Bohler M390 Inserts : Plat Longueur du manche : 10,92 cm \u00c9paisseur du manche : 1,17 cm Mat\u00e9riau du manche : Aluminium Poids : 3,06 oz. Utilisateur : Clip de poche pour la main droite : Couteau \u00e0 pointe vers le bas Type : OTF \u00e0 double action Ouvre-porte automatique : Thumb Slide Marque : Microtech Mod\u00e8le : UTX-85 Pays d&rsquo;origine : \u00c9tats-Unis <\/p>\n","protected":false},"excerpt":{"rendered":"<div class=\"elementor-element elementor-element-bbb542b elementor-widget elementor-widget-woocommerce-product-short-description\" data-id=\"bbb542b\" data-element_type=\"widget\" data-widget_type=\"woocommerce-product-short-description.default\">\n<div class=\"elementor-widget-container\">\n<div class=\"woocommerce-product-details__short-description\">  Au fil des ann\u00e9es, <strong>Microtech\u00ae Knives<\/strong> a rempli les couteaux avec passion et comp\u00e9tence pour cr\u00e9er presque des \u0153uvres d&rsquo;art qui sont le summum de la fonctionnalit\u00e9. Toutes les pi\u00e8ces sont fabriqu\u00e9es aux \u00c9tats-Unis. <strong>Tous les couteaux Microtech sont garantis \u00e0 vie.<\/strong> <strong>Livraison gratuite.<\/strong><\/p>\n<\/div>\n<\/div>\n<\/div>\n","protected":false},"featured_media":386656,"comment_status":"open","ping_status":"closed","template":"","meta":[],"pwb-brand":[3751],"product_brand":[],"product_cat":[3699,3696],"product_tag":[3754],"class_list":{"0":"post-359735","1":"product","2":"type-product","3":"status-publish","4":"has-post-thumbnail","6":"pwb-brand-microtechnologie","7":"product_cat-couteaux-de-tir","8":"product_cat-des-couteaux","9":"product_tag-b2b-fr","11":"first","12":"outofstock","13":"taxable","14":"shipping-taxable","15":"purchasable","16":"product-type-simple"},"brands":[{"id":3751,"name":"Microtechnologie","slug":"microtechnologie"}],"_links":{"self":[{"href":"https:\/\/www.moskito.cz\/fr\/wp-json\/wp\/v2\/product\/359735","targetHints":{"allow":["GET"]}}],"collection":[{"href":"https:\/\/www.moskito.cz\/fr\/wp-json\/wp\/v2\/product"}],"about":[{"href":"https:\/\/www.moskito.cz\/fr\/wp-json\/wp\/v2\/types\/product"}],"replies":[{"embeddable":true,"href":"https:\/\/www.moskito.cz\/fr\/wp-json\/wp\/v2\/comments?post=359735"}],"wp:featuredmedia":[{"embeddable":true,"href":"https:\/\/www.moskito.cz\/fr\/wp-json\/wp\/v2\/media\/386656"}],"wp:attachment":[{"href":"https:\/\/www.moskito.cz\/fr\/wp-json\/wp\/v2\/media?parent=359735"}],"wp:term":[{"taxonomy":"pwb-brand","embeddable":true,"href":"https:\/\/www.moskito.cz\/fr\/wp-json\/wp\/v2\/pwb-brand?post=359735"},{"taxonomy":"product_brand","embeddable":true,"href":"https:\/\/www.moskito.cz\/fr\/wp-json\/wp\/v2\/product_brand?post=359735"},{"taxonomy":"product_cat","embeddable":true,"href":"https:\/\/www.moskito.cz\/fr\/wp-json\/wp\/v2\/product_cat?post=359735"},{"taxonomy":"product_tag","embeddable":true,"href":"https:\/\/www.moskito.cz\/fr\/wp-json\/wp\/v2\/product_tag?post=359735"}],"curies":[{"name":"wp","href":"https:\/\/api.w.org\/{rel}","templated":true}]}}