{"id":359748,"date":"2023-07-03T21:30:54","date_gmt":"2024-09-17T18:52:54","guid":{"rendered":"https:\/\/www.moskito.cz\/produkt\/couteau-de-tir-microtech-bastinelli-creations-brachial-268a-3t\/"},"modified":"2025-05-07T11:24:17","modified_gmt":"2025-05-07T10:24:17","slug":"couteau-de-tir-microtech-bastinelli-creations-brachial-268a-3t","status":"publish","type":"product","link":"https:\/\/www.moskito.cz\/fr\/produkt\/couteau-de-tir-microtech-bastinelli-creations-brachial-268a-3t\/","title":{"rendered":"Couteau de tir Microtech\/Bastinelli Creations Brachial 268A-3T"},"content":{"rendered":"<p>Couteau de tir <strong>Microtech\/Bastinelli<\/strong> Creations Brachial 268A-3T Le Brachial est une collaboration de conception de style persan avec Bastinelli Knives qui apporte une pi\u00e8ce de style unique \u00e0 la gamme Microtech. Nous aimons tout dans ce couteau. De son apparence \u00e0 son ergonomie, en passant par son action et ses mat\u00e9riaux sup\u00e9rieurs&nbsp;; cela vous servira pendant de nombreuses ann\u00e9es. Il convient \u00e9galement \u00e0 une myriade d\u2019applications allant de l\u2019EDC aux tactiques et litt\u00e9ralement \u00e0 tout le reste. Il comprend une finition usin\u00e9e avec un motif de fragments pour une meilleure adh\u00e9rence, un clip de poche magnifiquement con\u00e7u et un trou pour lani\u00e8re cach\u00e9 pouvant contenir 550 paracordes. C&rsquo;est un sacr\u00e9 couteau, prenez-le tant que vous le pouvez ! Sp\u00e9cifications Longueur de la lame : 9 cm Longueur ferm\u00e9e : 12 cm Longueur totale : 21 cm OCel : M390 \u00c9paisseur de la lame : 0,40 cm Style de lame : Trailing Point Aff\u00fbtage de la lame : Plat Finition de la lame : noir Mat\u00e9riau du manche : Aluminium noir frais\u00e9 6061-T6 \u00c9paisseur des poign\u00e9es : 0,545 \u00a0\u00bb M\u00e9canisme de verrouillage : Bouton Clip de poche : Acier inoxydable (d\u00e9pliable, transport \u00e0 droite) Poids : 4,37 oz. Cr\u00e9ateurs : Bastien Coves et Tony Marfione Fabriqu\u00e9 aux \u00c9tats-Unis https:\/\/youtu.be\/xE9TeOFYEjg?si=_cD7H1ukVfrw59MV   &nbsp;<\/p>\n","protected":false},"excerpt":{"rendered":"<p>Au fil des ann\u00e9es, <strong>Microtech\u00ae<\/strong> Knives a rempli les couteaux avec passion et comp\u00e9tence pour cr\u00e9er presque des \u0153uvres d&rsquo;art qui sont le summum de la fonctionnalit\u00e9. Toutes les pi\u00e8ces sont fabriqu\u00e9es aux \u00c9tats-Unis. <strong>Tous les couteaux Microtech sont garantis \u00e0 vie (min. 80 000 cycles, ouverture et fermeture).<\/strong> <strong>Livraison gratuite.<\/strong><\/p>\n","protected":false},"featured_media":359749,"comment_status":"open","ping_status":"closed","template":"","meta":[],"pwb-brand":[3751],"product_brand":[],"product_cat":[3699,3696],"product_tag":[3754],"class_list":{"0":"post-359748","1":"product","2":"type-product","3":"status-publish","4":"has-post-thumbnail","6":"pwb-brand-microtechnologie","7":"product_cat-couteaux-de-tir","8":"product_cat-des-couteaux","9":"product_tag-b2b-fr","11":"first","12":"instock","13":"taxable","14":"shipping-taxable","15":"purchasable","16":"product-type-simple"},"brands":[{"id":3751,"name":"Microtechnologie","slug":"microtechnologie"}],"_links":{"self":[{"href":"https:\/\/www.moskito.cz\/fr\/wp-json\/wp\/v2\/product\/359748","targetHints":{"allow":["GET"]}}],"collection":[{"href":"https:\/\/www.moskito.cz\/fr\/wp-json\/wp\/v2\/product"}],"about":[{"href":"https:\/\/www.moskito.cz\/fr\/wp-json\/wp\/v2\/types\/product"}],"replies":[{"embeddable":true,"href":"https:\/\/www.moskito.cz\/fr\/wp-json\/wp\/v2\/comments?post=359748"}],"wp:featuredmedia":[{"embeddable":true,"href":"https:\/\/www.moskito.cz\/fr\/wp-json\/wp\/v2\/media\/359749"}],"wp:attachment":[{"href":"https:\/\/www.moskito.cz\/fr\/wp-json\/wp\/v2\/media?parent=359748"}],"wp:term":[{"taxonomy":"pwb-brand","embeddable":true,"href":"https:\/\/www.moskito.cz\/fr\/wp-json\/wp\/v2\/pwb-brand?post=359748"},{"taxonomy":"product_brand","embeddable":true,"href":"https:\/\/www.moskito.cz\/fr\/wp-json\/wp\/v2\/product_brand?post=359748"},{"taxonomy":"product_cat","embeddable":true,"href":"https:\/\/www.moskito.cz\/fr\/wp-json\/wp\/v2\/product_cat?post=359748"},{"taxonomy":"product_tag","embeddable":true,"href":"https:\/\/www.moskito.cz\/fr\/wp-json\/wp\/v2\/product_tag?post=359748"}],"curies":[{"name":"wp","href":"https:\/\/api.w.org\/{rel}","templated":true}]}}