{"id":359782,"date":"2022-12-15T22:08:26","date_gmt":"2024-09-20T12:32:25","guid":{"rendered":"https:\/\/www.moskito.cz\/produkt\/couteau-de-tir-cobratec-grand-fs-3-army-digi-camo\/"},"modified":"2025-05-07T11:24:17","modified_gmt":"2025-05-07T10:24:17","slug":"couteau-de-tir-cobratec-grand-fs-3-army-digi-camo","status":"publish","type":"product","link":"https:\/\/www.moskito.cz\/fr\/produkt\/couteau-de-tir-cobratec-grand-fs-3-army-digi-camo\/","title":{"rendered":"Couteau de tir CobraTec GRAND FS-3 ARMY DIGI CAMO"},"content":{"rendered":"<p>Couteau de tir <strong>CobraTec<\/strong> GRAND FS-3 ARMY DIGI CAMO. Notre grand FS-3 Army Digi Camo commence avec un manche en alliage d&rsquo;aluminium de haute qualit\u00e9 et poss\u00e8de une lame en acier D2 de haute qualit\u00e9. Tous les couteaux sont \u00e0 double effet (l&rsquo;extension et la r\u00e9traction de la lame sont contr\u00f4l\u00e9es en appuyant ou en tirant le m\u00eame interrupteur de commande). Le couteau est ambidextre car le clip de poche peut \u00eatre commut\u00e9 d&rsquo;un c\u00f4t\u00e9 ou de l&rsquo;autre, permettant une utilisation \u00e0 droite et \u00e0 gauche. Ce couteau est dot\u00e9 d&rsquo;un clip de poche, d&rsquo;un brise-verre d&rsquo;urgence et comprend un \u00e9tui en nylon. Tous les couteaux CobraTec sont couverts par notre GARANTIE \u00c0 VIE. Marque: CobraTec Longueur totale: 22,90 cm Longueur de la lame: 8,90 cm Poids: 226,00 g Mat\u00e9riau de la lame: D2 Mat\u00e9riau de la poign\u00e9e: aluminium Ouvre-bouton-poussoir Ouverture: automatique Type de verrouillage: OTF Couleur: camouflage Couleur de la lame: non rev\u00eatu        &nbsp;<\/p>\n","protected":false},"excerpt":{"rendered":"<p>Chaque couteau <strong>CobraTec\u00ae<\/strong> est assorti d&rsquo;une garantie \u00e0 vie. <strong>Livraison gratuite.<\/strong><\/p>\n","protected":false},"featured_media":359789,"comment_status":"open","ping_status":"closed","template":"","meta":[],"pwb-brand":[3938],"product_brand":[],"product_cat":[3699,3696],"product_tag":[],"class_list":{"0":"post-359782","1":"product","2":"type-product","3":"status-publish","4":"has-post-thumbnail","6":"pwb-brand-cobratec-fr","7":"product_cat-couteaux-de-tir","8":"product_cat-des-couteaux","10":"first","11":"outofstock","12":"taxable","13":"shipping-taxable","14":"purchasable","15":"product-type-simple"},"brands":[{"id":3938,"name":"CobraTec","slug":"cobratec-fr"}],"_links":{"self":[{"href":"https:\/\/www.moskito.cz\/fr\/wp-json\/wp\/v2\/product\/359782","targetHints":{"allow":["GET"]}}],"collection":[{"href":"https:\/\/www.moskito.cz\/fr\/wp-json\/wp\/v2\/product"}],"about":[{"href":"https:\/\/www.moskito.cz\/fr\/wp-json\/wp\/v2\/types\/product"}],"replies":[{"embeddable":true,"href":"https:\/\/www.moskito.cz\/fr\/wp-json\/wp\/v2\/comments?post=359782"}],"wp:featuredmedia":[{"embeddable":true,"href":"https:\/\/www.moskito.cz\/fr\/wp-json\/wp\/v2\/media\/359789"}],"wp:attachment":[{"href":"https:\/\/www.moskito.cz\/fr\/wp-json\/wp\/v2\/media?parent=359782"}],"wp:term":[{"taxonomy":"pwb-brand","embeddable":true,"href":"https:\/\/www.moskito.cz\/fr\/wp-json\/wp\/v2\/pwb-brand?post=359782"},{"taxonomy":"product_brand","embeddable":true,"href":"https:\/\/www.moskito.cz\/fr\/wp-json\/wp\/v2\/product_brand?post=359782"},{"taxonomy":"product_cat","embeddable":true,"href":"https:\/\/www.moskito.cz\/fr\/wp-json\/wp\/v2\/product_cat?post=359782"},{"taxonomy":"product_tag","embeddable":true,"href":"https:\/\/www.moskito.cz\/fr\/wp-json\/wp\/v2\/product_tag?post=359782"}],"curies":[{"name":"wp","href":"https:\/\/api.w.org\/{rel}","templated":true}]}}