{"id":359843,"date":"2023-07-05T09:31:35","date_gmt":"2023-07-05T08:31:35","guid":{"rendered":"https:\/\/www.moskito.cz\/produkt\/couteau-pliant-leger-spyderco-manix-2-c101pdbl2\/"},"modified":"2025-05-07T11:24:18","modified_gmt":"2025-05-07T10:24:18","slug":"couteau-pliant-leger-spyderco-manix-2-c101pdbl2","status":"publish","type":"product","link":"https:\/\/www.moskito.cz\/fr\/produkt\/couteau-pliant-leger-spyderco-manix-2-c101pdbl2\/","title":{"rendered":"Couteau pliant l\u00e9ger Spyderco Manix 2 C101PDBL2"},"content":{"rendered":"<p><strong>Le couteau pliant Spyderco<\/strong> Manix 2 Lightweight C101PDBL2 <strong>Manix<\/strong> 2 Lightweight CPM S110V combine la construction ultra-l\u00e9g\u00e8re de notre Manix 2 Lightweight prim\u00e9 avec une lame aff\u00fbt\u00e9e en Crucible\u00ae CPM S110V haut de gamme. Cet acier de m\u00e9tallurgie des poudres de pointe contient des niveaux \u00e9lev\u00e9s de vanadium et de niobium, des alliages qui lui conf\u00e8rent une r\u00e9sistance \u00e0 l&rsquo;usure exceptionnelle et une plus grande r\u00e9sistance \u00e0 la corrosion que de nombreux autres aciers inoxydables. La lame enti\u00e8rement plate en forme de feuille offre une excellente combinaison de r\u00e9sistance, de performances de coupe \u00e0 faible friction et d&rsquo;utilit\u00e9 pr\u00e9cise. Il comporte \u00e9galement un index et un jimping (texturation) strat\u00e9giquement plac\u00e9 pour am\u00e9liorer le contr\u00f4le pendant l&rsquo;utilisation, ainsi que le Trademark Round Hole\u2122 de Spyderco pour une ouverture rapide, d&rsquo;une seule main et ambidextre. Le manche de ce couteau est moul\u00e9 par injection \u00e0 partir de nylon renforc\u00e9 de fibre de verre (FRN) r\u00e9sistant et pr\u00e9sente le motif Bi-Directional Texturing\u2122 signature de Spyderco pour une prise s\u00fbre dans toutes les conditions environnementales.     Le clip m\u00e9tallique double face permet un port confortable \u00e0 gauche ou \u00e0 droite, et le grand trou pour le cordon permet une fixation facile des breloques et des cordons. La connexion de la lame et du manche est assur\u00e9e par le m\u00e9canisme brevet\u00e9 de verrouillage \u00e0 roulement \u00e0 billes de Spyderco. Ce verrou \u00e0 haute r\u00e9sistance est constitu\u00e9 d&rsquo;un roulement \u00e0 billes int\u00e9gr\u00e9 dans une \u00ab cage \u00bb en polym\u00e8re durable. Lorsque la lame s&rsquo;ouvre, un piston en acier \u00e0 ressort entra\u00eene le roulement \u00e0 billes vers l&rsquo;avant pour se coincer entre la rampe de la lame et \u00ab l&rsquo;enclume \u00bb dans l&rsquo;insert en acier du manche.  Tirer le roulement \u00e0 billes dans la cage vers l&rsquo;arri\u00e8re lib\u00e8re le verrou et la lame se ferme en douceur tout en gardant vos doigts \u00e0 une distance s\u00fbre du bord tranchant. Doux, solide et facile \u00e0 utiliser, le verrou \u00e0 roulement \u00e0 billes est \u00e9galement enti\u00e8rement r\u00e9versible. <strong>Le Manix<\/strong> 2 CPM S110V Lightweight est un couteau pliant exceptionnellement avanc\u00e9 qui combine l\u00e9g\u00e8ret\u00e9, durabilit\u00e9, r\u00e9sistance et capacit\u00e9s de coupe hautes performances dans un seul ensemble dynamique. Sp\u00e9cifications Longueur de la lame : 8,6 cm Tranchant : 7,3 cm Longueur totale : 20,4 cm Longueur ferm\u00e9e : 11,8 cm \u00c9paisseur de la lame : 0,32 cm Acier de la lame : Acier inoxydable CPM S110V Poids : 2,9 oz. (82g)   Fabriqu\u00e9 aux \u00c9tats-Unis  &nbsp;<\/p>\n<p>&nbsp;<\/p>\n","protected":false},"excerpt":{"rendered":"<p><strong>Le Manix 2 Lightweight CPM S110V combine la construction ultra-l\u00e9g\u00e8re de notre Manix 2 Lightweight prim\u00e9 avec une lame aff\u00fbt\u00e9e en Crucible\u00ae CPM S110V haut de gamme.<\/strong><\/p>\n","protected":false},"featured_media":359845,"comment_status":"open","ping_status":"closed","template":"","meta":[],"pwb-brand":[3778],"product_brand":[],"product_cat":[3700,3696],"product_tag":[3754],"class_list":{"0":"post-359843","1":"product","2":"type-product","3":"status-publish","4":"has-post-thumbnail","6":"pwb-brand-spyderco-fr","7":"product_cat-couteaux-de-fermeture","8":"product_cat-des-couteaux","9":"product_tag-b2b-fr","11":"first","12":"instock","13":"taxable","14":"shipping-taxable","15":"purchasable","16":"product-type-simple"},"brands":[{"id":3778,"name":"Spyderco","slug":"spyderco-fr"}],"_links":{"self":[{"href":"https:\/\/www.moskito.cz\/fr\/wp-json\/wp\/v2\/product\/359843","targetHints":{"allow":["GET"]}}],"collection":[{"href":"https:\/\/www.moskito.cz\/fr\/wp-json\/wp\/v2\/product"}],"about":[{"href":"https:\/\/www.moskito.cz\/fr\/wp-json\/wp\/v2\/types\/product"}],"replies":[{"embeddable":true,"href":"https:\/\/www.moskito.cz\/fr\/wp-json\/wp\/v2\/comments?post=359843"}],"wp:featuredmedia":[{"embeddable":true,"href":"https:\/\/www.moskito.cz\/fr\/wp-json\/wp\/v2\/media\/359845"}],"wp:attachment":[{"href":"https:\/\/www.moskito.cz\/fr\/wp-json\/wp\/v2\/media?parent=359843"}],"wp:term":[{"taxonomy":"pwb-brand","embeddable":true,"href":"https:\/\/www.moskito.cz\/fr\/wp-json\/wp\/v2\/pwb-brand?post=359843"},{"taxonomy":"product_brand","embeddable":true,"href":"https:\/\/www.moskito.cz\/fr\/wp-json\/wp\/v2\/product_brand?post=359843"},{"taxonomy":"product_cat","embeddable":true,"href":"https:\/\/www.moskito.cz\/fr\/wp-json\/wp\/v2\/product_cat?post=359843"},{"taxonomy":"product_tag","embeddable":true,"href":"https:\/\/www.moskito.cz\/fr\/wp-json\/wp\/v2\/product_tag?post=359843"}],"curies":[{"name":"wp","href":"https:\/\/api.w.org\/{rel}","templated":true}]}}