{"id":359903,"date":"2021-05-19T22:51:17","date_gmt":"2024-09-23T14:19:08","guid":{"rendered":"https:\/\/www.moskito.cz\/produkt\/couteau-de-tir-classique-automatique-magnum\/"},"modified":"2025-05-07T11:24:20","modified_gmt":"2025-05-07T10:24:20","slug":"couteau-de-tir-classique-automatique-magnum","status":"publish","type":"product","link":"https:\/\/www.moskito.cz\/fr\/produkt\/couteau-de-tir-classique-automatique-magnum\/","title":{"rendered":"Couteau de tir classique automatique Magnum"},"content":{"rendered":"<p>Couteau de tir classique automatique <strong>Magnum<\/strong> . La Magnum Automatic Classic est une v\u00e9ritable pi\u00e8ce d\u2019histoire contemporaine. Un couteau automatique avec du caract\u00e8re et du charisme. La lame en acier inoxydable 440 poli mat s&rsquo;ouvre automatiquement par la force du ressort lorsque la g\u00e2chette est enfonc\u00e9e. Du bois de rose magnifiquement structur\u00e9 a \u00e9t\u00e9 choisi pour les touches. Un couteau qui ne doit manquer dans aucune collection et qui attirera les regards jaloux pendant votre temps libre ou au travail. Longueur totale : 21 cm Longueur de la lame : 8,4 cm \u00c9paisseur de la lame : 2,5 mm Poids : 147 g Mat\u00e9riau de la lame : 440A Mat\u00e9riau du manche : Palissandre Type de s\u00e9curit\u00e9 : Bouton Das Magnum Automatic Classic ist ein echtes St\u00fcck Zeitgeschichte. Das Automatikmesser besticht durch Charakter und Ausstrahlung. Le Klinge mat poli aus 440A sera automatiquement mis en place par Federkraft ge\u00f6ffnet. Als Beschalung wurde sch\u00f6n gemasertes Palisanderholz gesch\u00e4ften. Un message d&rsquo;une grande vari\u00e9t\u00e9 d&rsquo;offres et de loisirs ou sur un site Web de Beruf neidische Blick auf sich ziehen wird. Type : couteau de poche Longueur totale : 21,00 cm Longueur de la lame : 8,40 cm \u00c9paisseur de la lame : 2,50 mm Poids : 147,00 g Mat\u00e9riau de la lame : 440A Mat\u00e9riau du manche : palissandre Ouvre-bouton-poussoir Ouverture : automatique Type de verrouillage : bouton-poussoir Fabriqu\u00e9 en : Asie Couleur : marron Couleur de la lame&nbsp;:&nbsp;non rev\u00eatu Num\u00e9ro d&rsquo;article&nbsp;: 01RY911           <\/p>\n","protected":false},"excerpt":{"rendered":"<p><strong>Magnum<\/strong> Automatique Classique.<\/p>\n","protected":false},"featured_media":359904,"comment_status":"open","ping_status":"closed","template":"","meta":[],"pwb-brand":[3799],"product_brand":[],"product_cat":[3699,3696],"product_tag":[3754],"class_list":{"0":"post-359903","1":"product","2":"type-product","3":"status-publish","4":"has-post-thumbnail","6":"pwb-brand-boker-fr","7":"product_cat-couteaux-de-tir","8":"product_cat-des-couteaux","9":"product_tag-b2b-fr","11":"first","12":"outofstock","13":"taxable","14":"shipping-taxable","15":"purchasable","16":"product-type-simple"},"brands":[{"id":3799,"name":"Boker","slug":"boker-fr"}],"_links":{"self":[{"href":"https:\/\/www.moskito.cz\/fr\/wp-json\/wp\/v2\/product\/359903","targetHints":{"allow":["GET"]}}],"collection":[{"href":"https:\/\/www.moskito.cz\/fr\/wp-json\/wp\/v2\/product"}],"about":[{"href":"https:\/\/www.moskito.cz\/fr\/wp-json\/wp\/v2\/types\/product"}],"replies":[{"embeddable":true,"href":"https:\/\/www.moskito.cz\/fr\/wp-json\/wp\/v2\/comments?post=359903"}],"wp:featuredmedia":[{"embeddable":true,"href":"https:\/\/www.moskito.cz\/fr\/wp-json\/wp\/v2\/media\/359904"}],"wp:attachment":[{"href":"https:\/\/www.moskito.cz\/fr\/wp-json\/wp\/v2\/media?parent=359903"}],"wp:term":[{"taxonomy":"pwb-brand","embeddable":true,"href":"https:\/\/www.moskito.cz\/fr\/wp-json\/wp\/v2\/pwb-brand?post=359903"},{"taxonomy":"product_brand","embeddable":true,"href":"https:\/\/www.moskito.cz\/fr\/wp-json\/wp\/v2\/product_brand?post=359903"},{"taxonomy":"product_cat","embeddable":true,"href":"https:\/\/www.moskito.cz\/fr\/wp-json\/wp\/v2\/product_cat?post=359903"},{"taxonomy":"product_tag","embeddable":true,"href":"https:\/\/www.moskito.cz\/fr\/wp-json\/wp\/v2\/product_tag?post=359903"}],"curies":[{"name":"wp","href":"https:\/\/api.w.org\/{rel}","templated":true}]}}