{"id":359982,"date":"2024-09-26T12:55:05","date_gmt":"2024-09-26T11:55:05","guid":{"rendered":"https:\/\/www.moskito.cz\/produkt\/nuz-huayna-blue\/"},"modified":"2025-10-02T08:47:17","modified_gmt":"2025-10-02T07:47:17","slug":"nuz-huayna-blue","status":"publish","type":"product","link":"https:\/\/www.moskito.cz\/fr\/produkt\/nuz-huayna-blue\/","title":{"rendered":"Zav\u00edrac\u00ed N\u016f\u017e Magnum Huayna Blue 01SC089"},"content":{"rendered":"<p>Zav\u00edrac\u00ed N\u016f\u017e <strong>Magnum<\/strong> Huayna Blue 01SC089.<\/p>\n<p>Sv\u011btozn\u00e1m\u00e9\u00a0ruiny m\u011bsta Machu Picchu, dechberouc\u00ed, neskute\u010dn\u00e9 a tajemn\u00e9, se nach\u00e1zej\u00ed vysoko v And\u00e1ch, chr\u00e1n\u011bn\u00e9 vrcholky Mlad\u00e9 hory (Huayna Picchu) a Star\u00e9 hory (Machu Picchu), a byly postaveny v 15. stolet\u00ed. Na 216 budov na terasovit\u00fdch \u00farovn\u00edch, vytesan\u00fdch z kamene a potu, p\u0159edstavuje p\u016fsobiv\u00e9 panorama vysp\u011bl\u00e9 jihoamerick\u00e9 civilizace a je pova\u017eov\u00e1no za m\u00edsto zrodu kultu boha slunce Intiho. Spole\u010dnost B\u00f6ker navazuje na ducha Ink\u016f a p\u0159edstavuje Magnum Huayna, kapesn\u00ed n\u016f\u017e s mystick\u00fdm vzhledem. Kuli\u010dkov\u00e1 \u010depel 440B typu drop-point se sat\u00e9novou povrchovou \u00fapravou se nikdy nevy\u010derp\u00e1 a posune ka\u017edodenn\u00ed \u00fakoly na novou \u00farove\u0148 \u0159ez\u00e1n\u00ed. Kapesn\u00ed n\u016f\u017e se otev\u00edr\u00e1 s nebeskou lehkost\u00ed pomoc\u00ed odn\u00edmateln\u00e9 op\u011brky palce, zat\u00edmco robustn\u00ed pojistka linerlock b\u011bhem pou\u017e\u00edv\u00e1n\u00ed\u00a0dr\u017e\u00ed \u010depel. Modr\u00e1 rukoje\u0165 z materi\u00e1lu G10, jej\u00ed\u017e protiskluzov\u00e1 textura p\u0159ipom\u00edn\u00e1 kamennou architekturu inck\u00fdch staveb, je bl\u00edzk\u00e1 nebes\u016fm. Dod\u00e1v\u00e1 se s otvorem na \u0161\u0148\u016frku a klipem.<\/p>\n<p>Celkov\u00e1 d\u00e9lka: 18,2 cm<br \/>\nD\u00e9lka \u010depele: 7,6 cm<br \/>\nHmotnost: 88 g<br \/>\nMateri\u00e1l \u010depele: 440B<br \/>\nMateri\u00e1l rukojeti: G10<br \/>\nPojistka: linerlock<br \/>\ns klipem a otvorem na \u0161\u0148\u016frku<\/p>\n","protected":false},"excerpt":{"rendered":"<p><strong>Sv\u011btozn\u00e1m\u00e9 ruiny m\u011bsta Machu Picchu, dechberouc\u00ed, neskute\u010dn\u00e9 a tajemn\u00e9, se nach\u00e1zej\u00ed vysoko v And\u00e1ch, chr\u00e1n\u011bn\u00e9 vrcholky Mlad\u00e9 hory (Huayna Picchu) a Star\u00e9 hory (Machu Picchu), a byly postaveny v 15. stolet\u00ed.\u00a0<\/strong><\/p>\n","protected":false},"featured_media":361896,"comment_status":"closed","ping_status":"closed","template":"","meta":[],"pwb-brand":[140],"product_brand":[],"product_cat":[22,17],"product_tag":[],"class_list":{"0":"post-359982","1":"product","2":"type-product","3":"status-publish","4":"has-post-thumbnail","6":"pwb-brand-boker","7":"product_cat-zaviraci-noze","8":"product_cat-noze","10":"first","11":"outofstock","12":"taxable","13":"shipping-taxable","14":"purchasable","15":"product-type-simple"},"brands":[{"id":140,"name":"Boker","slug":"boker"}],"_links":{"self":[{"href":"https:\/\/www.moskito.cz\/fr\/wp-json\/wp\/v2\/product\/359982","targetHints":{"allow":["GET"]}}],"collection":[{"href":"https:\/\/www.moskito.cz\/fr\/wp-json\/wp\/v2\/product"}],"about":[{"href":"https:\/\/www.moskito.cz\/fr\/wp-json\/wp\/v2\/types\/product"}],"replies":[{"embeddable":true,"href":"https:\/\/www.moskito.cz\/fr\/wp-json\/wp\/v2\/comments?post=359982"}],"wp:featuredmedia":[{"embeddable":true,"href":"https:\/\/www.moskito.cz\/fr\/wp-json\/wp\/v2\/media\/361896"}],"wp:attachment":[{"href":"https:\/\/www.moskito.cz\/fr\/wp-json\/wp\/v2\/media?parent=359982"}],"wp:term":[{"taxonomy":"pwb-brand","embeddable":true,"href":"https:\/\/www.moskito.cz\/fr\/wp-json\/wp\/v2\/pwb-brand?post=359982"},{"taxonomy":"product_brand","embeddable":true,"href":"https:\/\/www.moskito.cz\/fr\/wp-json\/wp\/v2\/product_brand?post=359982"},{"taxonomy":"product_cat","embeddable":true,"href":"https:\/\/www.moskito.cz\/fr\/wp-json\/wp\/v2\/product_cat?post=359982"},{"taxonomy":"product_tag","embeddable":true,"href":"https:\/\/www.moskito.cz\/fr\/wp-json\/wp\/v2\/product_tag?post=359982"}],"curies":[{"name":"wp","href":"https:\/\/api.w.org\/{rel}","templated":true}]}}