{"id":360049,"date":"2024-09-26T12:55:27","date_gmt":"2024-09-26T11:55:27","guid":{"rendered":"https:\/\/www.moskito.cz\/produkt\/hebdo\/"},"modified":"2025-05-07T11:24:24","modified_gmt":"2025-05-07T10:24:24","slug":"hebdo","status":"publish","type":"product","link":"https:\/\/www.moskito.cz\/fr\/produkt\/hebdo\/","title":{"rendered":"Zav\u00edrac\u00ed N\u016f\u017e B\u00f6ker Plus Hebdo 01BO899"},"content":{"rendered":"<p>Zav\u00edrac\u00ed N\u016f\u017e <strong>B\u00f6ker Plus<\/strong> Hebdo 01BO899.<\/p>\n<p>Rozm\u00e1chl\u00e9 linie, vybran\u00e9 materi\u00e1ly, plnokrevn\u00fd charakter \u2013 B\u00f6ker Plus Hebdo navr\u017een\u00fd francouzsk\u00fdm design\u00e9rem Albanem Le Henrym definuje EDC na t\u00fddenn\u00ed b\u00e1zi a d\u00e1v\u00e1 ka\u017edodenn\u00edmu \u017eivotu nov\u00fd rozm\u011br. Hebdo (francouzsk\u00e1 kr\u00e1tk\u00e1 forma pro hedomadaire &#8211; t\u00fddny&#8230;, t\u00fddenn\u00ed) kombinuje stylovou eleganci s le\u017e\u00e9rn\u00ed n\u00e1ladou.<\/p>\n<p>Satinovan\u00e1 \u010depel s kuli\u010dkov\u00fdm lo\u017eiskem vyroben\u00e1 z odoln\u00e9ho Nitro-V klou\u017ee skrz krabice, lana nebo obaly s v\u00fdkonn\u00fdm bezobalem, zat\u00edmco ergonomick\u00e1 rukoje\u0165 z G10 v galantn\u011b \u010dern\u00e9 barv\u011b, stejn\u011b jako backspacer a \u010depel \u0161roub n\u00e1pravy, zt\u011bles\u0148uje sebev\u011bdom\u00ed a bezpe\u010dn\u011b padne do ruky.<\/p>\n<p>Sebev\u011bdom\u00e9 charisma podtrhuje palcov\u00fd cvo\u010dek na obou stran\u00e1ch a v\u00fdrazn\u00fd p\u0159\u00ed\u010dn\u00fd z\u00e1mek pro intuitivn\u00ed otev\u00edr\u00e1n\u00ed a odemyk\u00e1n\u00ed \u010depele. B\u00f6ker Plus Hebdo \u2013 savoir-vivre kapesn\u00ed velikosti. Dod\u00e1v\u00e1no s vysoce kvalitn\u00edm nylonov\u00fdm pouzdrem.<\/p>\n<p>Zna\u010dka: Boker Plus<br \/>\nCelkov\u00e1 d\u00e9lka: 17,50 cm<br \/>\nD\u00e9lka \u010depele: 7,20 cm<br \/>\nTlou\u0161\u0165ka \u010depele: 2,30 mm<br \/>\nN\u00e1vrh\u00e1\u0159: Alban Le Henry<br \/>\nMateri\u00e1l \u010depele: Nitro V<br \/>\nMateri\u00e1l rukojeti: G10<br \/>\nBarva: \u010cern\u00fd<br \/>\n\u010c\u00edslo polo\u017eky: 01BO899<\/p>\n<p>&nbsp;<\/p>\n","protected":false},"excerpt":{"rendered":"<p><strong>Rozm\u00e1chl\u00e9 linie, vybran\u00e9 materi\u00e1ly, plnokrevn\u00fd charakter \u2013 B\u00f6ker Plus Hebdo navr\u017een\u00fd francouzsk\u00fdm design\u00e9rem Albanem Le Henrym definuje EDC na t\u00fddenn\u00ed b\u00e1zi a d\u00e1v\u00e1 ka\u017edodenn\u00edmu \u017eivotu nov\u00fd rozm\u011br. Hebdo (francouzsk\u00e1 kr\u00e1tk\u00e1 forma pro hedomadaire &#8211; t\u00fddny&#8230;, t\u00fddenn\u00ed) kombinuje stylovou eleganci s le\u017e\u00e9rn\u00ed n\u00e1ladou.<\/strong><\/p>\n","protected":false},"featured_media":370605,"comment_status":"closed","ping_status":"closed","template":"","meta":[],"pwb-brand":[140],"product_brand":[],"product_cat":[22,17],"product_tag":[],"class_list":{"0":"post-360049","1":"product","2":"type-product","3":"status-publish","4":"has-post-thumbnail","6":"pwb-brand-boker","7":"product_cat-zaviraci-noze","8":"product_cat-noze","10":"first","11":"instock","12":"taxable","13":"shipping-taxable","14":"purchasable","15":"product-type-simple"},"brands":[{"id":140,"name":"Boker","slug":"boker"}],"_links":{"self":[{"href":"https:\/\/www.moskito.cz\/fr\/wp-json\/wp\/v2\/product\/360049","targetHints":{"allow":["GET"]}}],"collection":[{"href":"https:\/\/www.moskito.cz\/fr\/wp-json\/wp\/v2\/product"}],"about":[{"href":"https:\/\/www.moskito.cz\/fr\/wp-json\/wp\/v2\/types\/product"}],"replies":[{"embeddable":true,"href":"https:\/\/www.moskito.cz\/fr\/wp-json\/wp\/v2\/comments?post=360049"}],"wp:featuredmedia":[{"embeddable":true,"href":"https:\/\/www.moskito.cz\/fr\/wp-json\/wp\/v2\/media\/370605"}],"wp:attachment":[{"href":"https:\/\/www.moskito.cz\/fr\/wp-json\/wp\/v2\/media?parent=360049"}],"wp:term":[{"taxonomy":"pwb-brand","embeddable":true,"href":"https:\/\/www.moskito.cz\/fr\/wp-json\/wp\/v2\/pwb-brand?post=360049"},{"taxonomy":"product_brand","embeddable":true,"href":"https:\/\/www.moskito.cz\/fr\/wp-json\/wp\/v2\/product_brand?post=360049"},{"taxonomy":"product_cat","embeddable":true,"href":"https:\/\/www.moskito.cz\/fr\/wp-json\/wp\/v2\/product_cat?post=360049"},{"taxonomy":"product_tag","embeddable":true,"href":"https:\/\/www.moskito.cz\/fr\/wp-json\/wp\/v2\/product_tag?post=360049"}],"curies":[{"name":"wp","href":"https:\/\/api.w.org\/{rel}","templated":true}]}}