{"id":360055,"date":"2024-09-26T12:55:27","date_gmt":"2024-09-26T11:55:27","guid":{"rendered":"https:\/\/www.moskito.cz\/produkt\/m3-trench-knife-2-1\/"},"modified":"2025-06-06T20:32:19","modified_gmt":"2025-06-06T19:32:19","slug":"m3-trench-knife-2-1","status":"publish","type":"product","link":"https:\/\/www.moskito.cz\/fr\/produkt\/m3-trench-knife-2-1\/","title":{"rendered":"Pevn\u00fd N\u016f\u017e B\u00f6ker Plus M3 Trench Knife 2.1 02BO119"},"content":{"rendered":"<p>Pevn\u00fd N\u016f\u017e <strong>B\u00f6ker Plus<\/strong> M3 Trench Knife 2.1 02BO119.<\/p>\n<p>Slavn\u00fd z\u00e1kopov\u00fd n\u016f\u017e M3 byl vyvinut v roce 1943 a m\u011bl b\u00fdt vyd\u00e1n v\u0161em americk\u00fdm voj\u00e1k\u016fm, kte\u0159\u00ed b\u011bhem druh\u00e9 sv\u011btov\u00e9 v\u00e1lky nenosili bajonety. Spole\u010dnost H. Boker &amp; Co. byla tak\u00e9 jedn\u00edm z dev\u00edti v\u00fdrobc\u016f, kte\u0159\u00ed za v\u00e1lky vyr\u00e1b\u011bli z\u00e1kopov\u00fd n\u016f\u017e M3, ale dodali nejmen\u0161\u00ed po\u010det ze v\u0161ech dodavatel\u016f s objemem objedn\u00e1vky 31 300 no\u017e\u016f. Sestersk\u00e1 spole\u010dnost hlavn\u00edho z\u00e1vodu B\u00f6ker v Solingenu se v t\u00e9 dob\u011b nach\u00e1zela v New Jersey.<\/p>\n<p>Trench Knife B\u00f6ker M3 o\u017eivuje tento klasick\u00fd kousek americk\u00e9 vojensk\u00e9 historie a kombinuje historickou konstrukci s vysoce kvalitn\u00edmi materi\u00e1ly a dokonal\u00fdm zpracov\u00e1n\u00edm. \u010cern\u011b pota\u017een\u00e1 \u010depel je vyrobena z nerezov\u00e9 uhl\u00edkov\u00e9 oceli 1095 a nese origin\u00e1ln\u00ed raz\u00edtko \u010depele \u00ab\u00a0H. Boker &amp; Co.\u00a0\u00bb a vlhk\u00e9 podm\u00ednky. Charakteristick\u00fd ochrann\u00fd prvek zabra\u0148uje n\u00e1hodn\u00e9mu sklouznut\u00ed no\u017ee na \u010depel. Ricasso v zadn\u00ed \u010d\u00e1sti \u010depele nejen sni\u017euje hmotnost a zdokonaluje vyv\u00e1\u017een\u00ed no\u017ee, ale tak\u00e9 zd\u016fraz\u0148uje jasn\u00e9 linie. S autentick\u00fdmi U.S. Pochva M8A1 a individu\u00e1ln\u00ed s\u00e9riov\u00e9 \u010d\u00edslo.<\/p>\n<p>Zna\u010dka: Boker Plus<br \/>\nCelkov\u00e1 d\u00e9lka: 29,80 cm<br \/>\nD\u00e9lka \u010depele: 17,10 cm<br \/>\nTlou\u0161\u0165ka \u010depele: 5,19 mm<br \/>\nHmotnost: 237,00 g<br \/>\nMateri\u00e1l \u010depele: 1095<br \/>\nMateri\u00e1l rukojeti: k\u016f\u017ee<br \/>\nBarva: Hn\u011bd\u00e1<br \/>\nBarva \u010depele: \u010cern\u00e1<br \/>\nMateri\u00e1l pl\u00e1\u0161t\u011b: kov<br \/>\n\u010c\u00edslo polo\u017eky: 02BO119<\/p>\n<p>&nbsp;<\/p>\n","protected":false},"excerpt":{"rendered":"<p><strong>Slavn\u00fd z\u00e1kopov\u00fd n\u016f\u017e M3 byl vyvinut v roce 1943 a m\u011bl b\u00fdt vyd\u00e1n v\u0161em americk\u00fdm voj\u00e1k\u016fm, kte\u0159\u00ed b\u011bhem druh\u00e9 sv\u011btov\u00e9 v\u00e1lky nenosili bajonety. Spole\u010dnost H. Boker &amp; Co. byla tak\u00e9 jedn\u00edm z dev\u00edti v\u00fdrobc\u016f, kte\u0159\u00ed za v\u00e1lky vyr\u00e1b\u011bli z\u00e1kopov\u00fd n\u016f\u017e M3, ale dodali nejmen\u0161\u00ed po\u010det ze v\u0161ech dodavatel\u016f s objemem objedn\u00e1vky 31 300 no\u017e\u016f. Sestersk\u00e1 spole\u010dnost hlavn\u00edho z\u00e1vodu B\u00f6ker v Solingenu se v t\u00e9 dob\u011b nach\u00e1zela v New Jersey.<\/strong><\/p>\n<p><strong>Doprava zdarma.<\/strong><\/p>\n","protected":false},"featured_media":368047,"comment_status":"closed","ping_status":"closed","template":"","meta":[],"pwb-brand":[140],"product_brand":[],"product_cat":[23,17],"product_tag":[],"class_list":{"0":"post-360055","1":"product","2":"type-product","3":"status-publish","4":"has-post-thumbnail","6":"pwb-brand-boker","7":"product_cat-pevne-noze","8":"product_cat-noze","10":"first","11":"outofstock","12":"taxable","13":"shipping-taxable","14":"purchasable","15":"product-type-simple"},"brands":[{"id":140,"name":"Boker","slug":"boker"}],"_links":{"self":[{"href":"https:\/\/www.moskito.cz\/fr\/wp-json\/wp\/v2\/product\/360055","targetHints":{"allow":["GET"]}}],"collection":[{"href":"https:\/\/www.moskito.cz\/fr\/wp-json\/wp\/v2\/product"}],"about":[{"href":"https:\/\/www.moskito.cz\/fr\/wp-json\/wp\/v2\/types\/product"}],"replies":[{"embeddable":true,"href":"https:\/\/www.moskito.cz\/fr\/wp-json\/wp\/v2\/comments?post=360055"}],"wp:featuredmedia":[{"embeddable":true,"href":"https:\/\/www.moskito.cz\/fr\/wp-json\/wp\/v2\/media\/368047"}],"wp:attachment":[{"href":"https:\/\/www.moskito.cz\/fr\/wp-json\/wp\/v2\/media?parent=360055"}],"wp:term":[{"taxonomy":"pwb-brand","embeddable":true,"href":"https:\/\/www.moskito.cz\/fr\/wp-json\/wp\/v2\/pwb-brand?post=360055"},{"taxonomy":"product_brand","embeddable":true,"href":"https:\/\/www.moskito.cz\/fr\/wp-json\/wp\/v2\/product_brand?post=360055"},{"taxonomy":"product_cat","embeddable":true,"href":"https:\/\/www.moskito.cz\/fr\/wp-json\/wp\/v2\/product_cat?post=360055"},{"taxonomy":"product_tag","embeddable":true,"href":"https:\/\/www.moskito.cz\/fr\/wp-json\/wp\/v2\/product_tag?post=360055"}],"curies":[{"name":"wp","href":"https:\/\/api.w.org\/{rel}","templated":true}]}}