{"id":360056,"date":"2024-09-26T12:55:27","date_gmt":"2024-09-26T11:55:27","guid":{"rendered":"https:\/\/www.moskito.cz\/produkt\/neck-wedge\/"},"modified":"2025-12-31T00:33:34","modified_gmt":"2025-12-30T23:33:34","slug":"neck-wedge","status":"publish","type":"product","link":"https:\/\/www.moskito.cz\/fr\/produkt\/neck-wedge\/","title":{"rendered":"Pevn\u00fd N\u016f\u017e B\u00f6ker Plus Neck Wedge 02BO275"},"content":{"rendered":"<p>Pevn\u00fd N\u016f\u017e <strong>B\u00f6ker Plus<\/strong> Neck Wedge 02BO275.<\/p>\n<p>Kanadsk\u00fd no\u017e\u00ed\u0159 Brent Beshara je zn\u00e1m\u00fd sv\u00fdm unik\u00e1tn\u00edm brou\u0161en\u00edm \u010depele s n\u00e1zvem Besh-Wedge, kter\u00e9 zaji\u0161\u0165uje vynikaj\u00edc\u00ed stabilitu \u010depele p\u0159i pln\u00e9 tlou\u0161\u0165ce materi\u00e1lu a\u017e ke \u0161pi\u010dce \u010depele. B\u00f6ker Plust Neck Wedge p\u0159en\u00e1\u0161\u00ed tento koncept do oblasti pohodln\u011b p\u0159enosn\u00fdch z\u00e1lo\u017en\u00edch no\u017e\u016f. Pou\u017eit\u00e1 ocel \u010depele je 440C, kter\u00e1 je pota\u017eena titanem pro optimalizovanou odolnost proti korozi. Protiskluzov\u00e9 v\u00e1hy G10 a kydexov\u00e9 pouzdro dopl\u0148uj\u00ed v\u00fdbavu a d\u011blaj\u00ed z kr\u010dn\u00edho no\u017ee profesion\u00e1ln\u00ed n\u00e1stroj.<\/p>\n<p>Zna\u010dka: Boker Plus<br \/>\nCelkov\u00e1 d\u00e9lka: 18,50 cm<br \/>\nD\u00e9lka \u010depele: 10,70 cm<br \/>\nTlou\u0161\u0165ka \u010depele: 3,00 mm<br \/>\nHmotnost: 67,00 g<br \/>\nN\u00e1vrh\u00e1\u0159: Brent Beshara<br \/>\nMateri\u00e1l \u010depele: 440C<br \/>\nMateri\u00e1l rukojeti: G10<br \/>\n\u010c\u00edslo polo\u017eky: 02BO275<\/p>\n<p>&nbsp;<\/p>\n","protected":false},"excerpt":{"rendered":"<p><strong>Kanadsk\u00fd no\u017e\u00ed\u0159 Brent Beshara je zn\u00e1m\u00fd sv\u00fdm unik\u00e1tn\u00edm brou\u0161en\u00edm \u010depele s n\u00e1zvem Besh-Wedge, kter\u00e9 zaji\u0161\u0165uje vynikaj\u00edc\u00ed stabilitu \u010depele p\u0159i pln\u00e9 tlou\u0161\u0165ce materi\u00e1lu a\u017e ke \u0161pi\u010dce \u010depele.<\/strong><\/p>\n","protected":false},"featured_media":368394,"comment_status":"closed","ping_status":"closed","template":"","meta":[],"pwb-brand":[140],"product_brand":[],"product_cat":[23,17],"product_tag":[],"class_list":{"0":"post-360056","1":"product","2":"type-product","3":"status-publish","4":"has-post-thumbnail","6":"pwb-brand-boker","7":"product_cat-pevne-noze","8":"product_cat-noze","10":"first","11":"outofstock","12":"taxable","13":"shipping-taxable","14":"purchasable","15":"product-type-simple"},"brands":[{"id":140,"name":"Boker","slug":"boker"}],"_links":{"self":[{"href":"https:\/\/www.moskito.cz\/fr\/wp-json\/wp\/v2\/product\/360056","targetHints":{"allow":["GET"]}}],"collection":[{"href":"https:\/\/www.moskito.cz\/fr\/wp-json\/wp\/v2\/product"}],"about":[{"href":"https:\/\/www.moskito.cz\/fr\/wp-json\/wp\/v2\/types\/product"}],"replies":[{"embeddable":true,"href":"https:\/\/www.moskito.cz\/fr\/wp-json\/wp\/v2\/comments?post=360056"}],"wp:featuredmedia":[{"embeddable":true,"href":"https:\/\/www.moskito.cz\/fr\/wp-json\/wp\/v2\/media\/368394"}],"wp:attachment":[{"href":"https:\/\/www.moskito.cz\/fr\/wp-json\/wp\/v2\/media?parent=360056"}],"wp:term":[{"taxonomy":"pwb-brand","embeddable":true,"href":"https:\/\/www.moskito.cz\/fr\/wp-json\/wp\/v2\/pwb-brand?post=360056"},{"taxonomy":"product_brand","embeddable":true,"href":"https:\/\/www.moskito.cz\/fr\/wp-json\/wp\/v2\/product_brand?post=360056"},{"taxonomy":"product_cat","embeddable":true,"href":"https:\/\/www.moskito.cz\/fr\/wp-json\/wp\/v2\/product_cat?post=360056"},{"taxonomy":"product_tag","embeddable":true,"href":"https:\/\/www.moskito.cz\/fr\/wp-json\/wp\/v2\/product_tag?post=360056"}],"curies":[{"name":"wp","href":"https:\/\/api.w.org\/{rel}","templated":true}]}}