{"id":360132,"date":"2024-09-26T12:55:57","date_gmt":"2024-09-26T11:55:57","guid":{"rendered":"https:\/\/www.moskito.cz\/produkt\/magnum-stojan-na-mec-double\/"},"modified":"2025-05-07T11:24:27","modified_gmt":"2025-05-07T10:24:27","slug":"magnum-stojan-na-mec-double","status":"publish","type":"product","link":"https:\/\/www.moskito.cz\/fr\/produkt\/magnum-stojan-na-mec-double\/","title":{"rendered":"Magnum Stojan na me\u010d Double"},"content":{"rendered":"<ul>\n<li>materi\u00e1l: d\u0159evo<\/li>\n<li>\u0161\u00ed\u0159ka: 28,5 cm<\/li>\n<li>v\u00fd\u0161ka: 23,5 cm<\/li>\n<\/ul>\n","protected":false},"excerpt":{"rendered":"<p>S t\u00edmto d\u0159ev\u011bn\u00fdm stojanem na me\u010de z \u010dern\u00e9ho lakovan\u00e9ho d\u0159eva m\u016f\u017eete adekv\u00e1tn\u00edm zp\u016fsobem prezentovat Daisho (dva me\u010de). Dr\u017e\u00e1ky me\u010d\u016f jsou opat\u0159eny \u010dervenou plst\u00ed, co\u017e zabra\u0148uje po\u0161kr\u00e1b\u00e1n\u00ed rukojeti nebo lakovan\u00e9 pochvy (Saya). Nohy stojanu jsou rovn\u011b\u017e opat\u0159eny plst\u00ed. V\u010detn\u011b mo\u017enosti upevn\u011bn\u00ed na ze\u010f.<\/p>\n","protected":false},"featured_media":360133,"comment_status":"closed","ping_status":"closed","template":"","meta":[],"pwb-brand":[140],"product_brand":[],"product_cat":[24,1942],"product_tag":[],"class_list":{"0":"post-360132","1":"product","2":"type-product","3":"status-publish","4":"has-post-thumbnail","6":"pwb-brand-boker","7":"product_cat-katany-a-mece","8":"product_cat-mece-dyky-repliky","10":"first","11":"outofstock","12":"taxable","13":"shipping-taxable","14":"purchasable","15":"product-type-simple"},"brands":[{"id":140,"name":"Boker","slug":"boker"}],"_links":{"self":[{"href":"https:\/\/www.moskito.cz\/fr\/wp-json\/wp\/v2\/product\/360132","targetHints":{"allow":["GET"]}}],"collection":[{"href":"https:\/\/www.moskito.cz\/fr\/wp-json\/wp\/v2\/product"}],"about":[{"href":"https:\/\/www.moskito.cz\/fr\/wp-json\/wp\/v2\/types\/product"}],"replies":[{"embeddable":true,"href":"https:\/\/www.moskito.cz\/fr\/wp-json\/wp\/v2\/comments?post=360132"}],"wp:featuredmedia":[{"embeddable":true,"href":"https:\/\/www.moskito.cz\/fr\/wp-json\/wp\/v2\/media\/360133"}],"wp:attachment":[{"href":"https:\/\/www.moskito.cz\/fr\/wp-json\/wp\/v2\/media?parent=360132"}],"wp:term":[{"taxonomy":"pwb-brand","embeddable":true,"href":"https:\/\/www.moskito.cz\/fr\/wp-json\/wp\/v2\/pwb-brand?post=360132"},{"taxonomy":"product_brand","embeddable":true,"href":"https:\/\/www.moskito.cz\/fr\/wp-json\/wp\/v2\/product_brand?post=360132"},{"taxonomy":"product_cat","embeddable":true,"href":"https:\/\/www.moskito.cz\/fr\/wp-json\/wp\/v2\/product_cat?post=360132"},{"taxonomy":"product_tag","embeddable":true,"href":"https:\/\/www.moskito.cz\/fr\/wp-json\/wp\/v2\/product_tag?post=360132"}],"curies":[{"name":"wp","href":"https:\/\/api.w.org\/{rel}","templated":true}]}}