{"id":360243,"date":"2024-09-26T12:56:32","date_gmt":"2024-09-26T11:56:32","guid":{"rendered":"https:\/\/www.moskito.cz\/produkt\/maceta-magnum-chainsaw-backup\/"},"modified":"2025-05-07T11:24:31","modified_gmt":"2025-05-07T10:24:31","slug":"maceta-magnum-chainsaw-backup","status":"publish","type":"product","link":"https:\/\/www.moskito.cz\/fr\/produkt\/maceta-magnum-chainsaw-backup\/","title":{"rendered":"Ma\u010deta Magnum Chainsaw Backup"},"content":{"rendered":"<p><UL><\/p>\n<p><LI>celkov\u00e1 d\u00e9lka: 42,5 cm<\/p>\n<p><LI>d\u00e9lka \u010depele: 30 cm<\/p>\n<p><LI>tlou\u0161\u0165ka \u010depele: 4 mm<\/p>\n<p><LI>hmotnost: 511 g<\/p>\n<p><LI>materi\u00e1l \u010depele: 420<\/p>\n<p><LI>otvor pro \u0161\u0148\u016frku<\/p>\n<p><LI>nylonov\u00e9 pouzdro<\/LI><br \/>\n<\/UL><\/p>\n","protected":false},"excerpt":{"rendered":"<p><P>Ma\u010deta Magnum Chainsaw Backup sv\u00e9ho majetele nikdy nezklame, a to ani v tropick\u00e9m de\u0161tn\u00e9m pralese. Pevn\u00e1 ploch\u00e1 konstrukce s pogumovan\u00fdmi st\u0159enkami rukojeti p\u0159ipevn\u011bn\u00fdmi \u010dty\u0159mi \u0161rouby \u010din\u00ed ma\u010detu je\u0161t\u011b robustn\u011bj\u0161\u00ed a odoln\u011bj\u0161\u00ed. Jde o seri\u00f3zn\u00ed lesnick\u00fd n\u00e1stroj pro odstra\u0148ov\u00e1n\u00ed k\u016fry a \u00fadr\u017ebu mlad\u00fdch porost\u016f. D\u00e9lka a tlou\u0161\u0165ka \u010depele je dokonale vyv\u00e1\u017een\u00e1 a rukoje\u0165 m\u00e1 ergonomick\u00fd design, tak\u017ee m\u016f\u017eete pracovat bez \u00fanavy. \u010cepel je vyrobena ze spolehliv\u011b n\u00e1razuvzdorn\u00e9 nerezov\u00e9 oceli 420, kter\u00e1 z\u00e1rove\u0148 nese dokonal\u00e9 ost\u0159\u00ed. Ma\u010detu i jej\u00edho nositele chr\u00e1n\u00ed robustn\u00ed nylonov\u00e9 pouzdro s odolnou pod\u0161\u00edvkou a dvojit\u00fdm zap\u00edn\u00e1n\u00edm.<\/P><\/p>\n","protected":false},"featured_media":360244,"comment_status":"closed","ping_status":"closed","template":"","meta":[],"pwb-brand":[140],"product_brand":[],"product_cat":[2061],"product_tag":[],"class_list":{"0":"post-360243","1":"product","2":"type-product","3":"status-publish","4":"has-post-thumbnail","6":"pwb-brand-boker","7":"product_cat-macety","9":"first","10":"outofstock","11":"taxable","12":"shipping-taxable","13":"purchasable","14":"product-type-simple"},"brands":[{"id":140,"name":"Boker","slug":"boker"}],"_links":{"self":[{"href":"https:\/\/www.moskito.cz\/fr\/wp-json\/wp\/v2\/product\/360243","targetHints":{"allow":["GET"]}}],"collection":[{"href":"https:\/\/www.moskito.cz\/fr\/wp-json\/wp\/v2\/product"}],"about":[{"href":"https:\/\/www.moskito.cz\/fr\/wp-json\/wp\/v2\/types\/product"}],"replies":[{"embeddable":true,"href":"https:\/\/www.moskito.cz\/fr\/wp-json\/wp\/v2\/comments?post=360243"}],"wp:featuredmedia":[{"embeddable":true,"href":"https:\/\/www.moskito.cz\/fr\/wp-json\/wp\/v2\/media\/360244"}],"wp:attachment":[{"href":"https:\/\/www.moskito.cz\/fr\/wp-json\/wp\/v2\/media?parent=360243"}],"wp:term":[{"taxonomy":"pwb-brand","embeddable":true,"href":"https:\/\/www.moskito.cz\/fr\/wp-json\/wp\/v2\/pwb-brand?post=360243"},{"taxonomy":"product_brand","embeddable":true,"href":"https:\/\/www.moskito.cz\/fr\/wp-json\/wp\/v2\/product_brand?post=360243"},{"taxonomy":"product_cat","embeddable":true,"href":"https:\/\/www.moskito.cz\/fr\/wp-json\/wp\/v2\/product_cat?post=360243"},{"taxonomy":"product_tag","embeddable":true,"href":"https:\/\/www.moskito.cz\/fr\/wp-json\/wp\/v2\/product_tag?post=360243"}],"curies":[{"name":"wp","href":"https:\/\/api.w.org\/{rel}","templated":true}]}}