{"id":360246,"date":"2024-09-26T12:56:32","date_gmt":"2024-09-26T11:56:32","guid":{"rendered":"https:\/\/www.moskito.cz\/produkt\/magnum-life-knife\/"},"modified":"2025-05-07T11:24:31","modified_gmt":"2025-05-07T10:24:31","slug":"magnum-life-knife","status":"publish","type":"product","link":"https:\/\/www.moskito.cz\/fr\/produkt\/magnum-life-knife\/","title":{"rendered":"Magnum Life Knife"},"content":{"rendered":"<table border=\"0\" cellpadding=\"0\" cellspacing=\"0\" class=\"datatable bokerparamtable\" style=\"letter-spacing:0.03em;width:50%;\">\n<tbody>\n<tr>\n<td style=\"width: 50%;\">Celkov\u00e1 d\u00e9lka:<\/td>\n<td style=\"width: 25%;\">20 cm<\/td>\n<\/tr>\n<tr>\n<td style=\"width: 50%;\">D\u00e9lka \u010depele:<\/td>\n<td style=\"width: 25%;\">10 cm<\/td>\n<\/tr>\n<tr>\n<td style=\"width: 50%;\">Tlou\u0161\u0165ka \u010depele:<\/td>\n<td style=\"width: 25%;\">3.9 mm<\/td>\n<\/tr>\n<tr>\n<td style=\"width: 50%;\">Hmotnost::<\/td>\n<td style=\"width: 25%;\">156 g<\/td>\n<\/tr>\n<tr>\n<td style=\"width: 50%;\">Materi\u00e1l \u010depele:<\/td>\n<td style=\"width: 25%;\">440A<\/td>\n<\/tr>\n<tr>\n<td style=\"width: 50%;\">Materi\u00e1l rukojeti:<\/td>\n<td style=\"width: 25%;\">G10<\/td>\n<\/tr>\n<\/tbody>\n<\/table>\n","protected":false},"excerpt":{"rendered":"<p>N\u016f\u017e Magnum Life Knife je jedn\u00edm z t\u011bch no\u017e\u016f, kter\u00e9 by p\u0159ipadaly do \u00favahy, pokud byste za sv\u016fj \u017eivot mohli vlastnit pouze jeden n\u016f\u017e. Na jedn\u00e9 stran\u011b je dostate\u010dn\u011b velk\u00fd a robustn\u00ed, aby zvl\u00e1dl v\u0161echny outdoorov\u00e9 i bushkraft v\u00fdzvy, a na druh\u00e9 stran\u011b je dostate\u010dn\u011b kompaktn\u00ed, aby byl Va\u0161\u00edm spole\u010dn\u00edkem pro ka\u017edodenn\u00ed pou\u017eit\u00ed. V\u0161estrann\u00e1 \u010depel z nerezov\u00e9 oceli 440A a rukoje\u0165 umo\u017e\u0148uj\u00edc\u00ed n\u011bkolik mo\u017enost\u00ed \u00fachopu byly navr\u017eeny jako spolehliv\u00e1 konstrukce s pln\u00fdm tangem. St\u0159enky z\u00a0materi\u00e1lu G10 maj\u00ed protiskluznou strukturu ryb\u00ed k\u016f\u017ee a jsou lemov\u00e1ny jemn\u00fdmi, ale elegantn\u00edmi vrstvami \u010derven\u00fdch vl\u00e1ken. Kydexov\u00e9 pouzdro s\u00a0p\u0159\u00edslu\u0161n\u00fdm adapt\u00e9rem na opasek podporuje nekompromisn\u00ed funk\u010dnost tohoto no\u017ee.<\/p>\n","protected":false},"featured_media":360247,"comment_status":"closed","ping_status":"closed","template":"","meta":[],"pwb-brand":[140],"product_brand":[],"product_cat":[17,23],"product_tag":[],"class_list":{"0":"post-360246","1":"product","2":"type-product","3":"status-publish","4":"has-post-thumbnail","6":"pwb-brand-boker","7":"product_cat-noze","8":"product_cat-pevne-noze","10":"first","11":"outofstock","12":"taxable","13":"shipping-taxable","14":"purchasable","15":"product-type-simple"},"brands":[{"id":140,"name":"Boker","slug":"boker"}],"_links":{"self":[{"href":"https:\/\/www.moskito.cz\/fr\/wp-json\/wp\/v2\/product\/360246","targetHints":{"allow":["GET"]}}],"collection":[{"href":"https:\/\/www.moskito.cz\/fr\/wp-json\/wp\/v2\/product"}],"about":[{"href":"https:\/\/www.moskito.cz\/fr\/wp-json\/wp\/v2\/types\/product"}],"replies":[{"embeddable":true,"href":"https:\/\/www.moskito.cz\/fr\/wp-json\/wp\/v2\/comments?post=360246"}],"wp:featuredmedia":[{"embeddable":true,"href":"https:\/\/www.moskito.cz\/fr\/wp-json\/wp\/v2\/media\/360247"}],"wp:attachment":[{"href":"https:\/\/www.moskito.cz\/fr\/wp-json\/wp\/v2\/media?parent=360246"}],"wp:term":[{"taxonomy":"pwb-brand","embeddable":true,"href":"https:\/\/www.moskito.cz\/fr\/wp-json\/wp\/v2\/pwb-brand?post=360246"},{"taxonomy":"product_brand","embeddable":true,"href":"https:\/\/www.moskito.cz\/fr\/wp-json\/wp\/v2\/product_brand?post=360246"},{"taxonomy":"product_cat","embeddable":true,"href":"https:\/\/www.moskito.cz\/fr\/wp-json\/wp\/v2\/product_cat?post=360246"},{"taxonomy":"product_tag","embeddable":true,"href":"https:\/\/www.moskito.cz\/fr\/wp-json\/wp\/v2\/product_tag?post=360246"}],"curies":[{"name":"wp","href":"https:\/\/api.w.org\/{rel}","templated":true}]}}