{"id":360429,"date":"2024-09-26T12:59:40","date_gmt":"2024-09-26T11:59:40","guid":{"rendered":"https:\/\/www.moskito.cz\/produkt\/kapesni-nuz-kaizen-black\/"},"modified":"2026-01-13T15:49:23","modified_gmt":"2026-01-13T14:49:23","slug":"kapesni-nuz-kaizen-black","status":"publish","type":"product","link":"https:\/\/www.moskito.cz\/fr\/produkt\/kapesni-nuz-kaizen-black\/","title":{"rendered":"Zav\u00edrac\u00ed N\u016f\u017e B\u00f6ker Plus Kaizen All Black S35VN 01BO689"},"content":{"rendered":"<p>Zav\u00edrac\u00ed N\u016f\u017e <strong>B\u00f6ker Plu<\/strong>s Kaizen All Black S35VN 01BO689.<\/p>\n<p>Kapesn\u00ed n\u016f\u017e Kaizen Black p\u0159eb\u00edr\u00e1 hluboce zako\u0159en\u011bn\u00e9 p\u0159\u00edstupy filozofie D\u00e1ln\u00e9ho v\u00fdchodu a p\u0159en\u00e1\u0161\u00ed jejich z\u00e1kladn\u00ed my\u0161lenky z duchovn\u00ed do materi\u00e1ln\u00ed roviny. Japonsk\u00fd term\u00edn Kaizen se skl\u00e1d\u00e1 ze slabik Kai (zm\u011bna, p\u0159em\u011bna) a Zen (k lep\u0161\u00edmu) a popisuje neust\u00e1lou snahu o zlep\u0161ov\u00e1n\u00ed. Dokonalost se st\u00e1v\u00e1 do\u010dasn\u00fdm jevem a je pouze mezi\u010dl\u00e1nkem v neust\u00e1l\u00e9m procesu zm\u011bn. Je to elegantn\u00ed n\u016f\u017e pro gentlemany v duchu dne\u0161n\u00ed doby, kter\u00fd je p\u0159esv\u011bd\u010div\u00fd sv\u00fdmi chytr\u00fdmi detaily a propracovan\u00fdm \u0159e\u0161en\u00edm. Skromnost jako znak skute\u010dn\u00e9 velikosti dokonale zt\u011bles\u0148uje minimalistick\u00fd flipper, kter\u00fd opticky t\u00e9m\u011b\u0159 spl\u00fdv\u00e1 se \u0161t\u00edhl\u00fdm no\u017eem, a p\u0159esto je d\u00edky sv\u00e9mu vroubkov\u00e1n\u00ed vysoce funk\u010dn\u00ed. \u010cepel ze sat\u00e9nov\u011b le\u0161t\u011bn\u00e9ho materi\u00e1lu D2 si se stoick\u00fdm klidem raz\u00ed cestu ke ka\u017edodenn\u00edm \u0159ezn\u00fdm \u00fakol\u016fm a d\u00edky spolehliv\u00e9 pojistce linerlock si v\u017edy najde cestu zp\u011bt ke sv\u00e9mu j\u00e1dru. Ozdobn\u00fd \u0161roub v ose \u010depele je symbolem zm\u011bny spolu s netypick\u00fdm rovn\u00fdm otvorem na \u0161\u0148\u016frku na konci rukojeti. Texturovan\u00e1 rukoje\u0165 z protiskluzov\u00e9ho materi\u00e1lu G10 se pohodln\u011b dr\u017e\u00ed v ruce a je opat\u0159ena praktick\u00fdm hlubok\u00fdm klipem pro no\u0161en\u00ed. N\u016f\u017e je dod\u00e1v\u00e1n v kvalitn\u00edm nylonov\u00e9m pouzd\u0159e pro bezpe\u010dn\u00e9 skladov\u00e1n\u00ed.<\/p>\n<p>Zna\u010dka: Boker Plus<br \/>\nCelkov\u00e1 d\u00e9lka: 18,00 cm<br \/>\nD\u00e9lka \u010depele: 7,50 cm<br \/>\nTlou\u0161\u0165ka \u010depele: 1,90 mm<br \/>\nHmotnost: 44,00 g<br \/>\nMateri\u00e1l \u010depele: CPM-S-35VN<br \/>\nMateri\u00e1l rukojeti: G10<br \/>\nPom\u016fcka pro otev\u00edr\u00e1n\u00ed: Pinball<br \/>\nOtev\u00edrac\u00ed: Ru\u010dn\u011b<br \/>\nUzav\u0159en\u00ed: Z\u00e1mek vlo\u017eky<br \/>\n\u010c\u00edslo polo\u017eky: 01BO689<\/p>\n<p>&nbsp;<\/p>\n","protected":false},"excerpt":{"rendered":"<p><strong>Kapesn\u00ed n\u016f\u017e Kaizen Black p\u0159eb\u00edr\u00e1 hluboce zako\u0159en\u011bn\u00e9 p\u0159\u00edstupy filozofie D\u00e1ln\u00e9ho v\u00fdchodu a p\u0159en\u00e1\u0161\u00ed jejich z\u00e1kladn\u00ed my\u0161lenky z duchovn\u00ed do materi\u00e1ln\u00ed roviny.<\/strong><\/p>\n","protected":false},"featured_media":365343,"comment_status":"closed","ping_status":"closed","template":"","meta":[],"pwb-brand":[140],"product_brand":[],"product_cat":[22,17],"product_tag":[],"class_list":{"0":"post-360429","1":"product","2":"type-product","3":"status-publish","4":"has-post-thumbnail","6":"pwb-brand-boker","7":"product_cat-zaviraci-noze","8":"product_cat-noze","10":"first","11":"outofstock","12":"taxable","13":"shipping-taxable","14":"purchasable","15":"product-type-simple"},"brands":[{"id":140,"name":"Boker","slug":"boker"}],"_links":{"self":[{"href":"https:\/\/www.moskito.cz\/fr\/wp-json\/wp\/v2\/product\/360429","targetHints":{"allow":["GET"]}}],"collection":[{"href":"https:\/\/www.moskito.cz\/fr\/wp-json\/wp\/v2\/product"}],"about":[{"href":"https:\/\/www.moskito.cz\/fr\/wp-json\/wp\/v2\/types\/product"}],"replies":[{"embeddable":true,"href":"https:\/\/www.moskito.cz\/fr\/wp-json\/wp\/v2\/comments?post=360429"}],"wp:featuredmedia":[{"embeddable":true,"href":"https:\/\/www.moskito.cz\/fr\/wp-json\/wp\/v2\/media\/365343"}],"wp:attachment":[{"href":"https:\/\/www.moskito.cz\/fr\/wp-json\/wp\/v2\/media?parent=360429"}],"wp:term":[{"taxonomy":"pwb-brand","embeddable":true,"href":"https:\/\/www.moskito.cz\/fr\/wp-json\/wp\/v2\/pwb-brand?post=360429"},{"taxonomy":"product_brand","embeddable":true,"href":"https:\/\/www.moskito.cz\/fr\/wp-json\/wp\/v2\/product_brand?post=360429"},{"taxonomy":"product_cat","embeddable":true,"href":"https:\/\/www.moskito.cz\/fr\/wp-json\/wp\/v2\/product_cat?post=360429"},{"taxonomy":"product_tag","embeddable":true,"href":"https:\/\/www.moskito.cz\/fr\/wp-json\/wp\/v2\/product_tag?post=360429"}],"curies":[{"name":"wp","href":"https:\/\/api.w.org\/{rel}","templated":true}]}}