{"id":360475,"date":"2024-09-26T12:57:42","date_gmt":"2024-09-26T11:57:42","guid":{"rendered":"https:\/\/www.moskito.cz\/produkt\/kapesni-nuz-boker-plus-intention-ii-black\/"},"modified":"2025-05-07T11:24:39","modified_gmt":"2025-05-07T10:24:39","slug":"kapesni-nuz-boker-plus-intention-ii-black","status":"publish","type":"product","link":"https:\/\/www.moskito.cz\/fr\/produkt\/kapesni-nuz-boker-plus-intention-ii-black\/","title":{"rendered":"Kapesn\u00ed n\u016f\u017e B\u00f6ker Plus Intention II Black"},"content":{"rendered":"<ul>\n<li>celkov\u00e1 d\u00e9lka: 20 cm<\/li>\n<li>d\u00e9lka \u010depele: 8 cm<\/li>\n<li>hmotnost: 109 g<\/li>\n<li>tlou\u0161\u0165ka \u010depele: 2,8 mm<\/li>\n<li>materi\u00e1l \u010depele: D2<\/li>\n<li>materi\u00e1l rukojeti: G10<\/li>\n<li>typ pojistky: tla\u010d\u00edtko<\/li>\n<\/ul>\n","protected":false},"excerpt":{"rendered":"<p>Kapesn\u00ed n\u016f\u017e B\u00f6ker Plus Intention, navr\u017een\u00fd jako taktick\u00fd automatick\u00fd n\u016f\u017e, je p\u0159esv\u011bd\u010div\u00fd nejen v ter\u00e9nu, ale bez n\u00e1mahy zvl\u00e1dne i v\u0161echny \u0159ezn\u00e9 \u00fakoly, kter\u00e9 se objevuj\u00ed v ka\u017edodenn\u00edm \u017eivot\u011b. Stisknut\u00edm tla\u010d\u00edtka se vysune \u010depel z oceli D2, tahem pru\u017einy se pak zase automaticky sklop\u00ed. Pojistka z\u00e1mku zaji\u0161\u0165uje n\u016f\u017e proti n\u00e1hodn\u00e9mu uvoln\u011bn\u00ed. Ergonomicky tvarovan\u00e1 rukoje\u0165 je vyrobena z texturovan\u00e9ho materi\u00e1lu G10, vroubkov\u00e1n\u00ed v oblasti op\u011brky palce a v\u00fdrazn\u00e1 prohlube\u0148 na prsty zlep\u0161uj\u00ed \u00fachop. N\u016f\u017e je vybaven poutkem na \u0161\u0148\u016frku a klipem.<\/p>\n","protected":false},"featured_media":360476,"comment_status":"closed","ping_status":"closed","template":"","meta":[],"pwb-brand":[140],"product_brand":[],"product_cat":[17,22],"product_tag":[],"class_list":{"0":"post-360475","1":"product","2":"type-product","3":"status-publish","4":"has-post-thumbnail","6":"pwb-brand-boker","7":"product_cat-noze","8":"product_cat-zaviraci-noze","10":"first","11":"outofstock","12":"taxable","13":"shipping-taxable","14":"purchasable","15":"product-type-simple"},"brands":[{"id":140,"name":"Boker","slug":"boker"}],"_links":{"self":[{"href":"https:\/\/www.moskito.cz\/fr\/wp-json\/wp\/v2\/product\/360475","targetHints":{"allow":["GET"]}}],"collection":[{"href":"https:\/\/www.moskito.cz\/fr\/wp-json\/wp\/v2\/product"}],"about":[{"href":"https:\/\/www.moskito.cz\/fr\/wp-json\/wp\/v2\/types\/product"}],"replies":[{"embeddable":true,"href":"https:\/\/www.moskito.cz\/fr\/wp-json\/wp\/v2\/comments?post=360475"}],"wp:featuredmedia":[{"embeddable":true,"href":"https:\/\/www.moskito.cz\/fr\/wp-json\/wp\/v2\/media\/360476"}],"wp:attachment":[{"href":"https:\/\/www.moskito.cz\/fr\/wp-json\/wp\/v2\/media?parent=360475"}],"wp:term":[{"taxonomy":"pwb-brand","embeddable":true,"href":"https:\/\/www.moskito.cz\/fr\/wp-json\/wp\/v2\/pwb-brand?post=360475"},{"taxonomy":"product_brand","embeddable":true,"href":"https:\/\/www.moskito.cz\/fr\/wp-json\/wp\/v2\/product_brand?post=360475"},{"taxonomy":"product_cat","embeddable":true,"href":"https:\/\/www.moskito.cz\/fr\/wp-json\/wp\/v2\/product_cat?post=360475"},{"taxonomy":"product_tag","embeddable":true,"href":"https:\/\/www.moskito.cz\/fr\/wp-json\/wp\/v2\/product_tag?post=360475"}],"curies":[{"name":"wp","href":"https:\/\/api.w.org\/{rel}","templated":true}]}}